{"id":2,"date":"2018-08-24T11:38:28","date_gmt":"2018-08-24T09:38:28","guid":{"rendered":"http:\/\/stadtteilschule-eidelstedt.schulhomepages.hamburg.de\/?page_id=2"},"modified":"2019-05-08T15:52:09","modified_gmt":"2019-05-08T13:52:09","slug":"wir","status":"publish","type":"page","link":"https:\/\/stadtteilschule-eidelstedt.hamburg.de\/?page_id=2","title":{"rendered":"Wir"},"content":{"rendered":"<h2>Was uns wichtig ist<\/h2>\n<p>Unsere Schule m\u00f6chte Kinder und Jugendliche bestm\u00f6glich auf die&nbsp;Zukunft&nbsp;vorbereiten und gleichzeitig ein guter Ort zum Leben sein, denn das Leben findet&nbsp;<strong>jetzt<\/strong>&nbsp;statt.&nbsp;<\/p>\n<p><strong>VIELFALT<\/strong>&nbsp;verstehen wir als Reichtum.&nbsp;<strong>Vielf\u00e4ltig<\/strong>&nbsp;sind die Sch\u00fclerinnen und Sch\u00fcler der Stadtteilschule Eidelstedt, sie haben unterschiedliche St\u00e4rken, Schw\u00e4chen, Begabungen und&nbsp;Talente.&nbsp;<strong>Vielf\u00e4ltig<\/strong>&nbsp;ist aber auch unser kulturelles Leben: Musik, Tanz, Theater und Bildende Kunst bereichern unseren schulischen Alltag.<\/p>\n<p><strong>GEMEINSCHAFT<\/strong>&nbsp;ist uns wichtig. Alle P\u00e4dagoginnen und P\u00e4dagogen der Stadtteilschule Eidelstedt legen gro\u00dfen Wert darauf, die&nbsp;<strong>individuellen Voraussetzungen<\/strong>&nbsp;der Sch\u00fclerinnen und Sch\u00fcler zu ber\u00fccksichtigen, um sie zu dem f\u00fcr sie bestm\u00f6glichen Abschluss zu f\u00fchren. Gleichzeitig liegt uns ein&nbsp;<strong>hohes Ma\u00df an Gemeinsamkeit<\/strong>&nbsp;im Unterricht und dar\u00fcber hinaus am Herzen. Wir k\u00fcmmern uns um ein&nbsp;positives Schulklima und das soziale Engagement unserer Sch\u00fclerinnen und Sch\u00fcler.<\/p>\n<p><strong>NACHHALTIGKEIT<\/strong>&nbsp;auf vielen Ebenen ist unser Ziel. Deshalb achten wir bei alledem auf unsere Umwelt, unser Klima und nicht zuletzt auf unsere Gesundheit.<\/p>\n<p>Weitere Informationen in unserem <a href=\"https:\/\/stadtteilschule-eidelstedt.hamburg.de\/wp-content\/uploads\/sites\/726\/2018\/11\/1-Leitbild.pdf\"><strong>LEITBILD<\/strong><\/a><\/p>\n<p>&nbsp;<\/p>\n<div class=\"teasers\">\n\n\n<div class=\"su-posts su-posts-teaser-loop teasers\">\n\n\t\t\t\t\t\t\n\t\t\t\n\t\t\t<div id=\"su-post-41\" class=\"su-post \">\n\t\t\t\t\t\t\t\t\t<a class=\"su-post-thumbnail\" href=\"https:\/\/stadtteilschule-eidelstedt.hamburg.de\/?page_id=41\"><img loading=\"lazy\" decoding=\"async\" width=\"1800\" height=\"1280\" src=\"https:\/\/stadtteilschule-eidelstedt.hamburg.de\/wp-content\/uploads\/sites\/726\/2025\/06\/Schulleitungsteam_cropped.jpg\" class=\"attachment-post-thumbnail size-post-thumbnail wp-post-image\" alt=\"\" srcset=\"https:\/\/stadtteilschule-eidelstedt.hamburg.de\/wp-content\/uploads\/sites\/726\/2025\/06\/Schulleitungsteam_cropped.jpg 1800w, https:\/\/stadtteilschule-eidelstedt.hamburg.de\/wp-content\/uploads\/sites\/726\/2025\/06\/Schulleitungsteam_cropped-300x213.jpg 300w, https:\/\/stadtteilschule-eidelstedt.hamburg.de\/wp-content\/uploads\/sites\/726\/2025\/06\/Schulleitungsteam_cropped-1024x728.jpg 1024w, https:\/\/stadtteilschule-eidelstedt.hamburg.de\/wp-content\/uploads\/sites\/726\/2025\/06\/Schulleitungsteam_cropped-768x546.jpg 768w, https:\/\/stadtteilschule-eidelstedt.hamburg.de\/wp-content\/uploads\/sites\/726\/2025\/06\/Schulleitungsteam_cropped-1536x1092.jpg 1536w\" sizes=\"auto, 100vw\" \/><\/a>\n\t\t\t\t\t\t\t\t<h2 class=\"su-post-title\"><a href=\"https:\/\/stadtteilschule-eidelstedt.hamburg.de\/?page_id=41\">Schulleitung<\/a><\/h2>\n\t\t\t<\/div>\n\n\t\t\t\t\t\n\t\t\t\n\t\t\t<div id=\"su-post-42\" class=\"su-post \">\n\t\t\t\t\t\t\t\t\t<a class=\"su-post-thumbnail\" href=\"https:\/\/stadtteilschule-eidelstedt.hamburg.de\/?page_id=42\"><img loading=\"lazy\" decoding=\"async\" width=\"1920\" height=\"1280\" src=\"https:\/\/stadtteilschule-eidelstedt.hamburg.de\/wp-content\/uploads\/sites\/726\/2023\/02\/2-Kollegium-web.jpg\" class=\"attachment-post-thumbnail size-post-thumbnail wp-post-image\" alt=\"\" srcset=\"https:\/\/stadtteilschule-eidelstedt.hamburg.de\/wp-content\/uploads\/sites\/726\/2023\/02\/2-Kollegium-web.jpg 1920w, https:\/\/stadtteilschule-eidelstedt.hamburg.de\/wp-content\/uploads\/sites\/726\/2023\/02\/2-Kollegium-web-300x200.jpg 300w, https:\/\/stadtteilschule-eidelstedt.hamburg.de\/wp-content\/uploads\/sites\/726\/2023\/02\/2-Kollegium-web-1024x683.jpg 1024w, https:\/\/stadtteilschule-eidelstedt.hamburg.de\/wp-content\/uploads\/sites\/726\/2023\/02\/2-Kollegium-web-768x512.jpg 768w, https:\/\/stadtteilschule-eidelstedt.hamburg.de\/wp-content\/uploads\/sites\/726\/2023\/02\/2-Kollegium-web-1536x1024.jpg 1536w\" sizes=\"auto, 100vw\" \/><\/a>\n\t\t\t\t\t\t\t\t<h2 class=\"su-post-title\"><a href=\"https:\/\/stadtteilschule-eidelstedt.hamburg.de\/?page_id=42\">Kollegium<\/a><\/h2>\n\t\t\t<\/div>\n\n\t\t\t\t\t\n\t\t\t\n\t\t\t<div id=\"su-post-243\" class=\"su-post \">\n\t\t\t\t\t\t\t\t\t<a class=\"su-post-thumbnail\" href=\"https:\/\/stadtteilschule-eidelstedt.hamburg.de\/?page_id=243\"><img loading=\"lazy\" decoding=\"async\" width=\"1280\" height=\"854\" src=\"https:\/\/stadtteilschule-eidelstedt.hamburg.de\/wp-content\/uploads\/sites\/726\/2018\/09\/Wir.jpeg\" class=\"attachment-post-thumbnail size-post-thumbnail wp-post-image\" alt=\"\" srcset=\"https:\/\/stadtteilschule-eidelstedt.hamburg.de\/wp-content\/uploads\/sites\/726\/2018\/09\/Wir.jpeg 1280w, https:\/\/stadtteilschule-eidelstedt.hamburg.de\/wp-content\/uploads\/sites\/726\/2018\/09\/Wir-300x200.jpeg 300w, https:\/\/stadtteilschule-eidelstedt.hamburg.de\/wp-content\/uploads\/sites\/726\/2018\/09\/Wir-768x512.jpeg 768w, https:\/\/stadtteilschule-eidelstedt.hamburg.de\/wp-content\/uploads\/sites\/726\/2018\/09\/Wir-1024x683.jpeg 1024w, https:\/\/stadtteilschule-eidelstedt.hamburg.de\/wp-content\/uploads\/sites\/726\/2018\/09\/Wir-272x182.jpeg 272w\" sizes=\"auto, 100vw\" \/><\/a>\n\t\t\t\t\t\t\t\t<h2 class=\"su-post-title\"><a href=\"https:\/\/stadtteilschule-eidelstedt.hamburg.de\/?page_id=243\">Schulverein<\/a><\/h2>\n\t\t\t<\/div>\n\n\t\t\t\t\t\n\t\t\t\n\t\t\t<div id=\"su-post-244\" class=\"su-post \">\n\t\t\t\t\t\t\t\t\t<a class=\"su-post-thumbnail\" href=\"https:\/\/stadtteilschule-eidelstedt.hamburg.de\/?page_id=244\"><img loading=\"lazy\" decoding=\"async\" width=\"1439\" height=\"1024\" src=\"https:\/\/stadtteilschule-eidelstedt.hamburg.de\/wp-content\/uploads\/sites\/726\/2023\/02\/elternrat-2022-1536x1024-Cropped.jpg\" class=\"attachment-post-thumbnail size-post-thumbnail wp-post-image\" alt=\"\" srcset=\"https:\/\/stadtteilschule-eidelstedt.hamburg.de\/wp-content\/uploads\/sites\/726\/2023\/02\/elternrat-2022-1536x1024-Cropped.jpg 1439w, https:\/\/stadtteilschule-eidelstedt.hamburg.de\/wp-content\/uploads\/sites\/726\/2023\/02\/elternrat-2022-1536x1024-Cropped-300x213.jpg 300w, https:\/\/stadtteilschule-eidelstedt.hamburg.de\/wp-content\/uploads\/sites\/726\/2023\/02\/elternrat-2022-1536x1024-Cropped-1024x729.jpg 1024w, https:\/\/stadtteilschule-eidelstedt.hamburg.de\/wp-content\/uploads\/sites\/726\/2023\/02\/elternrat-2022-1536x1024-Cropped-768x547.jpg 768w\" sizes=\"auto, 100vw\" \/><\/a>\n\t\t\t\t\t\t\t\t<h2 class=\"su-post-title\"><a href=\"https:\/\/stadtteilschule-eidelstedt.hamburg.de\/?page_id=244\">Elternrat<\/a><\/h2>\n\t\t\t<\/div>\n\n\t\t\t\t\t\n\t\t\t\n\t\t\t<div id=\"su-post-245\" class=\"su-post \">\n\t\t\t\t\t\t\t\t\t<a class=\"su-post-thumbnail\" href=\"https:\/\/stadtteilschule-eidelstedt.hamburg.de\/?page_id=245\"><img loading=\"lazy\" decoding=\"async\" width=\"1280\" height=\"960\" src=\"https:\/\/stadtteilschule-eidelstedt.hamburg.de\/wp-content\/uploads\/sites\/726\/2026\/04\/IMG_2159.jpg\" class=\"attachment-post-thumbnail size-post-thumbnail wp-post-image\" alt=\"\" srcset=\"https:\/\/stadtteilschule-eidelstedt.hamburg.de\/wp-content\/uploads\/sites\/726\/2026\/04\/IMG_2159.jpg 1280w, https:\/\/stadtteilschule-eidelstedt.hamburg.de\/wp-content\/uploads\/sites\/726\/2026\/04\/IMG_2159-300x225.jpg 300w, https:\/\/stadtteilschule-eidelstedt.hamburg.de\/wp-content\/uploads\/sites\/726\/2026\/04\/IMG_2159-1024x768.jpg 1024w, https:\/\/stadtteilschule-eidelstedt.hamburg.de\/wp-content\/uploads\/sites\/726\/2026\/04\/IMG_2159-768x576.jpg 768w\" sizes=\"auto, 100vw\" \/><\/a>\n\t\t\t\t\t\t\t\t<h2 class=\"su-post-title\"><a href=\"https:\/\/stadtteilschule-eidelstedt.hamburg.de\/?page_id=245\">Sch\u00fclerrat<\/a><\/h2>\n\t\t\t<\/div>\n\n\t\t\t\t\t\n\t\t\t\n\t\t\t<div id=\"su-post-44\" class=\"su-post \">\n\t\t\t\t\t\t\t\t<h2 class=\"su-post-title\"><a href=\"https:\/\/stadtteilschule-eidelstedt.hamburg.de\/?page_id=44\">Organigramm<\/a><\/h2>\n\t\t\t<\/div>\n\n\t\t\t\n<\/div>\n\n<div>\n<p>&nbsp;<\/p>\n<\/div>\n<\/div>\n","protected":false},"excerpt":{"rendered":"<p>Was uns wichtig ist Unsere Schule m\u00f6chte Kinder und Jugendliche bestm\u00f6glich auf die&nbsp;Zukunft&nbsp;vorbereiten und gleichzeitig ein guter Ort zum Leben sein, denn das Leben findet&nbsp;jetzt&nbsp;statt.&nbsp; VIELFALT&nbsp;verstehen wir als Reichtum.&nbsp;Vielf\u00e4ltig&nbsp;sind die Sch\u00fclerinnen und Sch\u00fcler der Stadtteilschule Eidelstedt, sie haben unterschiedliche St\u00e4rken, Schw\u00e4chen, Begabungen und&nbsp;Talente.&nbsp;Vielf\u00e4ltig&nbsp;ist aber auch unser kulturelles Leben: Musik, Tanz, Theater und Bildende Kunst bereichern &hellip; <\/p>\n<p class=\"link-more\"><a href=\"https:\/\/stadtteilschule-eidelstedt.hamburg.de\/?page_id=44\" class=\"more-link\"><span class=\"screen-reader-text\">\u201eOrganigramm\u201c <\/span>weiterlesen<\/a><\/p>\n","protected":false},"author":898,"featured_media":25,"parent":11,"menu_order":10,"comment_status":"closed","ping_status":"closed","template":"","meta":{"_acf_changed":false,"footnotes":""},"class_list":["post-2","page","type-page","status-publish","has-post-thumbnail","hentry"],"acf":[],"_links":{"self":[{"href":"https:\/\/stadtteilschule-eidelstedt.hamburg.de\/index.php?rest_route=\/wp\/v2\/pages\/2","targetHints":{"allow":["GET"]}}],"collection":[{"href":"https:\/\/stadtteilschule-eidelstedt.hamburg.de\/index.php?rest_route=\/wp\/v2\/pages"}],"about":[{"href":"https:\/\/stadtteilschule-eidelstedt.hamburg.de\/index.php?rest_route=\/wp\/v2\/types\/page"}],"author":[{"embeddable":true,"href":"https:\/\/stadtteilschule-eidelstedt.hamburg.de\/index.php?rest_route=\/wp\/v2\/users\/898"}],"replies":[{"embeddable":true,"href":"https:\/\/stadtteilschule-eidelstedt.hamburg.de\/index.php?rest_route=%2Fwp%2Fv2%2Fcomments&post=2"}],"version-history":[{"count":4,"href":"https:\/\/stadtteilschule-eidelstedt.hamburg.de\/index.php?rest_route=\/wp\/v2\/pages\/2\/revisions"}],"predecessor-version":[{"id":1291,"href":"https:\/\/stadtteilschule-eidelstedt.hamburg.de\/index.php?rest_route=\/wp\/v2\/pages\/2\/revisions\/1291"}],"up":[{"embeddable":true,"href":"https:\/\/stadtteilschule-eidelstedt.hamburg.de\/index.php?rest_route=\/wp\/v2\/pages\/11"}],"wp:featuredmedia":[{"embeddable":true,"href":"https:\/\/stadtteilschule-eidelstedt.hamburg.de\/index.php?rest_route=\/wp\/v2\/media\/25"}],"wp:attachment":[{"href":"https:\/\/stadtteilschule-eidelstedt.hamburg.de\/index.php?rest_route=%2Fwp%2Fv2%2Fmedia&parent=2"}],"curies":[{"name":"wp","href":"https:\/\/api.w.org\/{rel}","templated":true}]}}