{"id":244,"date":"2018-09-12T14:38:29","date_gmt":"2018-09-12T12:38:29","guid":{"rendered":"http:\/\/stadtteilschule-eidelstedt.schulhomepages.hamburg.de\/?page_id=244"},"modified":"2025-02-20T09:22:45","modified_gmt":"2025-02-20T08:22:45","slug":"elternrat","status":"publish","type":"page","link":"https:\/\/stadtteilschule-eidelstedt.hamburg.de\/?page_id=244","title":{"rendered":"Elternrat"},"content":{"rendered":"<p>Der Elternrat ist eines von vielen wichtigen Gremien an einer Schule und arbeitet mit der Schulleitung, den Lehrkr\u00e4ften und dem Sch\u00fclerrat an der Verwirklichung des Bildungs- und Erziehungsauftrages der Schule zusammen.&nbsp;<\/p>\n<p>Unsere Stadtteilschule hat einen sehr engagierten Elternrat, der an den laufenden Entscheidungsfindungen, Probleml\u00f6sungen und Schulentwicklungen mitwirkt.&nbsp;<\/p>\n<p>Einmal im Jahr findet ein Tag der offenen T\u00fcr in der Schule statt. Die Mitglieder des Elternrates treten auch hier an die \u00d6ffentlichkeit und stellen sich vor. Hier k\u00f6nnen sich Lehrkr\u00e4fte und Eltern \u00fcber die T\u00e4tigkeiten&nbsp; im Elternrat informieren, und k\u00f6nnen zu aktuellen Themen und Diskussionen innerhalb der Schule Ausk\u00fcnfte bekommen.&nbsp;<\/p>\n<p><strong>Der Elternrat bietet sehr gern bei allgemeinen Fragen Unterst\u00fctzung an, steht aber auch bei individuellen Anliegen als Ansprechpartner oder Vermittler zur Verf\u00fcgung.<\/strong><\/p>\n<p><strong>Wir freuen uns nat\u00fcrlich \u00fcber zus\u00e4tzliche Mitglieder, die uns in unserer Arbeit unterst\u00fctzen.&nbsp;Die Elternratssitzungen sind \u00f6ffentlich &#8211; alle interessierten Eltern sind eingeladen, daran teilzunehmen! Die jeweils n\u00e4chste Sitzung ist auf der Terminleiste der Homepage vermerkt.<\/strong><\/p>\n<div id='gallery-1' class='gallery galleryid-244 gallery-columns-2 gallery-size-large'><figure class='gallery-item'>\n\t\t\t<div class='gallery-icon landscape'>\n\t\t\t\t<a href='https:\/\/stadtteilschule-eidelstedt.hamburg.de\/wp-content\/uploads\/sites\/726\/2025\/02\/IMG_1103.jpeg' title=\"\" data-rl_title=\"\" class=\"rl-gallery-link\" data-rl_caption=\"\" data-rel=\"lightbox-gallery-1\"><img loading=\"lazy\" decoding=\"async\" width=\"525\" height=\"293\" src=\"https:\/\/stadtteilschule-eidelstedt.hamburg.de\/wp-content\/uploads\/sites\/726\/2025\/02\/IMG_1103-1024x571.jpeg\" class=\"attachment-large size-large\" alt=\"\" srcset=\"https:\/\/stadtteilschule-eidelstedt.hamburg.de\/wp-content\/uploads\/sites\/726\/2025\/02\/IMG_1103-1024x571.jpeg 1024w, https:\/\/stadtteilschule-eidelstedt.hamburg.de\/wp-content\/uploads\/sites\/726\/2025\/02\/IMG_1103-300x167.jpeg 300w, https:\/\/stadtteilschule-eidelstedt.hamburg.de\/wp-content\/uploads\/sites\/726\/2025\/02\/IMG_1103-768x429.jpeg 768w, https:\/\/stadtteilschule-eidelstedt.hamburg.de\/wp-content\/uploads\/sites\/726\/2025\/02\/IMG_1103-1536x857.jpeg 1536w, https:\/\/stadtteilschule-eidelstedt.hamburg.de\/wp-content\/uploads\/sites\/726\/2025\/02\/IMG_1103.jpeg 1907w\" sizes=\"auto, 100vw\" \/><\/a>\n\t\t\t<\/div><\/figure><figure class='gallery-item'>\n\t\t\t<div class='gallery-icon landscape'>\n\t\t\t\t<a href='https:\/\/stadtteilschule-eidelstedt.hamburg.de\/wp-content\/uploads\/sites\/726\/2025\/02\/IMG_1104.jpeg' title=\"\" data-rl_title=\"\" class=\"rl-gallery-link\" data-rl_caption=\"\" data-rel=\"lightbox-gallery-1\"><img loading=\"lazy\" decoding=\"async\" width=\"525\" height=\"294\" src=\"https:\/\/stadtteilschule-eidelstedt.hamburg.de\/wp-content\/uploads\/sites\/726\/2025\/02\/IMG_1104-1024x574.jpeg\" class=\"attachment-large size-large\" alt=\"\" srcset=\"https:\/\/stadtteilschule-eidelstedt.hamburg.de\/wp-content\/uploads\/sites\/726\/2025\/02\/IMG_1104-1024x574.jpeg 1024w, https:\/\/stadtteilschule-eidelstedt.hamburg.de\/wp-content\/uploads\/sites\/726\/2025\/02\/IMG_1104-300x168.jpeg 300w, https:\/\/stadtteilschule-eidelstedt.hamburg.de\/wp-content\/uploads\/sites\/726\/2025\/02\/IMG_1104-768x430.jpeg 768w, https:\/\/stadtteilschule-eidelstedt.hamburg.de\/wp-content\/uploads\/sites\/726\/2025\/02\/IMG_1104-1536x861.jpeg 1536w, https:\/\/stadtteilschule-eidelstedt.hamburg.de\/wp-content\/uploads\/sites\/726\/2025\/02\/IMG_1104.jpeg 1911w\" sizes=\"auto, 100vw\" \/><\/a>\n\t\t\t<\/div><\/figure><figure class='gallery-item'>\n\t\t\t<div class='gallery-icon landscape'>\n\t\t\t\t<a href='https:\/\/stadtteilschule-eidelstedt.hamburg.de\/wp-content\/uploads\/sites\/726\/2025\/02\/IMG_1105.jpeg' title=\"\" data-rl_title=\"\" class=\"rl-gallery-link\" data-rl_caption=\"\" data-rel=\"lightbox-gallery-1\"><img loading=\"lazy\" decoding=\"async\" width=\"525\" height=\"294\" src=\"https:\/\/stadtteilschule-eidelstedt.hamburg.de\/wp-content\/uploads\/sites\/726\/2025\/02\/IMG_1105-1024x574.jpeg\" class=\"attachment-large size-large\" alt=\"\" srcset=\"https:\/\/stadtteilschule-eidelstedt.hamburg.de\/wp-content\/uploads\/sites\/726\/2025\/02\/IMG_1105-1024x574.jpeg 1024w, https:\/\/stadtteilschule-eidelstedt.hamburg.de\/wp-content\/uploads\/sites\/726\/2025\/02\/IMG_1105-300x168.jpeg 300w, https:\/\/stadtteilschule-eidelstedt.hamburg.de\/wp-content\/uploads\/sites\/726\/2025\/02\/IMG_1105-768x430.jpeg 768w, https:\/\/stadtteilschule-eidelstedt.hamburg.de\/wp-content\/uploads\/sites\/726\/2025\/02\/IMG_1105-1536x861.jpeg 1536w, https:\/\/stadtteilschule-eidelstedt.hamburg.de\/wp-content\/uploads\/sites\/726\/2025\/02\/IMG_1105.jpeg 1906w\" sizes=\"auto, 100vw\" \/><\/a>\n\t\t\t<\/div><\/figure><figure class='gallery-item'>\n\t\t\t<div class='gallery-icon landscape'>\n\t\t\t\t<a href='https:\/\/stadtteilschule-eidelstedt.hamburg.de\/wp-content\/uploads\/sites\/726\/2025\/02\/IMG_1106.jpeg' title=\"\" data-rl_title=\"\" class=\"rl-gallery-link\" data-rl_caption=\"\" data-rel=\"lightbox-gallery-1\"><img loading=\"lazy\" decoding=\"async\" width=\"525\" height=\"296\" src=\"https:\/\/stadtteilschule-eidelstedt.hamburg.de\/wp-content\/uploads\/sites\/726\/2025\/02\/IMG_1106-1024x577.jpeg\" class=\"attachment-large size-large\" alt=\"\" srcset=\"https:\/\/stadtteilschule-eidelstedt.hamburg.de\/wp-content\/uploads\/sites\/726\/2025\/02\/IMG_1106-1024x577.jpeg 1024w, https:\/\/stadtteilschule-eidelstedt.hamburg.de\/wp-content\/uploads\/sites\/726\/2025\/02\/IMG_1106-300x169.jpeg 300w, https:\/\/stadtteilschule-eidelstedt.hamburg.de\/wp-content\/uploads\/sites\/726\/2025\/02\/IMG_1106-768x433.jpeg 768w, https:\/\/stadtteilschule-eidelstedt.hamburg.de\/wp-content\/uploads\/sites\/726\/2025\/02\/IMG_1106-1536x865.jpeg 1536w, https:\/\/stadtteilschule-eidelstedt.hamburg.de\/wp-content\/uploads\/sites\/726\/2025\/02\/IMG_1106.jpeg 1898w\" sizes=\"auto, 100vw\" \/><\/a>\n\t\t\t<\/div><\/figure><figure class='gallery-item'>\n\t\t\t<div class='gallery-icon landscape'>\n\t\t\t\t<a href='https:\/\/stadtteilschule-eidelstedt.hamburg.de\/wp-content\/uploads\/sites\/726\/2025\/02\/IMG_1107.jpeg' title=\"\" data-rl_title=\"\" class=\"rl-gallery-link\" data-rl_caption=\"\" data-rel=\"lightbox-gallery-1\"><img loading=\"lazy\" decoding=\"async\" width=\"525\" height=\"296\" src=\"https:\/\/stadtteilschule-eidelstedt.hamburg.de\/wp-content\/uploads\/sites\/726\/2025\/02\/IMG_1107-1024x577.jpeg\" class=\"attachment-large size-large\" alt=\"\" srcset=\"https:\/\/stadtteilschule-eidelstedt.hamburg.de\/wp-content\/uploads\/sites\/726\/2025\/02\/IMG_1107-1024x577.jpeg 1024w, https:\/\/stadtteilschule-eidelstedt.hamburg.de\/wp-content\/uploads\/sites\/726\/2025\/02\/IMG_1107-300x169.jpeg 300w, https:\/\/stadtteilschule-eidelstedt.hamburg.de\/wp-content\/uploads\/sites\/726\/2025\/02\/IMG_1107-768x433.jpeg 768w, https:\/\/stadtteilschule-eidelstedt.hamburg.de\/wp-content\/uploads\/sites\/726\/2025\/02\/IMG_1107-1536x866.jpeg 1536w, https:\/\/stadtteilschule-eidelstedt.hamburg.de\/wp-content\/uploads\/sites\/726\/2025\/02\/IMG_1107.jpeg 1901w\" sizes=\"auto, 100vw\" \/><\/a>\n\t\t\t<\/div><\/figure><figure class='gallery-item'>\n\t\t\t<div class='gallery-icon landscape'>\n\t\t\t\t<a href='https:\/\/stadtteilschule-eidelstedt.hamburg.de\/wp-content\/uploads\/sites\/726\/2025\/02\/IMG_1108.jpeg' title=\"\" data-rl_title=\"\" class=\"rl-gallery-link\" data-rl_caption=\"\" data-rel=\"lightbox-gallery-1\"><img loading=\"lazy\" decoding=\"async\" width=\"525\" height=\"296\" src=\"https:\/\/stadtteilschule-eidelstedt.hamburg.de\/wp-content\/uploads\/sites\/726\/2025\/02\/IMG_1108-1024x578.jpeg\" class=\"attachment-large size-large\" alt=\"\" srcset=\"https:\/\/stadtteilschule-eidelstedt.hamburg.de\/wp-content\/uploads\/sites\/726\/2025\/02\/IMG_1108-1024x578.jpeg 1024w, https:\/\/stadtteilschule-eidelstedt.hamburg.de\/wp-content\/uploads\/sites\/726\/2025\/02\/IMG_1108-300x169.jpeg 300w, https:\/\/stadtteilschule-eidelstedt.hamburg.de\/wp-content\/uploads\/sites\/726\/2025\/02\/IMG_1108-768x433.jpeg 768w, https:\/\/stadtteilschule-eidelstedt.hamburg.de\/wp-content\/uploads\/sites\/726\/2025\/02\/IMG_1108-1536x867.jpeg 1536w, https:\/\/stadtteilschule-eidelstedt.hamburg.de\/wp-content\/uploads\/sites\/726\/2025\/02\/IMG_1108.jpeg 1901w\" sizes=\"auto, 100vw\" \/><\/a>\n\t\t\t<\/div><\/figure><figure class='gallery-item'>\n\t\t\t<div class='gallery-icon landscape'>\n\t\t\t\t<a href='https:\/\/stadtteilschule-eidelstedt.hamburg.de\/wp-content\/uploads\/sites\/726\/2025\/02\/IMG_1109.jpeg' title=\"\" data-rl_title=\"\" class=\"rl-gallery-link\" data-rl_caption=\"\" data-rel=\"lightbox-gallery-1\"><img loading=\"lazy\" decoding=\"async\" width=\"525\" height=\"295\" src=\"https:\/\/stadtteilschule-eidelstedt.hamburg.de\/wp-content\/uploads\/sites\/726\/2025\/02\/IMG_1109-1024x575.jpeg\" class=\"attachment-large size-large\" alt=\"\" srcset=\"https:\/\/stadtteilschule-eidelstedt.hamburg.de\/wp-content\/uploads\/sites\/726\/2025\/02\/IMG_1109-1024x575.jpeg 1024w, https:\/\/stadtteilschule-eidelstedt.hamburg.de\/wp-content\/uploads\/sites\/726\/2025\/02\/IMG_1109-300x168.jpeg 300w, https:\/\/stadtteilschule-eidelstedt.hamburg.de\/wp-content\/uploads\/sites\/726\/2025\/02\/IMG_1109-768x431.jpeg 768w, https:\/\/stadtteilschule-eidelstedt.hamburg.de\/wp-content\/uploads\/sites\/726\/2025\/02\/IMG_1109-1536x862.jpeg 1536w, https:\/\/stadtteilschule-eidelstedt.hamburg.de\/wp-content\/uploads\/sites\/726\/2025\/02\/IMG_1109.jpeg 1902w\" sizes=\"auto, 100vw\" \/><\/a>\n\t\t\t<\/div><\/figure><figure class='gallery-item'>\n\t\t\t<div class='gallery-icon landscape'>\n\t\t\t\t<a href='https:\/\/stadtteilschule-eidelstedt.hamburg.de\/wp-content\/uploads\/sites\/726\/2025\/02\/IMG_1110.jpeg' title=\"\" data-rl_title=\"\" class=\"rl-gallery-link\" data-rl_caption=\"\" data-rel=\"lightbox-gallery-1\"><img loading=\"lazy\" decoding=\"async\" width=\"525\" height=\"296\" src=\"https:\/\/stadtteilschule-eidelstedt.hamburg.de\/wp-content\/uploads\/sites\/726\/2025\/02\/IMG_1110-1024x578.jpeg\" class=\"attachment-large size-large\" alt=\"\" srcset=\"https:\/\/stadtteilschule-eidelstedt.hamburg.de\/wp-content\/uploads\/sites\/726\/2025\/02\/IMG_1110-1024x578.jpeg 1024w, https:\/\/stadtteilschule-eidelstedt.hamburg.de\/wp-content\/uploads\/sites\/726\/2025\/02\/IMG_1110-300x169.jpeg 300w, https:\/\/stadtteilschule-eidelstedt.hamburg.de\/wp-content\/uploads\/sites\/726\/2025\/02\/IMG_1110-768x433.jpeg 768w, https:\/\/stadtteilschule-eidelstedt.hamburg.de\/wp-content\/uploads\/sites\/726\/2025\/02\/IMG_1110-1536x867.jpeg 1536w, https:\/\/stadtteilschule-eidelstedt.hamburg.de\/wp-content\/uploads\/sites\/726\/2025\/02\/IMG_1110.jpeg 1905w\" sizes=\"auto, 100vw\" \/><\/a>\n\t\t\t<\/div><\/figure><figure class='gallery-item'>\n\t\t\t<div class='gallery-icon landscape'>\n\t\t\t\t<a href='https:\/\/stadtteilschule-eidelstedt.hamburg.de\/wp-content\/uploads\/sites\/726\/2025\/02\/IMG_1111.jpeg' title=\"\" data-rl_title=\"\" class=\"rl-gallery-link\" data-rl_caption=\"\" data-rel=\"lightbox-gallery-1\"><img loading=\"lazy\" decoding=\"async\" width=\"525\" height=\"296\" src=\"https:\/\/stadtteilschule-eidelstedt.hamburg.de\/wp-content\/uploads\/sites\/726\/2025\/02\/IMG_1111-1024x578.jpeg\" class=\"attachment-large size-large\" alt=\"\" srcset=\"https:\/\/stadtteilschule-eidelstedt.hamburg.de\/wp-content\/uploads\/sites\/726\/2025\/02\/IMG_1111-1024x578.jpeg 1024w, https:\/\/stadtteilschule-eidelstedt.hamburg.de\/wp-content\/uploads\/sites\/726\/2025\/02\/IMG_1111-300x169.jpeg 300w, https:\/\/stadtteilschule-eidelstedt.hamburg.de\/wp-content\/uploads\/sites\/726\/2025\/02\/IMG_1111-768x433.jpeg 768w, https:\/\/stadtteilschule-eidelstedt.hamburg.de\/wp-content\/uploads\/sites\/726\/2025\/02\/IMG_1111-1536x867.jpeg 1536w, https:\/\/stadtteilschule-eidelstedt.hamburg.de\/wp-content\/uploads\/sites\/726\/2025\/02\/IMG_1111.jpeg 1905w\" sizes=\"auto, 100vw\" \/><\/a>\n\t\t\t<\/div><\/figure><figure class='gallery-item'>\n\t\t\t<div class='gallery-icon landscape'>\n\t\t\t\t<a href='https:\/\/stadtteilschule-eidelstedt.hamburg.de\/wp-content\/uploads\/sites\/726\/2025\/02\/IMG_1112.jpeg' title=\"\" data-rl_title=\"\" class=\"rl-gallery-link\" data-rl_caption=\"\" data-rel=\"lightbox-gallery-1\"><img loading=\"lazy\" decoding=\"async\" width=\"525\" height=\"296\" src=\"https:\/\/stadtteilschule-eidelstedt.hamburg.de\/wp-content\/uploads\/sites\/726\/2025\/02\/IMG_1112-1024x578.jpeg\" class=\"attachment-large size-large\" alt=\"\" srcset=\"https:\/\/stadtteilschule-eidelstedt.hamburg.de\/wp-content\/uploads\/sites\/726\/2025\/02\/IMG_1112-1024x578.jpeg 1024w, https:\/\/stadtteilschule-eidelstedt.hamburg.de\/wp-content\/uploads\/sites\/726\/2025\/02\/IMG_1112-300x169.jpeg 300w, https:\/\/stadtteilschule-eidelstedt.hamburg.de\/wp-content\/uploads\/sites\/726\/2025\/02\/IMG_1112-768x433.jpeg 768w, https:\/\/stadtteilschule-eidelstedt.hamburg.de\/wp-content\/uploads\/sites\/726\/2025\/02\/IMG_1112-1536x867.jpeg 1536w, https:\/\/stadtteilschule-eidelstedt.hamburg.de\/wp-content\/uploads\/sites\/726\/2025\/02\/IMG_1112.jpeg 1905w\" sizes=\"auto, 100vw\" \/><\/a>\n\t\t\t<\/div><\/figure>\n\t\t<\/div>\n\n<p>&nbsp;<\/p>\n<p style=\"text-align: center\">&nbsp;<\/p>\n<p style=\"text-align: center\"><strong>Kontakt:<\/strong><\/p>\n<p style=\"text-align: center\"><strong>Sascha Kuhn <\/strong>(Elternvorsitzender)<br \/>\n<strong>E-Mail-Adresse: <a href=\"mailto:elternrat@stsei.de\">elternrat@stsei.de<\/a><\/strong><\/p>\n<p><a href=\"https:\/\/stadtteilschule-eidelstedt.hamburg.de\/wp-content\/uploads\/sites\/726\/2022\/10\/elternrat-2022-scaled.jpg\" data-rel=\"lightbox\" data-rl_title=\"\" data-rl_caption=\"\" title=\"\"><img loading=\"lazy\" decoding=\"async\" class=\"aligncenter wp-image-5720 size-large\" src=\"https:\/\/stadtteilschule-eidelstedt.hamburg.de\/wp-content\/uploads\/sites\/726\/2022\/10\/elternrat-2022-1024x683.jpg\" alt=\"\" width=\"525\" height=\"350\" srcset=\"https:\/\/stadtteilschule-eidelstedt.hamburg.de\/wp-content\/uploads\/sites\/726\/2022\/10\/elternrat-2022-1024x683.jpg 1024w, https:\/\/stadtteilschule-eidelstedt.hamburg.de\/wp-content\/uploads\/sites\/726\/2022\/10\/elternrat-2022-300x200.jpg 300w, https:\/\/stadtteilschule-eidelstedt.hamburg.de\/wp-content\/uploads\/sites\/726\/2022\/10\/elternrat-2022-768x512.jpg 768w, https:\/\/stadtteilschule-eidelstedt.hamburg.de\/wp-content\/uploads\/sites\/726\/2022\/10\/elternrat-2022-1536x1024.jpg 1536w, https:\/\/stadtteilschule-eidelstedt.hamburg.de\/wp-content\/uploads\/sites\/726\/2022\/10\/elternrat-2022-2048x1365.jpg 2048w\" sizes=\"auto, (max-width: 525px) 100vw, 525px\" \/><\/a><\/p>\n","protected":false},"excerpt":{"rendered":"<p>Der Elternrat ist eines von vielen wichtigen Gremien an einer Schule und arbeitet mit der Schulleitung, den Lehrkr\u00e4ften und dem Sch\u00fclerrat an der Verwirklichung des Bildungs- und Erziehungsauftrages der Schule zusammen.&nbsp; Unsere Stadtteilschule hat einen sehr engagierten Elternrat, der an den laufenden Entscheidungsfindungen, Probleml\u00f6sungen und Schulentwicklungen mitwirkt.&nbsp; Einmal im Jahr findet ein Tag der offenen &hellip; <\/p>\n<p class=\"link-more\"><a href=\"https:\/\/stadtteilschule-eidelstedt.hamburg.de\/?page_id=244\" class=\"more-link\"><span class=\"screen-reader-text\">\u201eElternrat\u201c <\/span>weiterlesen<\/a><\/p>\n","protected":false},"author":898,"featured_media":6139,"parent":2,"menu_order":60,"comment_status":"closed","ping_status":"closed","template":"","meta":{"_acf_changed":false,"footnotes":""},"class_list":["post-244","page","type-page","status-publish","has-post-thumbnail","hentry"],"acf":[],"_links":{"self":[{"href":"https:\/\/stadtteilschule-eidelstedt.hamburg.de\/index.php?rest_route=\/wp\/v2\/pages\/244","targetHints":{"allow":["GET"]}}],"collection":[{"href":"https:\/\/stadtteilschule-eidelstedt.hamburg.de\/index.php?rest_route=\/wp\/v2\/pages"}],"about":[{"href":"https:\/\/stadtteilschule-eidelstedt.hamburg.de\/index.php?rest_route=\/wp\/v2\/types\/page"}],"author":[{"embeddable":true,"href":"https:\/\/stadtteilschule-eidelstedt.hamburg.de\/index.php?rest_route=\/wp\/v2\/users\/898"}],"replies":[{"embeddable":true,"href":"https:\/\/stadtteilschule-eidelstedt.hamburg.de\/index.php?rest_route=%2Fwp%2Fv2%2Fcomments&post=244"}],"version-history":[{"count":15,"href":"https:\/\/stadtteilschule-eidelstedt.hamburg.de\/index.php?rest_route=\/wp\/v2\/pages\/244\/revisions"}],"predecessor-version":[{"id":8119,"href":"https:\/\/stadtteilschule-eidelstedt.hamburg.de\/index.php?rest_route=\/wp\/v2\/pages\/244\/revisions\/8119"}],"up":[{"embeddable":true,"href":"https:\/\/stadtteilschule-eidelstedt.hamburg.de\/index.php?rest_route=\/wp\/v2\/pages\/2"}],"wp:featuredmedia":[{"embeddable":true,"href":"https:\/\/stadtteilschule-eidelstedt.hamburg.de\/index.php?rest_route=\/wp\/v2\/media\/6139"}],"wp:attachment":[{"href":"https:\/\/stadtteilschule-eidelstedt.hamburg.de\/index.php?rest_route=%2Fwp%2Fv2%2Fmedia&parent=244"}],"curies":[{"name":"wp","href":"https:\/\/api.w.org\/{rel}","templated":true}]}}