{"id":257,"date":"2018-09-19T10:13:54","date_gmt":"2018-09-19T08:13:54","guid":{"rendered":"http:\/\/stadtteilschule-eidelstedt.schulhomepages.hamburg.de\/?page_id=257"},"modified":"2024-01-12T21:21:41","modified_gmt":"2024-01-12T20:21:41","slug":"jahrgang-8-10","status":"publish","type":"page","link":"https:\/\/stadtteilschule-eidelstedt.hamburg.de\/?page_id=257","title":{"rendered":"Jahrgang 8-10"},"content":{"rendered":"<p>Die Abteilung 8-10 umfasst ca. 450 Sch\u00fclerinnen und Sch\u00fcler. Sie befindet sich gemeinsam mit der Oberstufe am Hauptstandort in der Lohkampstra\u00dfe.&nbsp;<\/p>\n<p>Klassengemeinschaften und Tutoriate bleiben von Jg. 5 bis 10 zu erhalten, um eine kontinuierliche Entwicklung und Betreuung zu gew\u00e4hrleisten. Die neuen 8. Klassen wechseln &nbsp;also jeweils geschlossen vom Niekampsweg in die Lohkampstra\u00dfe und nehmen hier ihren gewohnten Unterricht auf.<\/p>\n<p>Neu hinzu kommt f\u00fcr alle Sch\u00fclerinnen und Sch\u00fcler in Jg. 8 das Fach \u201eArbeit und Beruf\u201c, das sie zwei Stunden in der Woche bis zum Ende der 10. Klasse erhalten. In diesem Fach wird intensiv an der Anschlussorientierung jedes Sch\u00fclers und jeder Sch\u00fclerin gearbeitet. Praktische Erfahrungen werden in unseren eigenen Werkst\u00e4tten, an au\u00dferschulischen Werkstatttagen sowie in zwei dreiw\u00f6chigen Betriebspraktika gesammelt. Unterst\u00fctzt werden die Jugendlichen bei ihrer Orientierung sowohl von ihren Klassenlehrerinnen und Klassenlehrern als auch von Fach- und Berufsschullehrern.<\/p>\n<p>Es ist uns wichtig, viel Zeit und Unterst\u00fctzung in die Vorbereitung individuell passender Anschlussperspektiven an die Schulzeit zu geben. Die Klassen w\u00e4hlen daher, ihren Neigungen und Interessen entsprechend, in den Jahrg\u00e4ngen 8 und 9 wie schon in Klasse 7 f\u00fcr einen Tag in der Woche vierst\u00fcndige&nbsp;Projekte.&nbsp;<\/p>\n<p>Im 10. Schuljahr konzentrieren sich dann alle auf ihre jeweiligen Anschl\u00fcsse und k\u00f6nnen entsprechende&nbsp;Module&nbsp;w\u00e4hlen, die auf das Arbeiten in der gymnasialen Oberstufe vorbereiten, naturwissenschaftliche Kenntnisse vertiefen, betriebliche Erfahrungen erm\u00f6glichen,&nbsp; Berufswahlentscheidungen vorbereiten, u.v.m.<\/p>\n<p>&nbsp;<\/p>\n<div id='gallery-1' class='gallery galleryid-257 gallery-columns-4 gallery-size-thumbnail'><figure class='gallery-item'>\n\t\t\t<div class='gallery-icon landscape'>\n\t\t\t\t<a href='https:\/\/stadtteilschule-eidelstedt.hamburg.de\/wp-content\/uploads\/sites\/726\/2018\/11\/IMGL3036_reduziert.jpg' title=\"\" data-rl_title=\"\" class=\"rl-gallery-link\" data-rl_caption=\"\" data-rel=\"lightbox-gallery-1\"><img loading=\"lazy\" decoding=\"async\" width=\"150\" height=\"150\" src=\"https:\/\/stadtteilschule-eidelstedt.hamburg.de\/wp-content\/uploads\/sites\/726\/2018\/11\/IMGL3036_reduziert-150x150.jpg\" class=\"attachment-thumbnail size-thumbnail\" alt=\"\" srcset=\"https:\/\/stadtteilschule-eidelstedt.hamburg.de\/wp-content\/uploads\/sites\/726\/2018\/11\/IMGL3036_reduziert-150x150.jpg 150w, https:\/\/stadtteilschule-eidelstedt.hamburg.de\/wp-content\/uploads\/sites\/726\/2018\/11\/IMGL3036_reduziert-100x100.jpg 100w\" sizes=\"auto, 100vw\" \/><\/a>\n\t\t\t<\/div><\/figure><figure class='gallery-item'>\n\t\t\t<div class='gallery-icon landscape'>\n\t\t\t\t<a href='https:\/\/stadtteilschule-eidelstedt.hamburg.de\/wp-content\/uploads\/sites\/726\/2018\/11\/IMGL3232_reduziert.jpg' title=\"\" data-rl_title=\"\" class=\"rl-gallery-link\" data-rl_caption=\"\" data-rel=\"lightbox-gallery-1\"><img loading=\"lazy\" decoding=\"async\" width=\"150\" height=\"150\" src=\"https:\/\/stadtteilschule-eidelstedt.hamburg.de\/wp-content\/uploads\/sites\/726\/2018\/11\/IMGL3232_reduziert-150x150.jpg\" class=\"attachment-thumbnail size-thumbnail\" alt=\"\" srcset=\"https:\/\/stadtteilschule-eidelstedt.hamburg.de\/wp-content\/uploads\/sites\/726\/2018\/11\/IMGL3232_reduziert-150x150.jpg 150w, https:\/\/stadtteilschule-eidelstedt.hamburg.de\/wp-content\/uploads\/sites\/726\/2018\/11\/IMGL3232_reduziert-100x100.jpg 100w\" sizes=\"auto, 100vw\" \/><\/a>\n\t\t\t<\/div><\/figure><figure class='gallery-item'>\n\t\t\t<div class='gallery-icon landscape'>\n\t\t\t\t<a href='https:\/\/stadtteilschule-eidelstedt.hamburg.de\/wp-content\/uploads\/sites\/726\/2018\/11\/IMGL3305_reduziert.jpg' title=\"\" data-rl_title=\"\" class=\"rl-gallery-link\" data-rl_caption=\"\" data-rel=\"lightbox-gallery-1\"><img loading=\"lazy\" decoding=\"async\" width=\"150\" height=\"150\" src=\"https:\/\/stadtteilschule-eidelstedt.hamburg.de\/wp-content\/uploads\/sites\/726\/2018\/11\/IMGL3305_reduziert-150x150.jpg\" class=\"attachment-thumbnail size-thumbnail\" alt=\"\" srcset=\"https:\/\/stadtteilschule-eidelstedt.hamburg.de\/wp-content\/uploads\/sites\/726\/2018\/11\/IMGL3305_reduziert-150x150.jpg 150w, https:\/\/stadtteilschule-eidelstedt.hamburg.de\/wp-content\/uploads\/sites\/726\/2018\/11\/IMGL3305_reduziert-100x100.jpg 100w\" sizes=\"auto, 100vw\" \/><\/a>\n\t\t\t<\/div><\/figure><figure class='gallery-item'>\n\t\t\t<div class='gallery-icon landscape'>\n\t\t\t\t<a href='https:\/\/stadtteilschule-eidelstedt.hamburg.de\/wp-content\/uploads\/sites\/726\/2018\/11\/IMGL3352_reduziert.jpg' title=\"\" data-rl_title=\"\" class=\"rl-gallery-link\" data-rl_caption=\"\" data-rel=\"lightbox-gallery-1\"><img loading=\"lazy\" decoding=\"async\" width=\"150\" height=\"150\" src=\"https:\/\/stadtteilschule-eidelstedt.hamburg.de\/wp-content\/uploads\/sites\/726\/2018\/11\/IMGL3352_reduziert-150x150.jpg\" class=\"attachment-thumbnail size-thumbnail\" alt=\"\" srcset=\"https:\/\/stadtteilschule-eidelstedt.hamburg.de\/wp-content\/uploads\/sites\/726\/2018\/11\/IMGL3352_reduziert-150x150.jpg 150w, https:\/\/stadtteilschule-eidelstedt.hamburg.de\/wp-content\/uploads\/sites\/726\/2018\/11\/IMGL3352_reduziert-100x100.jpg 100w\" sizes=\"auto, 100vw\" \/><\/a>\n\t\t\t<\/div><\/figure>\n\t\t<\/div>\n\n","protected":false},"excerpt":{"rendered":"<p>Die Abteilung 8-10 umfasst ca. 450 Sch\u00fclerinnen und Sch\u00fcler. Sie befindet sich gemeinsam mit der Oberstufe am Hauptstandort in der Lohkampstra\u00dfe.&nbsp; Klassengemeinschaften und Tutoriate bleiben von Jg. 5 bis 10 zu erhalten, um eine kontinuierliche Entwicklung und Betreuung zu gew\u00e4hrleisten. Die neuen 8. Klassen wechseln &nbsp;also jeweils geschlossen vom Niekampsweg in die Lohkampstra\u00dfe und nehmen &hellip; <\/p>\n<p class=\"link-more\"><a href=\"https:\/\/stadtteilschule-eidelstedt.hamburg.de\/?page_id=257\" class=\"more-link\"><span class=\"screen-reader-text\">\u201eJahrgang 8-10\u201c <\/span>weiterlesen<\/a><\/p>\n","protected":false},"author":898,"featured_media":707,"parent":6,"menu_order":20,"comment_status":"closed","ping_status":"closed","template":"","meta":{"_acf_changed":false,"footnotes":""},"class_list":["post-257","page","type-page","status-publish","has-post-thumbnail","hentry"],"acf":[],"_links":{"self":[{"href":"https:\/\/stadtteilschule-eidelstedt.hamburg.de\/index.php?rest_route=\/wp\/v2\/pages\/257","targetHints":{"allow":["GET"]}}],"collection":[{"href":"https:\/\/stadtteilschule-eidelstedt.hamburg.de\/index.php?rest_route=\/wp\/v2\/pages"}],"about":[{"href":"https:\/\/stadtteilschule-eidelstedt.hamburg.de\/index.php?rest_route=\/wp\/v2\/types\/page"}],"author":[{"embeddable":true,"href":"https:\/\/stadtteilschule-eidelstedt.hamburg.de\/index.php?rest_route=\/wp\/v2\/users\/898"}],"replies":[{"embeddable":true,"href":"https:\/\/stadtteilschule-eidelstedt.hamburg.de\/index.php?rest_route=%2Fwp%2Fv2%2Fcomments&post=257"}],"version-history":[{"count":4,"href":"https:\/\/stadtteilschule-eidelstedt.hamburg.de\/index.php?rest_route=\/wp\/v2\/pages\/257\/revisions"}],"predecessor-version":[{"id":6996,"href":"https:\/\/stadtteilschule-eidelstedt.hamburg.de\/index.php?rest_route=\/wp\/v2\/pages\/257\/revisions\/6996"}],"up":[{"embeddable":true,"href":"https:\/\/stadtteilschule-eidelstedt.hamburg.de\/index.php?rest_route=\/wp\/v2\/pages\/6"}],"wp:featuredmedia":[{"embeddable":true,"href":"https:\/\/stadtteilschule-eidelstedt.hamburg.de\/index.php?rest_route=\/wp\/v2\/media\/707"}],"wp:attachment":[{"href":"https:\/\/stadtteilschule-eidelstedt.hamburg.de\/index.php?rest_route=%2Fwp%2Fv2%2Fmedia&parent=257"}],"curies":[{"name":"wp","href":"https:\/\/api.w.org\/{rel}","templated":true}]}}