{"id":260,"date":"2018-09-19T10:15:38","date_gmt":"2018-09-19T08:15:38","guid":{"rendered":"http:\/\/stadtteilschule-eidelstedt.schulhomepages.hamburg.de\/?page_id=260"},"modified":"2018-11-02T09:24:41","modified_gmt":"2018-11-02T08:24:41","slug":"naturwissenschaften","status":"publish","type":"page","link":"https:\/\/stadtteilschule-eidelstedt.hamburg.de\/?page_id=260","title":{"rendered":"Mathematik und Naturwissenschaften"},"content":{"rendered":"<h2>Mathematik<\/h2>\n<p>Keine Angst vor Mathematik! \u2013 Das ist unsere Devise. Wir unterrichten in leistungsheterogenen Klassen und Kursen und verfolgen das Prinzip der inneren Differenzierung. Erst in Jahrgang 10 werden die Sch\u00fcler nach den angestrebten Abschl\u00fcssen in die entsprechenden Kurse eingeteilt. Die Sch\u00fcler, die in die Oberstufe m\u00f6chten, besuchen dann zus\u00e4tzlich zum normalen Unterricht ein Mathemodul, in dem sie gezielt auf die Oberstufe vorbereiten werden.&nbsp;<\/p>\n<p>In den heterogenen Lerngruppen 5 &#8211; 9 haben die Lernenden die M\u00f6glichkeit, im Klassenverband Aufgaben zu l\u00f6sen, die ihrem jeweiligen momentanen Leistungs- und Wissensstand entsprechen. Jeder Sch\u00fcler hat dadurch jederzeit die Chance, auch Aufgaben mit erh\u00f6htem Anforderungsniveau zu bearbeiten. Dar\u00fcber hinaus werden die Sch\u00fcler in den w\u00f6chentlich stattfindenden Teilungsstunden gezielt in Kleingruppen gef\u00f6rdert.&nbsp;<\/p>\n<p>Im Jahrgang 11 werden Themen aus der Mittelstufe wiederholt. Die Sch\u00fclerinnen und Sch\u00fcler werden in dieser sogenannten Vorstufe auf die Oberstufe und das Abitur umfassend vorbereitet. F\u00fcr die vier Semester der Oberstufe, also in den Jahrg\u00e4ngen 12 und 13, k\u00f6nnen die Sch\u00fclerinnen und Sch\u00fcler den Mathematikunterricht auf grundlegendem oder erh\u00f6htem Niveau weiterf\u00fchren. Ziel ist es, eine optimale Vorbereitung auf das schriftliche Zentralabitur zu gew\u00e4hrleisten. Bei Bedarf unterst\u00fctzen wir auch in den Jahrg\u00e4ngen 11 bis 13 die Sch\u00fclerinnen und Sch\u00fcler mithilfe von F\u00f6rderunterricht durch Fachlehrerinnen und \u2013lehrer, die speziell f\u00fcr die gymnasiale Oberstufe ausgebildet sind.<\/p>\n<h2>Naturwissenschaften<\/h2>\n<p>Wir leben in einer Welt, die durch technologischen Fortschritt und entsprechende Themen gepr\u00e4gt ist (z.B. Klimawandel, Energieressourcen, Gentechnik, Robotik). In unserer hochtechnisierten Welt ist ein grundlegendes Verst\u00e4ndnis in den Naturwissenschaften notwendig, um sich eine fundierte Meinung zu naturwissenschaftlichen Themen bilden zu k\u00f6nnen. Das dazu notwendige Grundlagenwissen wird in der Schule angelegt. Dar\u00fcber hinaus m\u00f6chten wir Sch\u00fcler dazu bef\u00e4higen, strukturiert und logisch zu denken, forschend zu arbeiten und naturwissenschaftliche Fragen und Diskussionen zu bewerten.<\/p>\n<p>Der fach\u00fcbergreifende NaWi Unterricht findet in den Klassen 5 und 6 statt. Ab Jahrgangsstufe 7 werden die naturwissenschaftlichen F\u00e4cher fachdifferenziert unterrichtet. Wir starten mit Biologie in Klasse 7 und mit Chemie und Physik ab Klasse 8. Ein zentraler Aspekt der Naturwissenschaften ist die experimentelle Arbeit. Durch Planung von Experimente lernen die Sch\u00fcler vorab ihre Arbeit sinnvoll zu organisieren. Der naturwissenschaftliche Unterricht steht auf drei S\u00e4ulen:<\/p>\n<ul>\n<li>Arbeitsphasen, die stark sch\u00fclerzentriert sind und in denen die Sch\u00fcler vieles selbstst\u00e4ndig erforschen<\/li>\n<li>Arbeitsphasen, in denen der Lehrer Fachwissen vermittelt und sichert.<\/li>\n<li>ein naturwissenschaftliches Projektangebot, um den besonders interessierten Sch\u00fclern mehr M\u00f6glichkeiten zu bieten, ihren Interessen nachzugehen.<\/li>\n<\/ul>\n<p>Trotz der F\u00e4chertrennung werden f\u00e4cher\u00fcbergreifende Aspekte ber\u00fccksichtigt.<\/p>\n<p>Es gibt naturwissenschaftliche Projekte und die M\u00f6glichkeit in der Forscher-AG eigenst\u00e4ndig zu forschen und Unterst\u00fctzung bei der Teilnahme an naturwissenschaftlichen Wettbewerben zu erhalten.<\/p>\n<p>Eine weitere Option stellen ab Jahrgang 9 die MINT \u2013 M\u00e4dchen dar, in der sich M\u00e4dchen treffen, die Interesse an den MINT F\u00e4chern (Mathematik, Informatik, Naturwissenschaften, Technik) haben und dieses in einer Vielzahl von Unternehmungen vertiefen wollen. Ein wesentliches Ziel der MINT M\u00e4dchen Gruppe ist, Berufsbilder von Frauen in den Naturwissenschaften zu erkunden.<\/p>\n<p>&nbsp;<\/p>\n<div id='gallery-1' class='gallery galleryid-260 gallery-columns-4 gallery-size-thumbnail'><figure class='gallery-item'>\n\t\t\t<div class='gallery-icon landscape'>\n\t\t\t\t<a href='https:\/\/stadtteilschule-eidelstedt.hamburg.de\/wp-content\/uploads\/sites\/726\/2018\/10\/DSC03052_reduziert.jpg' title=\"\" data-rl_title=\"\" class=\"rl-gallery-link\" data-rl_caption=\"\" data-rel=\"lightbox-gallery-1\"><img loading=\"lazy\" decoding=\"async\" width=\"150\" height=\"150\" src=\"https:\/\/stadtteilschule-eidelstedt.hamburg.de\/wp-content\/uploads\/sites\/726\/2018\/10\/DSC03052_reduziert-150x150.jpg\" class=\"attachment-thumbnail size-thumbnail\" alt=\"\" srcset=\"https:\/\/stadtteilschule-eidelstedt.hamburg.de\/wp-content\/uploads\/sites\/726\/2018\/10\/DSC03052_reduziert-150x150.jpg 150w, https:\/\/stadtteilschule-eidelstedt.hamburg.de\/wp-content\/uploads\/sites\/726\/2018\/10\/DSC03052_reduziert-100x100.jpg 100w\" sizes=\"auto, 100vw\" \/><\/a>\n\t\t\t<\/div><\/figure><figure class='gallery-item'>\n\t\t\t<div class='gallery-icon landscape'>\n\t\t\t\t<a href='https:\/\/stadtteilschule-eidelstedt.hamburg.de\/wp-content\/uploads\/sites\/726\/2018\/10\/DSC03059_reduziert.jpg' title=\"\" data-rl_title=\"\" class=\"rl-gallery-link\" data-rl_caption=\"\" data-rel=\"lightbox-gallery-1\"><img loading=\"lazy\" decoding=\"async\" width=\"150\" height=\"150\" src=\"https:\/\/stadtteilschule-eidelstedt.hamburg.de\/wp-content\/uploads\/sites\/726\/2018\/10\/DSC03059_reduziert-150x150.jpg\" class=\"attachment-thumbnail size-thumbnail\" alt=\"\" srcset=\"https:\/\/stadtteilschule-eidelstedt.hamburg.de\/wp-content\/uploads\/sites\/726\/2018\/10\/DSC03059_reduziert-150x150.jpg 150w, https:\/\/stadtteilschule-eidelstedt.hamburg.de\/wp-content\/uploads\/sites\/726\/2018\/10\/DSC03059_reduziert-100x100.jpg 100w\" sizes=\"auto, 100vw\" \/><\/a>\n\t\t\t<\/div><\/figure><figure class='gallery-item'>\n\t\t\t<div class='gallery-icon landscape'>\n\t\t\t\t<a href='https:\/\/stadtteilschule-eidelstedt.hamburg.de\/wp-content\/uploads\/sites\/726\/2018\/10\/IMG_3733.jpg' title=\"\" data-rl_title=\"\" class=\"rl-gallery-link\" data-rl_caption=\"\" data-rel=\"lightbox-gallery-1\"><img loading=\"lazy\" decoding=\"async\" width=\"150\" height=\"150\" src=\"https:\/\/stadtteilschule-eidelstedt.hamburg.de\/wp-content\/uploads\/sites\/726\/2018\/10\/IMG_3733-150x150.jpg\" class=\"attachment-thumbnail size-thumbnail\" alt=\"\" srcset=\"https:\/\/stadtteilschule-eidelstedt.hamburg.de\/wp-content\/uploads\/sites\/726\/2018\/10\/IMG_3733-150x150.jpg 150w, https:\/\/stadtteilschule-eidelstedt.hamburg.de\/wp-content\/uploads\/sites\/726\/2018\/10\/IMG_3733-100x100.jpg 100w\" sizes=\"auto, 100vw\" \/><\/a>\n\t\t\t<\/div><\/figure><figure class='gallery-item'>\n\t\t\t<div class='gallery-icon landscape'>\n\t\t\t\t<a href='https:\/\/stadtteilschule-eidelstedt.hamburg.de\/wp-content\/uploads\/sites\/726\/2018\/10\/IMG_3740.jpg' title=\"\" data-rl_title=\"\" class=\"rl-gallery-link\" data-rl_caption=\"\" data-rel=\"lightbox-gallery-1\"><img loading=\"lazy\" decoding=\"async\" width=\"150\" height=\"150\" src=\"https:\/\/stadtteilschule-eidelstedt.hamburg.de\/wp-content\/uploads\/sites\/726\/2018\/10\/IMG_3740-150x150.jpg\" class=\"attachment-thumbnail size-thumbnail\" alt=\"\" srcset=\"https:\/\/stadtteilschule-eidelstedt.hamburg.de\/wp-content\/uploads\/sites\/726\/2018\/10\/IMG_3740-150x150.jpg 150w, https:\/\/stadtteilschule-eidelstedt.hamburg.de\/wp-content\/uploads\/sites\/726\/2018\/10\/IMG_3740-100x100.jpg 100w\" sizes=\"auto, 100vw\" \/><\/a>\n\t\t\t<\/div><\/figure><figure class='gallery-item'>\n\t\t\t<div class='gallery-icon landscape'>\n\t\t\t\t<a href='https:\/\/stadtteilschule-eidelstedt.hamburg.de\/wp-content\/uploads\/sites\/726\/2018\/10\/MINTs-im-UNIVERSUM_reduziert.jpg' title=\"\" data-rl_title=\"\" class=\"rl-gallery-link\" data-rl_caption=\"\" data-rel=\"lightbox-gallery-1\"><img loading=\"lazy\" decoding=\"async\" width=\"150\" height=\"150\" src=\"https:\/\/stadtteilschule-eidelstedt.hamburg.de\/wp-content\/uploads\/sites\/726\/2018\/10\/MINTs-im-UNIVERSUM_reduziert-150x150.jpg\" class=\"attachment-thumbnail size-thumbnail\" alt=\"\" srcset=\"https:\/\/stadtteilschule-eidelstedt.hamburg.de\/wp-content\/uploads\/sites\/726\/2018\/10\/MINTs-im-UNIVERSUM_reduziert-150x150.jpg 150w, https:\/\/stadtteilschule-eidelstedt.hamburg.de\/wp-content\/uploads\/sites\/726\/2018\/10\/MINTs-im-UNIVERSUM_reduziert-100x100.jpg 100w\" sizes=\"auto, 100vw\" \/><\/a>\n\t\t\t<\/div><\/figure><figure class='gallery-item'>\n\t\t\t<div class='gallery-icon landscape'>\n\t\t\t\t<a href='https:\/\/stadtteilschule-eidelstedt.hamburg.de\/wp-content\/uploads\/sites\/726\/2018\/10\/P1080372_reduziert.jpg' title=\"\" data-rl_title=\"\" class=\"rl-gallery-link\" data-rl_caption=\"\" data-rel=\"lightbox-gallery-1\"><img loading=\"lazy\" decoding=\"async\" width=\"150\" height=\"150\" src=\"https:\/\/stadtteilschule-eidelstedt.hamburg.de\/wp-content\/uploads\/sites\/726\/2018\/10\/P1080372_reduziert-150x150.jpg\" class=\"attachment-thumbnail size-thumbnail\" alt=\"\" srcset=\"https:\/\/stadtteilschule-eidelstedt.hamburg.de\/wp-content\/uploads\/sites\/726\/2018\/10\/P1080372_reduziert-150x150.jpg 150w, https:\/\/stadtteilschule-eidelstedt.hamburg.de\/wp-content\/uploads\/sites\/726\/2018\/10\/P1080372_reduziert-100x100.jpg 100w\" sizes=\"auto, 100vw\" \/><\/a>\n\t\t\t<\/div><\/figure><figure class='gallery-item'>\n\t\t\t<div class='gallery-icon landscape'>\n\t\t\t\t<a href='https:\/\/stadtteilschule-eidelstedt.hamburg.de\/wp-content\/uploads\/sites\/726\/2018\/11\/IMGL5551_reduziert.jpg' title=\"\" data-rl_title=\"\" class=\"rl-gallery-link\" data-rl_caption=\"\" data-rel=\"lightbox-gallery-1\"><img loading=\"lazy\" decoding=\"async\" width=\"150\" height=\"150\" src=\"https:\/\/stadtteilschule-eidelstedt.hamburg.de\/wp-content\/uploads\/sites\/726\/2018\/11\/IMGL5551_reduziert-150x150.jpg\" class=\"attachment-thumbnail size-thumbnail\" alt=\"\" srcset=\"https:\/\/stadtteilschule-eidelstedt.hamburg.de\/wp-content\/uploads\/sites\/726\/2018\/11\/IMGL5551_reduziert-150x150.jpg 150w, https:\/\/stadtteilschule-eidelstedt.hamburg.de\/wp-content\/uploads\/sites\/726\/2018\/11\/IMGL5551_reduziert-100x100.jpg 100w\" sizes=\"auto, 100vw\" \/><\/a>\n\t\t\t<\/div><\/figure><figure class='gallery-item'>\n\t\t\t<div class='gallery-icon landscape'>\n\t\t\t\t<a href='https:\/\/stadtteilschule-eidelstedt.hamburg.de\/wp-content\/uploads\/sites\/726\/2018\/11\/IMGL5596_reduziert.jpg' title=\"\" data-rl_title=\"\" class=\"rl-gallery-link\" data-rl_caption=\"\" data-rel=\"lightbox-gallery-1\"><img loading=\"lazy\" decoding=\"async\" width=\"150\" height=\"150\" src=\"https:\/\/stadtteilschule-eidelstedt.hamburg.de\/wp-content\/uploads\/sites\/726\/2018\/11\/IMGL5596_reduziert-150x150.jpg\" class=\"attachment-thumbnail size-thumbnail\" alt=\"\" srcset=\"https:\/\/stadtteilschule-eidelstedt.hamburg.de\/wp-content\/uploads\/sites\/726\/2018\/11\/IMGL5596_reduziert-150x150.jpg 150w, https:\/\/stadtteilschule-eidelstedt.hamburg.de\/wp-content\/uploads\/sites\/726\/2018\/11\/IMGL5596_reduziert-100x100.jpg 100w\" sizes=\"auto, 100vw\" \/><\/a>\n\t\t\t<\/div><\/figure><figure class='gallery-item'>\n\t\t\t<div class='gallery-icon landscape'>\n\t\t\t\t<a href='https:\/\/stadtteilschule-eidelstedt.hamburg.de\/wp-content\/uploads\/sites\/726\/2018\/11\/IMGL5603_reduziert.jpg' title=\"\" data-rl_title=\"\" class=\"rl-gallery-link\" data-rl_caption=\"\" data-rel=\"lightbox-gallery-1\"><img loading=\"lazy\" decoding=\"async\" width=\"150\" height=\"150\" src=\"https:\/\/stadtteilschule-eidelstedt.hamburg.de\/wp-content\/uploads\/sites\/726\/2018\/11\/IMGL5603_reduziert-150x150.jpg\" class=\"attachment-thumbnail size-thumbnail\" alt=\"\" srcset=\"https:\/\/stadtteilschule-eidelstedt.hamburg.de\/wp-content\/uploads\/sites\/726\/2018\/11\/IMGL5603_reduziert-150x150.jpg 150w, https:\/\/stadtteilschule-eidelstedt.hamburg.de\/wp-content\/uploads\/sites\/726\/2018\/11\/IMGL5603_reduziert-100x100.jpg 100w\" sizes=\"auto, 100vw\" \/><\/a>\n\t\t\t<\/div><\/figure><figure class='gallery-item'>\n\t\t\t<div class='gallery-icon landscape'>\n\t\t\t\t<a href='https:\/\/stadtteilschule-eidelstedt.hamburg.de\/wp-content\/uploads\/sites\/726\/2018\/11\/IMGL5614_reduziert.jpg' title=\"\" data-rl_title=\"\" class=\"rl-gallery-link\" data-rl_caption=\"\" data-rel=\"lightbox-gallery-1\"><img loading=\"lazy\" decoding=\"async\" width=\"150\" height=\"150\" src=\"https:\/\/stadtteilschule-eidelstedt.hamburg.de\/wp-content\/uploads\/sites\/726\/2018\/11\/IMGL5614_reduziert-150x150.jpg\" class=\"attachment-thumbnail size-thumbnail\" alt=\"\" srcset=\"https:\/\/stadtteilschule-eidelstedt.hamburg.de\/wp-content\/uploads\/sites\/726\/2018\/11\/IMGL5614_reduziert-150x150.jpg 150w, https:\/\/stadtteilschule-eidelstedt.hamburg.de\/wp-content\/uploads\/sites\/726\/2018\/11\/IMGL5614_reduziert-100x100.jpg 100w\" sizes=\"auto, 100vw\" \/><\/a>\n\t\t\t<\/div><\/figure>\n\t\t<\/div>\n\n","protected":false},"excerpt":{"rendered":"<p>Mathematik Keine Angst vor Mathematik! \u2013 Das ist unsere Devise. Wir unterrichten in leistungsheterogenen Klassen und Kursen und verfolgen das Prinzip der inneren Differenzierung. Erst in Jahrgang 10 werden die Sch\u00fcler nach den angestrebten Abschl\u00fcssen in die entsprechenden Kurse eingeteilt. Die Sch\u00fcler, die in die Oberstufe m\u00f6chten, besuchen dann zus\u00e4tzlich zum normalen Unterricht ein Mathemodul, &hellip; <\/p>\n<p class=\"link-more\"><a href=\"https:\/\/stadtteilschule-eidelstedt.hamburg.de\/?page_id=260\" class=\"more-link\"><span class=\"screen-reader-text\">\u201eMathematik und Naturwissenschaften\u201c <\/span>weiterlesen<\/a><\/p>\n","protected":false},"author":898,"featured_media":725,"parent":49,"menu_order":20,"comment_status":"closed","ping_status":"closed","template":"","meta":{"_acf_changed":false,"footnotes":""},"class_list":["post-260","page","type-page","status-publish","has-post-thumbnail","hentry"],"acf":[],"_links":{"self":[{"href":"https:\/\/stadtteilschule-eidelstedt.hamburg.de\/index.php?rest_route=\/wp\/v2\/pages\/260","targetHints":{"allow":["GET"]}}],"collection":[{"href":"https:\/\/stadtteilschule-eidelstedt.hamburg.de\/index.php?rest_route=\/wp\/v2\/pages"}],"about":[{"href":"https:\/\/stadtteilschule-eidelstedt.hamburg.de\/index.php?rest_route=\/wp\/v2\/types\/page"}],"author":[{"embeddable":true,"href":"https:\/\/stadtteilschule-eidelstedt.hamburg.de\/index.php?rest_route=\/wp\/v2\/users\/898"}],"replies":[{"embeddable":true,"href":"https:\/\/stadtteilschule-eidelstedt.hamburg.de\/index.php?rest_route=%2Fwp%2Fv2%2Fcomments&post=260"}],"version-history":[{"count":1,"href":"https:\/\/stadtteilschule-eidelstedt.hamburg.de\/index.php?rest_route=\/wp\/v2\/pages\/260\/revisions"}],"predecessor-version":[{"id":544,"href":"https:\/\/stadtteilschule-eidelstedt.hamburg.de\/index.php?rest_route=\/wp\/v2\/pages\/260\/revisions\/544"}],"up":[{"embeddable":true,"href":"https:\/\/stadtteilschule-eidelstedt.hamburg.de\/index.php?rest_route=\/wp\/v2\/pages\/49"}],"wp:featuredmedia":[{"embeddable":true,"href":"https:\/\/stadtteilschule-eidelstedt.hamburg.de\/index.php?rest_route=\/wp\/v2\/media\/725"}],"wp:attachment":[{"href":"https:\/\/stadtteilschule-eidelstedt.hamburg.de\/index.php?rest_route=%2Fwp%2Fv2%2Fmedia&parent=260"}],"curies":[{"name":"wp","href":"https:\/\/api.w.org\/{rel}","templated":true}]}}