{"id":264,"date":"2018-09-19T10:18:55","date_gmt":"2018-09-19T08:18:55","guid":{"rendered":"http:\/\/stadtteilschule-eidelstedt.schulhomepages.hamburg.de\/?page_id=264"},"modified":"2024-01-12T21:28:34","modified_gmt":"2024-01-12T20:28:34","slug":"projekte-und-module","status":"publish","type":"page","link":"https:\/\/stadtteilschule-eidelstedt.hamburg.de\/?page_id=264","title":{"rendered":"Projekte und Module"},"content":{"rendered":"<h2>Projekte in den Jahrg\u00e4ngen 7, 8 und 9<\/h2>\n<p>Projektunterricht bildet einen festen Bestandteil an unserer Schule. Projekte sollen neugierig machen und Interessen wecken. Wir Lehrer w\u00fcnschen uns, dass Sch\u00fclerinnen und Sch\u00fcler mit Hilfe des Projektunterrichts gezielt ihre St\u00e4rken zeigen k\u00f6nnen. Vielleicht ergibt sich f\u00fcr manch einen nach dem einj\u00e4hrigen Projektunterricht schon ein Berufswunsch, der dann sp\u00e4ter in den Praktika konkret ausprobiert werden kann.<\/p>\n<p>Die Projekttage umfassen vier Unterrichtsstunden und k\u00f6nnen von den einzelnen Projektgruppen frei gestaltet werden. Es gibt keine festen Pausen, und der Unterricht au\u00dferhalb des Klassenzimmers ist unbedingt gewollt. Oft werden Exkursionen in Museen, Werkst\u00e4tten oder Naturr\u00e4ume unternommen. An diesen Orten wird Unterricht direkt erlebbar.<\/p>\n<p>Folgenden Projekte werden beispielsweise angeboten:<\/p>\n<ul>\n<li>Hamburg &#8211; das ist meine Stadt<\/li>\n<li>M\u00f6belwerkstatt<\/li>\n<li>&#8222;Motion Dancers&#8220; &#8211; Tanzen<\/li>\n<li>K\u00fcche, Holz, Fahrradwerkstatt<\/li>\n<li>Streitschlichterausbildung<\/li>\n<li><span style=\"font-size: 1rem\">Klima, Nachhaltigkeit, Umwelt<\/span><\/li>\n<li>Sportassistenten<\/li>\n<\/ul>\n<p>Ein H\u00f6hepunkt des Schuljahres sind die Pr\u00e4sentationen der Projektergebnisse, die &nbsp;zum festen Bestandteil unseres bunten Schullebens geh\u00f6ren.<\/p>\n<h2>Module in Jahrgang 10<\/h2>\n<p><strong>Kein Abschluss ohne Anschluss<\/strong><\/p>\n<p>So lautet das Motto an der Stadtteilschule Eidelstedt. Seit dem Schuljahr 2016\/17 w\u00e4hlen alle Sch\u00fclerinnen und Sch\u00fcler am Ende der 9. Klasse ein Modul, das ihnen hilft, am Ende der 10. Klasse eine klare Zielperspektive f\u00fcr ihren individuellen Anschluss zu haben.<\/p>\n<p>Wir bieten zwei unterschiedliche Modultypen an:<\/p>\n<p>Das Jobstarter-Modul richtet sich an Sch\u00fclerinnen und Sch\u00fcler, die den Weg in die betriebliche Ausbildung vorbereiten wollen und sich mit Fragestellungen auseinander setzen wie: Welcher Beruf passt zu mir? Wie komme ich an geeignete Ausbildungsadressen? Wie fertige ich eine professionelle Bewerbung an? Aber auch praktische Erfahrungen direkt in einem Betrieb k\u00f6nnen in einem Praktikum gesammelt werden, oder bei praktischen Facherprobungen der Innungen.<\/p>\n<p>Sch\u00fclerinnen und Sch\u00fcler, die voraussichtlich eine Versetzung in die gymnasiale Oberstufe erhalten werden, bereiten sich auf das Arbeiten im Oberstufen-Modul vor. Unter anderem bearbeiten und l\u00f6sen sie komplexe Aufgaben und lernen wissenschaftliche Texte zu verfassen. Ein Schwerpunkt wird hierbei auf die Naturwissenschaften gelegt.<\/p>\n<p>Das jeweilige Modul findet nur an einem Tag in der Woche statt. An den anderen vier Unterrichtstagen findet ganz normaler Unterricht nach Plan statt. Pr\u00fcfungsrelevante Inhalte werden nicht in den Modulen behandelt, sondern finden, wie bisher auch, im regul\u00e4ren Fachunterricht statt.<\/p>\n<p><a href=\"https:\/\/stadtteilschule-eidelstedt.hamburg.de\/wp-content\/uploads\/sites\/726\/2018\/11\/Flyer-Module.pdf\">Aktueller Flyer zu den Modulen (PDF)<\/a><\/p>\n<p>&nbsp;<\/p>\n<div id='gallery-1' class='gallery galleryid-264 gallery-columns-4 gallery-size-thumbnail'><figure class='gallery-item'>\n\t\t\t<div class='gallery-icon landscape'>\n\t\t\t\t<a href='https:\/\/stadtteilschule-eidelstedt.hamburg.de\/wp-content\/uploads\/sites\/726\/2018\/10\/Projekt-7-Masken-und-Kostueme_reduziert.jpg' title=\"\" data-rl_title=\"\" class=\"rl-gallery-link\" data-rl_caption=\"\" data-rel=\"lightbox-gallery-1\"><img loading=\"lazy\" decoding=\"async\" width=\"150\" height=\"150\" src=\"https:\/\/stadtteilschule-eidelstedt.hamburg.de\/wp-content\/uploads\/sites\/726\/2018\/10\/Projekt-7-Masken-und-Kostueme_reduziert-150x150.jpg\" class=\"attachment-thumbnail size-thumbnail\" alt=\"\" srcset=\"https:\/\/stadtteilschule-eidelstedt.hamburg.de\/wp-content\/uploads\/sites\/726\/2018\/10\/Projekt-7-Masken-und-Kostueme_reduziert-150x150.jpg 150w, https:\/\/stadtteilschule-eidelstedt.hamburg.de\/wp-content\/uploads\/sites\/726\/2018\/10\/Projekt-7-Masken-und-Kostueme_reduziert-100x100.jpg 100w\" sizes=\"auto, 100vw\" \/><\/a>\n\t\t\t<\/div><\/figure><figure class='gallery-item'>\n\t\t\t<div class='gallery-icon landscape'>\n\t\t\t\t<a href='https:\/\/stadtteilschule-eidelstedt.hamburg.de\/wp-content\/uploads\/sites\/726\/2018\/10\/IMG_3733-1.jpg' title=\"\" data-rl_title=\"\" class=\"rl-gallery-link\" data-rl_caption=\"\" data-rel=\"lightbox-gallery-1\"><img loading=\"lazy\" decoding=\"async\" width=\"150\" height=\"150\" src=\"https:\/\/stadtteilschule-eidelstedt.hamburg.de\/wp-content\/uploads\/sites\/726\/2018\/10\/IMG_3733-1-150x150.jpg\" class=\"attachment-thumbnail size-thumbnail\" alt=\"\" srcset=\"https:\/\/stadtteilschule-eidelstedt.hamburg.de\/wp-content\/uploads\/sites\/726\/2018\/10\/IMG_3733-1-150x150.jpg 150w, https:\/\/stadtteilschule-eidelstedt.hamburg.de\/wp-content\/uploads\/sites\/726\/2018\/10\/IMG_3733-1-100x100.jpg 100w\" sizes=\"auto, 100vw\" \/><\/a>\n\t\t\t<\/div><\/figure><figure class='gallery-item'>\n\t\t\t<div class='gallery-icon landscape'>\n\t\t\t\t<a href='https:\/\/stadtteilschule-eidelstedt.hamburg.de\/wp-content\/uploads\/sites\/726\/2018\/10\/IMG_3740-1.jpg' title=\"\" data-rl_title=\"\" class=\"rl-gallery-link\" data-rl_caption=\"\" data-rel=\"lightbox-gallery-1\"><img loading=\"lazy\" decoding=\"async\" width=\"150\" height=\"150\" src=\"https:\/\/stadtteilschule-eidelstedt.hamburg.de\/wp-content\/uploads\/sites\/726\/2018\/10\/IMG_3740-1-150x150.jpg\" class=\"attachment-thumbnail size-thumbnail\" alt=\"\" srcset=\"https:\/\/stadtteilschule-eidelstedt.hamburg.de\/wp-content\/uploads\/sites\/726\/2018\/10\/IMG_3740-1-150x150.jpg 150w, https:\/\/stadtteilschule-eidelstedt.hamburg.de\/wp-content\/uploads\/sites\/726\/2018\/10\/IMG_3740-1-100x100.jpg 100w\" sizes=\"auto, 100vw\" \/><\/a>\n\t\t\t<\/div><\/figure><figure class='gallery-item'>\n\t\t\t<div class='gallery-icon landscape'>\n\t\t\t\t<a href='https:\/\/stadtteilschule-eidelstedt.hamburg.de\/wp-content\/uploads\/sites\/726\/2018\/10\/Informatik_reduziert.jpg' title=\"\" data-rl_title=\"\" class=\"rl-gallery-link\" data-rl_caption=\"\" data-rel=\"lightbox-gallery-1\"><img loading=\"lazy\" decoding=\"async\" width=\"150\" height=\"150\" src=\"https:\/\/stadtteilschule-eidelstedt.hamburg.de\/wp-content\/uploads\/sites\/726\/2018\/10\/Informatik_reduziert-150x150.jpg\" class=\"attachment-thumbnail size-thumbnail\" alt=\"\" srcset=\"https:\/\/stadtteilschule-eidelstedt.hamburg.de\/wp-content\/uploads\/sites\/726\/2018\/10\/Informatik_reduziert-150x150.jpg 150w, https:\/\/stadtteilschule-eidelstedt.hamburg.de\/wp-content\/uploads\/sites\/726\/2018\/10\/Informatik_reduziert-100x100.jpg 100w\" sizes=\"auto, 100vw\" \/><\/a>\n\t\t\t<\/div><\/figure><figure class='gallery-item'>\n\t\t\t<div class='gallery-icon landscape'>\n\t\t\t\t<a href='https:\/\/stadtteilschule-eidelstedt.hamburg.de\/wp-content\/uploads\/sites\/726\/2018\/10\/Jg-7-im-Schulgarten.jpg' title=\"\" data-rl_title=\"\" class=\"rl-gallery-link\" data-rl_caption=\"\" data-rel=\"lightbox-gallery-1\"><img loading=\"lazy\" decoding=\"async\" width=\"150\" height=\"150\" src=\"https:\/\/stadtteilschule-eidelstedt.hamburg.de\/wp-content\/uploads\/sites\/726\/2018\/10\/Jg-7-im-Schulgarten-150x150.jpg\" class=\"attachment-thumbnail size-thumbnail\" alt=\"\" srcset=\"https:\/\/stadtteilschule-eidelstedt.hamburg.de\/wp-content\/uploads\/sites\/726\/2018\/10\/Jg-7-im-Schulgarten-150x150.jpg 150w, https:\/\/stadtteilschule-eidelstedt.hamburg.de\/wp-content\/uploads\/sites\/726\/2018\/10\/Jg-7-im-Schulgarten-100x100.jpg 100w\" sizes=\"auto, 100vw\" \/><\/a>\n\t\t\t<\/div><\/figure><figure class='gallery-item'>\n\t\t\t<div class='gallery-icon landscape'>\n\t\t\t\t<a href='https:\/\/stadtteilschule-eidelstedt.hamburg.de\/wp-content\/uploads\/sites\/726\/2018\/10\/Projekt-7-Informatik_reduziert.jpg' title=\"\" data-rl_title=\"\" class=\"rl-gallery-link\" data-rl_caption=\"\" data-rel=\"lightbox-gallery-1\"><img loading=\"lazy\" decoding=\"async\" width=\"150\" height=\"150\" src=\"https:\/\/stadtteilschule-eidelstedt.hamburg.de\/wp-content\/uploads\/sites\/726\/2018\/10\/Projekt-7-Informatik_reduziert-150x150.jpg\" class=\"attachment-thumbnail size-thumbnail\" alt=\"\" srcset=\"https:\/\/stadtteilschule-eidelstedt.hamburg.de\/wp-content\/uploads\/sites\/726\/2018\/10\/Projekt-7-Informatik_reduziert-150x150.jpg 150w, https:\/\/stadtteilschule-eidelstedt.hamburg.de\/wp-content\/uploads\/sites\/726\/2018\/10\/Projekt-7-Informatik_reduziert-100x100.jpg 100w\" sizes=\"auto, 100vw\" \/><\/a>\n\t\t\t<\/div><\/figure>\n\t\t<\/div>\n\n","protected":false},"excerpt":{"rendered":"<p>Projekte in den Jahrg\u00e4ngen 7, 8 und 9 Projektunterricht bildet einen festen Bestandteil an unserer Schule. Projekte sollen neugierig machen und Interessen wecken. Wir Lehrer w\u00fcnschen uns, dass Sch\u00fclerinnen und Sch\u00fcler mit Hilfe des Projektunterrichts gezielt ihre St\u00e4rken zeigen k\u00f6nnen. Vielleicht ergibt sich f\u00fcr manch einen nach dem einj\u00e4hrigen Projektunterricht schon ein Berufswunsch, der dann &hellip; <\/p>\n<p class=\"link-more\"><a href=\"https:\/\/stadtteilschule-eidelstedt.hamburg.de\/?page_id=264\" class=\"more-link\"><span class=\"screen-reader-text\">\u201eProjekte und Module\u201c <\/span>weiterlesen<\/a><\/p>\n","protected":false},"author":898,"featured_media":568,"parent":6,"menu_order":50,"comment_status":"closed","ping_status":"closed","template":"","meta":{"_acf_changed":false,"footnotes":""},"class_list":["post-264","page","type-page","status-publish","has-post-thumbnail","hentry"],"acf":[],"_links":{"self":[{"href":"https:\/\/stadtteilschule-eidelstedt.hamburg.de\/index.php?rest_route=\/wp\/v2\/pages\/264","targetHints":{"allow":["GET"]}}],"collection":[{"href":"https:\/\/stadtteilschule-eidelstedt.hamburg.de\/index.php?rest_route=\/wp\/v2\/pages"}],"about":[{"href":"https:\/\/stadtteilschule-eidelstedt.hamburg.de\/index.php?rest_route=\/wp\/v2\/types\/page"}],"author":[{"embeddable":true,"href":"https:\/\/stadtteilschule-eidelstedt.hamburg.de\/index.php?rest_route=\/wp\/v2\/users\/898"}],"replies":[{"embeddable":true,"href":"https:\/\/stadtteilschule-eidelstedt.hamburg.de\/index.php?rest_route=%2Fwp%2Fv2%2Fcomments&post=264"}],"version-history":[{"count":4,"href":"https:\/\/stadtteilschule-eidelstedt.hamburg.de\/index.php?rest_route=\/wp\/v2\/pages\/264\/revisions"}],"predecessor-version":[{"id":6999,"href":"https:\/\/stadtteilschule-eidelstedt.hamburg.de\/index.php?rest_route=\/wp\/v2\/pages\/264\/revisions\/6999"}],"up":[{"embeddable":true,"href":"https:\/\/stadtteilschule-eidelstedt.hamburg.de\/index.php?rest_route=\/wp\/v2\/pages\/6"}],"wp:featuredmedia":[{"embeddable":true,"href":"https:\/\/stadtteilschule-eidelstedt.hamburg.de\/index.php?rest_route=\/wp\/v2\/media\/568"}],"wp:attachment":[{"href":"https:\/\/stadtteilschule-eidelstedt.hamburg.de\/index.php?rest_route=%2Fwp%2Fv2%2Fmedia&parent=264"}],"curies":[{"name":"wp","href":"https:\/\/api.w.org\/{rel}","templated":true}]}}