{"id":265,"date":"2018-09-19T10:19:41","date_gmt":"2018-09-19T08:19:41","guid":{"rendered":"http:\/\/stadtteilschule-eidelstedt.schulhomepages.hamburg.de\/?page_id=265"},"modified":"2024-01-12T21:31:43","modified_gmt":"2024-01-12T20:31:43","slug":"berufsorientierung","status":"publish","type":"page","link":"https:\/\/stadtteilschule-eidelstedt.hamburg.de\/?page_id=265","title":{"rendered":"Berufsorientierung"},"content":{"rendered":"<p>An der Stadtteilschule Eidelstedt genie\u00dft die Berufs- und Studienorientierung (\u201eBOSO\u201c) eine besondere Bedeutung. Wir besuchen Berufsmessen und Praxiskurse, erkunden Betriebe, laden Azubis und Meister, Betriebe, Firmen und das FSJ zu uns ein. Wir schaffen uns ein Netzwerk und arbeiten mit Berufsberatern der Jugendberufsagentur, Berufseinstiegbegleitern, der Berufsschule BS24, dem Arbeitskreis Schule-Wirtschaft und dem Hamburger Institut f\u00fcr berufliche Bildung (hibb)zusammen. Unsere Vermittlungszahlen in Ausbildung sind \u00fcberdurchschnittlich hoch.<\/p>\n<p><strong>Jahrgang 8: Los geht\u2019s!<\/strong><\/p>\n<p>Im Fach \u201eArbeit und Beruf\u201c wird \u00fcber verschiedene Berufsbilder gesprochen, Werkstatttage und Potentialanalysen werden durchgef\u00fchrt und das Bewerbungsverfahren einge\u00fcbt und Praktikumspl\u00e4tze f\u00fcr Jahrgang 9 gesucht.<\/p>\n<p>Au\u00dferdem bekommen die Sch\u00fclerinnen und Sch\u00fcler Einblicke in die Welt der Berufe durch Besuche des Berufsinformationszentrums BIZ. Begleitend haben sie im Fach \u201eArbeitslehre\u201c praktischen Unterricht in den Bereichen Holz, Metall, Textil sowie Kochen und Ern\u00e4hrung um Berufe auch handelnd kennenzulernen.<\/p>\n<p><strong>Jahrgang 9: Endlich in den Betrieb!<\/strong><\/p>\n<p>In Jahrgang 9 gibt es zu Beginn und am Ende des Schuljahres jeweils ein dreiw\u00f6chiges Betriebspraktikum, welches im Anschluss intensiv ausgewertet wird.<\/p>\n<p><strong>Jahrgang 10: Planen des \u00dcbergangs<\/strong><\/p>\n<p>In Jahrgang 10 gibt es in jeder Woche einen Jobstarter- Modultag, an dem sich die Sch\u00fclerinnen und Sch\u00fcler intensiv mit der Suche nach einem Ausbildungsplatz im Anschluss an das 10. Schuljahr besch\u00e4ftigen. Im 10. Schuljahr unterst\u00fctzt uns die Jugendberufsagentur mit ihren Berufsberatern.<\/p>\n<p><strong>Berufsorientierung in der Oberstufe<\/strong><\/p>\n<p>Im zweiten Halbjahr der Vorstufe wird der \u201eBerufsnavigator\u201c durchgef\u00fchrt \u2013 eine Ma\u00dfnahme zum Erkunden der eigenen St\u00e4rken und Interessen.<\/p>\n<p>In Jg 12 finden im Rahmen einer Projektwoche berufliche Orientierungsma\u00dfnahmen statt: Ergebnisse aus der Potentialanalyse werden aufgegriffen und reflektiert, bevor es ein weiteres Berufspraktikum f\u00fcr alle gibt.<\/p>\n<p>Teilnahme an den Unitagen und an mind. einer berufsorientierenden Messe sind verpflichtend. Die Messe \u201eVocatium\u201c wird ab diesem Schuljahr vom gesamten Jg 12 besucht.<\/p>\n<p>Dokumentation und Reflexion der Erfahrungen erfolgt mithilfe eines verbindlich zu f\u00fchrenden Portfolios.<\/p>\n<p>F\u00fcr 2018-2022 wurde unsere Schule erneut vom Arbeitskreis Schule \u2013 Wirtschaft als&nbsp;\u201eSchule mit vorbildlicher Berufsorientierung\u201c ausgezeichnet.<\/p>\n<h2>Unsere \u201eZukunft-und-Beruf\u201c-Klasse<\/h2>\n<p>Diese Klasse ist ein tolles Angebot f\u00fcr Sch\u00fclerinnen und Sch\u00fcler, die sich schon fr\u00fchzeitig f\u00fcr Berufe und ihre eigene Zukunft interessieren, weil sie an zwei Tagen der Woche an einem au\u00dferschulischen Lernort, einem Betrieb, arbeiten und lernen und sich an drei Tagen der Woche auf ihren ESA-\/MSA-Abschluss vorbereiten. Der \u00dcbergang von der Schule in die betriebliche Ausbildung soll auf diese Weise angebahnt und organisiert werden.<\/p>\n<p>In jedem Schulhalbjahr soll \u00fcber einen Zeitraum von 10-12 Wochen ein 2-Tage-Praktikum durchgef\u00fchrt werden, so dass die Jugendlichen die M\u00f6glichkeit haben im Verlauf der 2 ZuB- Schuljahre mindestens 6 gute Ausbildungsbetriebe kennenzulernen.<\/p>\n<p>Die Jugendlichen entdecken ihre Talente und F\u00e4higkeiten, sie bekommen Ideen f\u00fcr einen begr\u00fcndeten Berufswunsch. Unsere Erfahrungen haben gezeigt, dass viele Jugendliche nun besser verstehen, warum ein gutes Zeugnis wichtig ist, sie werden zielstrebiger und ehrgeiziger.<\/p>\n<p>Jugendliche erhalten auf diesem Wege eine umfassende berufliche und betriebliche Berufsorientierung und somit hoffentlich eine konkrete Anschlussperspektive. Langj\u00e4hrige Erfahrungen (seit 1999\/2000) haben gezeigt, dass mehr als 50% unserer Sch\u00fclerinnen und Sch\u00fcler auf diesem Wege direkt in die duale Ausbildung gehen k\u00f6nnen und dort erfolgreich eine zwei- bis dreij\u00e4hrige Ausbildung durchlaufen. Andere k\u00f6nnen sich bewusster f\u00fcr eine weiterf\u00fchrende Schule entscheiden, weil sie ihre Kompetenzen kennengelernt haben und sich ihrer St\u00e4rken und Schw\u00e4chen bewusst geworden sind.<\/p>\n<p>Bisher hat fast jeder den ESA- Hauptschulabschluss geschafft. Manche auch den MSA- Realschulabschluss, einige sind sogar in die Oberstufe gewechselt.<\/p>\n<p><a href=\"https:\/\/stadtteilschule-eidelstedt.hamburg.de\/wp-content\/uploads\/sites\/726\/2018\/11\/2018_ZuB-Flyer_Original.pdf\">Flyer &#8222;Zukunft und Beruf&#8220; (PDF)<\/a><\/p>\n<p>&nbsp;<\/p>\n<div id='gallery-1' class='gallery galleryid-265 gallery-columns-4 gallery-size-thumbnail'><figure class='gallery-item'>\n\t\t\t<div class='gallery-icon landscape'>\n\t\t\t\t<a href='https:\/\/stadtteilschule-eidelstedt.hamburg.de\/wp-content\/uploads\/sites\/726\/2024\/01\/IMG_8458-scaled.jpg' title=\"\" data-rl_title=\"\" class=\"rl-gallery-link\" data-rl_caption=\"\" data-rel=\"lightbox-gallery-1\"><img loading=\"lazy\" decoding=\"async\" width=\"150\" height=\"150\" src=\"https:\/\/stadtteilschule-eidelstedt.hamburg.de\/wp-content\/uploads\/sites\/726\/2024\/01\/IMG_8458-150x150.jpg\" class=\"attachment-thumbnail size-thumbnail\" alt=\"\" srcset=\"https:\/\/stadtteilschule-eidelstedt.hamburg.de\/wp-content\/uploads\/sites\/726\/2024\/01\/IMG_8458-150x150.jpg 150w, https:\/\/stadtteilschule-eidelstedt.hamburg.de\/wp-content\/uploads\/sites\/726\/2024\/01\/IMG_8458-100x100.jpg 100w\" sizes=\"auto, 100vw\" \/><\/a>\n\t\t\t<\/div><\/figure><figure class='gallery-item'>\n\t\t\t<div class='gallery-icon landscape'>\n\t\t\t\t<a href='https:\/\/stadtteilschule-eidelstedt.hamburg.de\/wp-content\/uploads\/sites\/726\/2020\/01\/IMG_4498.jpeg' title=\"\" data-rl_title=\"\" class=\"rl-gallery-link\" data-rl_caption=\"\" data-rel=\"lightbox-gallery-1\"><img loading=\"lazy\" decoding=\"async\" width=\"150\" height=\"150\" src=\"https:\/\/stadtteilschule-eidelstedt.hamburg.de\/wp-content\/uploads\/sites\/726\/2020\/01\/IMG_4498-150x150.jpeg\" class=\"attachment-thumbnail size-thumbnail\" alt=\"\" srcset=\"https:\/\/stadtteilschule-eidelstedt.hamburg.de\/wp-content\/uploads\/sites\/726\/2020\/01\/IMG_4498-150x150.jpeg 150w, https:\/\/stadtteilschule-eidelstedt.hamburg.de\/wp-content\/uploads\/sites\/726\/2020\/01\/IMG_4498-100x100.jpeg 100w\" sizes=\"auto, 100vw\" \/><\/a>\n\t\t\t<\/div><\/figure><figure class='gallery-item'>\n\t\t\t<div class='gallery-icon portrait'>\n\t\t\t\t<a href='https:\/\/stadtteilschule-eidelstedt.hamburg.de\/wp-content\/uploads\/sites\/726\/2018\/10\/10a-Esra-reduziert.jpg' title=\"\" data-rl_title=\"\" class=\"rl-gallery-link\" data-rl_caption=\"\" data-rel=\"lightbox-gallery-1\"><img loading=\"lazy\" decoding=\"async\" width=\"150\" height=\"150\" src=\"https:\/\/stadtteilschule-eidelstedt.hamburg.de\/wp-content\/uploads\/sites\/726\/2018\/10\/10a-Esra-reduziert-150x150.jpg\" class=\"attachment-thumbnail size-thumbnail\" alt=\"\" srcset=\"https:\/\/stadtteilschule-eidelstedt.hamburg.de\/wp-content\/uploads\/sites\/726\/2018\/10\/10a-Esra-reduziert-150x150.jpg 150w, https:\/\/stadtteilschule-eidelstedt.hamburg.de\/wp-content\/uploads\/sites\/726\/2018\/10\/10a-Esra-reduziert-100x100.jpg 100w\" sizes=\"auto, 100vw\" \/><\/a>\n\t\t\t<\/div><\/figure><figure class='gallery-item'>\n\t\t\t<div class='gallery-icon landscape'>\n\t\t\t\t<a href='https:\/\/stadtteilschule-eidelstedt.hamburg.de\/wp-content\/uploads\/sites\/726\/2018\/10\/10a-Serdal_reduziert.jpg' title=\"\" data-rl_title=\"\" class=\"rl-gallery-link\" data-rl_caption=\"\" data-rel=\"lightbox-gallery-1\"><img loading=\"lazy\" decoding=\"async\" width=\"150\" height=\"150\" src=\"https:\/\/stadtteilschule-eidelstedt.hamburg.de\/wp-content\/uploads\/sites\/726\/2018\/10\/10a-Serdal_reduziert-150x150.jpg\" class=\"attachment-thumbnail size-thumbnail\" alt=\"\" srcset=\"https:\/\/stadtteilschule-eidelstedt.hamburg.de\/wp-content\/uploads\/sites\/726\/2018\/10\/10a-Serdal_reduziert-150x150.jpg 150w, https:\/\/stadtteilschule-eidelstedt.hamburg.de\/wp-content\/uploads\/sites\/726\/2018\/10\/10a-Serdal_reduziert-100x100.jpg 100w\" sizes=\"auto, 100vw\" \/><\/a>\n\t\t\t<\/div><\/figure><figure class='gallery-item'>\n\t\t\t<div class='gallery-icon landscape'>\n\t\t\t\t<a href='https:\/\/stadtteilschule-eidelstedt.hamburg.de\/wp-content\/uploads\/sites\/726\/2020\/01\/IMG_0192.jpg' title=\"\" data-rl_title=\"\" class=\"rl-gallery-link\" data-rl_caption=\"\" data-rel=\"lightbox-gallery-1\"><img loading=\"lazy\" decoding=\"async\" width=\"150\" height=\"150\" src=\"https:\/\/stadtteilschule-eidelstedt.hamburg.de\/wp-content\/uploads\/sites\/726\/2020\/01\/IMG_0192-150x150.jpg\" class=\"attachment-thumbnail size-thumbnail\" alt=\"\" srcset=\"https:\/\/stadtteilschule-eidelstedt.hamburg.de\/wp-content\/uploads\/sites\/726\/2020\/01\/IMG_0192-150x150.jpg 150w, https:\/\/stadtteilschule-eidelstedt.hamburg.de\/wp-content\/uploads\/sites\/726\/2020\/01\/IMG_0192-100x100.jpg 100w\" sizes=\"auto, 100vw\" \/><\/a>\n\t\t\t<\/div><\/figure><figure class='gallery-item'>\n\t\t\t<div class='gallery-icon landscape'>\n\t\t\t\t<a href='https:\/\/stadtteilschule-eidelstedt.hamburg.de\/wp-content\/uploads\/sites\/726\/2020\/01\/IMG_4870.jpg' title=\"\" data-rl_title=\"\" class=\"rl-gallery-link\" data-rl_caption=\"\" data-rel=\"lightbox-gallery-1\"><img loading=\"lazy\" decoding=\"async\" width=\"150\" height=\"150\" src=\"https:\/\/stadtteilschule-eidelstedt.hamburg.de\/wp-content\/uploads\/sites\/726\/2020\/01\/IMG_4870-150x150.jpg\" class=\"attachment-thumbnail size-thumbnail\" alt=\"\" srcset=\"https:\/\/stadtteilschule-eidelstedt.hamburg.de\/wp-content\/uploads\/sites\/726\/2020\/01\/IMG_4870-150x150.jpg 150w, https:\/\/stadtteilschule-eidelstedt.hamburg.de\/wp-content\/uploads\/sites\/726\/2020\/01\/IMG_4870-100x100.jpg 100w\" sizes=\"auto, 100vw\" \/><\/a>\n\t\t\t<\/div><\/figure><figure class='gallery-item'>\n\t\t\t<div class='gallery-icon landscape'>\n\t\t\t\t<a href='https:\/\/stadtteilschule-eidelstedt.hamburg.de\/wp-content\/uploads\/sites\/726\/2020\/01\/IMG_6234.jpeg' title=\"\" data-rl_title=\"\" class=\"rl-gallery-link\" data-rl_caption=\"\" data-rel=\"lightbox-gallery-1\"><img loading=\"lazy\" decoding=\"async\" width=\"150\" height=\"150\" src=\"https:\/\/stadtteilschule-eidelstedt.hamburg.de\/wp-content\/uploads\/sites\/726\/2020\/01\/IMG_6234-150x150.jpeg\" class=\"attachment-thumbnail size-thumbnail\" alt=\"\" srcset=\"https:\/\/stadtteilschule-eidelstedt.hamburg.de\/wp-content\/uploads\/sites\/726\/2020\/01\/IMG_6234-150x150.jpeg 150w, https:\/\/stadtteilschule-eidelstedt.hamburg.de\/wp-content\/uploads\/sites\/726\/2020\/01\/IMG_6234-100x100.jpeg 100w\" sizes=\"auto, 100vw\" \/><\/a>\n\t\t\t<\/div><\/figure><figure class='gallery-item'>\n\t\t\t<div class='gallery-icon portrait'>\n\t\t\t\t<a href='https:\/\/stadtteilschule-eidelstedt.hamburg.de\/wp-content\/uploads\/sites\/726\/2024\/01\/IMG_8459-2-scaled.jpg' title=\"\" data-rl_title=\"\" class=\"rl-gallery-link\" data-rl_caption=\"\" data-rel=\"lightbox-gallery-1\"><img loading=\"lazy\" decoding=\"async\" width=\"150\" height=\"150\" src=\"https:\/\/stadtteilschule-eidelstedt.hamburg.de\/wp-content\/uploads\/sites\/726\/2024\/01\/IMG_8459-2-150x150.jpg\" class=\"attachment-thumbnail size-thumbnail\" alt=\"\" srcset=\"https:\/\/stadtteilschule-eidelstedt.hamburg.de\/wp-content\/uploads\/sites\/726\/2024\/01\/IMG_8459-2-150x150.jpg 150w, https:\/\/stadtteilschule-eidelstedt.hamburg.de\/wp-content\/uploads\/sites\/726\/2024\/01\/IMG_8459-2-100x100.jpg 100w\" sizes=\"auto, 100vw\" \/><\/a>\n\t\t\t<\/div><\/figure>\n\t\t<\/div>\n\n","protected":false},"excerpt":{"rendered":"<p>An der Stadtteilschule Eidelstedt genie\u00dft die Berufs- und Studienorientierung (\u201eBOSO\u201c) eine besondere Bedeutung. Wir besuchen Berufsmessen und Praxiskurse, erkunden Betriebe, laden Azubis und Meister, Betriebe, Firmen und das FSJ zu uns ein. Wir schaffen uns ein Netzwerk und arbeiten mit Berufsberatern der Jugendberufsagentur, Berufseinstiegbegleitern, der Berufsschule BS24, dem Arbeitskreis Schule-Wirtschaft und dem Hamburger Institut f\u00fcr &hellip; <\/p>\n<p class=\"link-more\"><a href=\"https:\/\/stadtteilschule-eidelstedt.hamburg.de\/?page_id=265\" class=\"more-link\"><span class=\"screen-reader-text\">\u201eBerufsorientierung\u201c <\/span>weiterlesen<\/a><\/p>\n","protected":false},"author":898,"featured_media":6984,"parent":6,"menu_order":60,"comment_status":"closed","ping_status":"closed","template":"","meta":{"_acf_changed":false,"footnotes":""},"class_list":["post-265","page","type-page","status-publish","has-post-thumbnail","hentry"],"acf":[],"_links":{"self":[{"href":"https:\/\/stadtteilschule-eidelstedt.hamburg.de\/index.php?rest_route=\/wp\/v2\/pages\/265","targetHints":{"allow":["GET"]}}],"collection":[{"href":"https:\/\/stadtteilschule-eidelstedt.hamburg.de\/index.php?rest_route=\/wp\/v2\/pages"}],"about":[{"href":"https:\/\/stadtteilschule-eidelstedt.hamburg.de\/index.php?rest_route=\/wp\/v2\/types\/page"}],"author":[{"embeddable":true,"href":"https:\/\/stadtteilschule-eidelstedt.hamburg.de\/index.php?rest_route=\/wp\/v2\/users\/898"}],"replies":[{"embeddable":true,"href":"https:\/\/stadtteilschule-eidelstedt.hamburg.de\/index.php?rest_route=%2Fwp%2Fv2%2Fcomments&post=265"}],"version-history":[{"count":3,"href":"https:\/\/stadtteilschule-eidelstedt.hamburg.de\/index.php?rest_route=\/wp\/v2\/pages\/265\/revisions"}],"predecessor-version":[{"id":7001,"href":"https:\/\/stadtteilschule-eidelstedt.hamburg.de\/index.php?rest_route=\/wp\/v2\/pages\/265\/revisions\/7001"}],"up":[{"embeddable":true,"href":"https:\/\/stadtteilschule-eidelstedt.hamburg.de\/index.php?rest_route=\/wp\/v2\/pages\/6"}],"wp:featuredmedia":[{"embeddable":true,"href":"https:\/\/stadtteilschule-eidelstedt.hamburg.de\/index.php?rest_route=\/wp\/v2\/media\/6984"}],"wp:attachment":[{"href":"https:\/\/stadtteilschule-eidelstedt.hamburg.de\/index.php?rest_route=%2Fwp%2Fv2%2Fmedia&parent=265"}],"curies":[{"name":"wp","href":"https:\/\/api.w.org\/{rel}","templated":true}]}}