{"id":4287,"date":"2021-11-01T13:17:34","date_gmt":"2021-11-01T12:17:34","guid":{"rendered":"https:\/\/stadtteilschule-eidelstedt.hamburg.de\/?page_id=4287"},"modified":"2026-02-16T18:10:49","modified_gmt":"2026-02-16T17:10:49","slug":"oberstufenzentrum","status":"publish","type":"page","link":"https:\/\/stadtteilschule-eidelstedt.hamburg.de\/?page_id=4287","title":{"rendered":"Unsere Oberstufe"},"content":{"rendered":"<h2 style=\"text-align: center\"><strong>Das Oberstufenzentrum&#8230;<\/strong><\/h2>\n<table>\n<tbody>\n<tr>\n<td>\u2026will ein Ausgangspunkt f\u00fcr Deine Projekte sein, die Du planst, reflektierst und dokumentierst.<\/td>\n<td>&#8230;ist ein Lehr-Lern-Modell, dass Dich mehr und mehr zum eigenst\u00e4ndigen Lernen bef\u00e4higt.<\/td>\n<\/tr>\n<tr>\n<td>&#8230;ist getragen von einem Kollegium, dass die Chancengleichheit f\u00f6rdert und auf deine Mitsprache setzt.<\/td>\n<td>\u2026ist ein Ort, der zum Lernen einl\u00e4dt.<\/td>\n<\/tr>\n<\/tbody>\n<\/table>\n<div>\n<p class=\"StandardWeb1\">Das \u201aOberstufenzentrum\u2018 ist als gemeinsame Vision von Sch\u00fcler*innen und Lehrer*innen entstanden. Nach drei Jahren Planungs- und Bauzeit \u00f6ffnet unser Oberstufenzentrum seine T\u00fcren. Auf klassische Klassenr\u00e4ume wurde im Oberstufenzentrum weitestgehend verzichtet \u2013 stattdessen finden sich funktional gestaltete R\u00e4ume. Sch\u00fcler*innen k\u00f6nnen selbst w\u00e4hlen, ob sie gerade im Gruppenarbeitsraum, an Stillarbeitspl\u00e4tzen oder im \u201eCoffice\u201c arbeiten wollen \u2013 je nach Bed\u00fcrfnis. Die zeitgem\u00e4\u00dfe Ausstattung der R\u00e4ume l\u00e4dt zum produktiven Verweilen ein und erm\u00f6glicht ein zukunftsf\u00e4higes Lernen, das auf das vorbereitet, was im Studium bzw. im Berufsleben wichtig ist.<\/p>\n<\/div>\n<p><img loading=\"lazy\" decoding=\"async\" class=\"aligncenter size-large wp-image-6165\" src=\"https:\/\/stadtteilschule-eidelstedt.hamburg.de\/wp-content\/uploads\/sites\/726\/2023\/02\/Modell-1024x768.jpeg\" alt=\"\" width=\"525\" height=\"394\" srcset=\"https:\/\/stadtteilschule-eidelstedt.hamburg.de\/wp-content\/uploads\/sites\/726\/2023\/02\/Modell-1024x768.jpeg 1024w, https:\/\/stadtteilschule-eidelstedt.hamburg.de\/wp-content\/uploads\/sites\/726\/2023\/02\/Modell-300x225.jpeg 300w, https:\/\/stadtteilschule-eidelstedt.hamburg.de\/wp-content\/uploads\/sites\/726\/2023\/02\/Modell-768x576.jpeg 768w, https:\/\/stadtteilschule-eidelstedt.hamburg.de\/wp-content\/uploads\/sites\/726\/2023\/02\/Modell.jpeg 1280w\" sizes=\"auto, (max-width: 525px) 100vw, 525px\" \/><\/p>\n<div id='gallery-1' class='gallery galleryid-4287 gallery-columns-4 gallery-size-thumbnail'><figure class='gallery-item'>\n\t\t\t<div class='gallery-icon landscape'>\n\t\t\t\t<a href='https:\/\/stadtteilschule-eidelstedt.hamburg.de\/wp-content\/uploads\/sites\/726\/2023\/04\/IMG_3146-Kopie.jpeg' title=\"\" data-rl_title=\"\" class=\"rl-gallery-link\" data-rl_caption=\"\" data-rel=\"lightbox-gallery-1\"><img loading=\"lazy\" decoding=\"async\" width=\"150\" height=\"150\" src=\"https:\/\/stadtteilschule-eidelstedt.hamburg.de\/wp-content\/uploads\/sites\/726\/2023\/04\/IMG_3146-Kopie-150x150.jpeg\" class=\"attachment-thumbnail size-thumbnail\" alt=\"\" srcset=\"https:\/\/stadtteilschule-eidelstedt.hamburg.de\/wp-content\/uploads\/sites\/726\/2023\/04\/IMG_3146-Kopie-150x150.jpeg 150w, https:\/\/stadtteilschule-eidelstedt.hamburg.de\/wp-content\/uploads\/sites\/726\/2023\/04\/IMG_3146-Kopie-100x100.jpeg 100w\" sizes=\"auto, 100vw\" \/><\/a>\n\t\t\t<\/div><\/figure><figure class='gallery-item'>\n\t\t\t<div class='gallery-icon landscape'>\n\t\t\t\t<a href='https:\/\/stadtteilschule-eidelstedt.hamburg.de\/wp-content\/uploads\/sites\/726\/2023\/04\/IMG_7160-Kopie.jpeg' title=\"\" data-rl_title=\"\" class=\"rl-gallery-link\" data-rl_caption=\"\" data-rel=\"lightbox-gallery-1\"><img loading=\"lazy\" decoding=\"async\" width=\"150\" height=\"150\" src=\"https:\/\/stadtteilschule-eidelstedt.hamburg.de\/wp-content\/uploads\/sites\/726\/2023\/04\/IMG_7160-Kopie-150x150.jpeg\" class=\"attachment-thumbnail size-thumbnail\" alt=\"\" srcset=\"https:\/\/stadtteilschule-eidelstedt.hamburg.de\/wp-content\/uploads\/sites\/726\/2023\/04\/IMG_7160-Kopie-150x150.jpeg 150w, https:\/\/stadtteilschule-eidelstedt.hamburg.de\/wp-content\/uploads\/sites\/726\/2023\/04\/IMG_7160-Kopie-100x100.jpeg 100w\" sizes=\"auto, 100vw\" \/><\/a>\n\t\t\t<\/div><\/figure><figure class='gallery-item'>\n\t\t\t<div class='gallery-icon portrait'>\n\t\t\t\t<a href='https:\/\/stadtteilschule-eidelstedt.hamburg.de\/wp-content\/uploads\/sites\/726\/2023\/02\/1.jpg' title=\"\" data-rl_title=\"\" class=\"rl-gallery-link\" data-rl_caption=\"\" data-rel=\"lightbox-gallery-1\"><img loading=\"lazy\" decoding=\"async\" width=\"150\" height=\"150\" src=\"https:\/\/stadtteilschule-eidelstedt.hamburg.de\/wp-content\/uploads\/sites\/726\/2023\/02\/1-150x150.jpg\" class=\"attachment-thumbnail size-thumbnail\" alt=\"\" srcset=\"https:\/\/stadtteilschule-eidelstedt.hamburg.de\/wp-content\/uploads\/sites\/726\/2023\/02\/1-150x150.jpg 150w, https:\/\/stadtteilschule-eidelstedt.hamburg.de\/wp-content\/uploads\/sites\/726\/2023\/02\/1-100x100.jpg 100w\" sizes=\"auto, 100vw\" \/><\/a>\n\t\t\t<\/div><\/figure><figure class='gallery-item'>\n\t\t\t<div class='gallery-icon landscape'>\n\t\t\t\t<a href='https:\/\/stadtteilschule-eidelstedt.hamburg.de\/wp-content\/uploads\/sites\/726\/2023\/04\/IMG_3143-Kopie.jpeg' title=\"\" data-rl_title=\"\" class=\"rl-gallery-link\" data-rl_caption=\"\" data-rel=\"lightbox-gallery-1\"><img loading=\"lazy\" decoding=\"async\" width=\"150\" height=\"150\" src=\"https:\/\/stadtteilschule-eidelstedt.hamburg.de\/wp-content\/uploads\/sites\/726\/2023\/04\/IMG_3143-Kopie-150x150.jpeg\" class=\"attachment-thumbnail size-thumbnail\" alt=\"\" srcset=\"https:\/\/stadtteilschule-eidelstedt.hamburg.de\/wp-content\/uploads\/sites\/726\/2023\/04\/IMG_3143-Kopie-150x150.jpeg 150w, https:\/\/stadtteilschule-eidelstedt.hamburg.de\/wp-content\/uploads\/sites\/726\/2023\/04\/IMG_3143-Kopie-100x100.jpeg 100w\" sizes=\"auto, 100vw\" \/><\/a>\n\t\t\t<\/div><\/figure><figure class='gallery-item'>\n\t\t\t<div class='gallery-icon landscape'>\n\t\t\t\t<a href='https:\/\/stadtteilschule-eidelstedt.hamburg.de\/wp-content\/uploads\/sites\/726\/2023\/04\/IMG_7151-Kopie.jpeg' title=\"\" data-rl_title=\"\" class=\"rl-gallery-link\" data-rl_caption=\"\" data-rel=\"lightbox-gallery-1\"><img loading=\"lazy\" decoding=\"async\" width=\"150\" height=\"150\" src=\"https:\/\/stadtteilschule-eidelstedt.hamburg.de\/wp-content\/uploads\/sites\/726\/2023\/04\/IMG_7151-Kopie-150x150.jpeg\" class=\"attachment-thumbnail size-thumbnail\" alt=\"\" srcset=\"https:\/\/stadtteilschule-eidelstedt.hamburg.de\/wp-content\/uploads\/sites\/726\/2023\/04\/IMG_7151-Kopie-150x150.jpeg 150w, https:\/\/stadtteilschule-eidelstedt.hamburg.de\/wp-content\/uploads\/sites\/726\/2023\/04\/IMG_7151-Kopie-100x100.jpeg 100w\" sizes=\"auto, 100vw\" \/><\/a>\n\t\t\t<\/div><\/figure><figure class='gallery-item'>\n\t\t\t<div class='gallery-icon landscape'>\n\t\t\t\t<a href='https:\/\/stadtteilschule-eidelstedt.hamburg.de\/wp-content\/uploads\/sites\/726\/2023\/04\/IMG_3207-Kopie.jpeg' title=\"\" data-rl_title=\"\" class=\"rl-gallery-link\" data-rl_caption=\"\" data-rel=\"lightbox-gallery-1\"><img loading=\"lazy\" decoding=\"async\" width=\"150\" height=\"150\" src=\"https:\/\/stadtteilschule-eidelstedt.hamburg.de\/wp-content\/uploads\/sites\/726\/2023\/04\/IMG_3207-Kopie-150x150.jpeg\" class=\"attachment-thumbnail size-thumbnail\" alt=\"\" srcset=\"https:\/\/stadtteilschule-eidelstedt.hamburg.de\/wp-content\/uploads\/sites\/726\/2023\/04\/IMG_3207-Kopie-150x150.jpeg 150w, https:\/\/stadtteilschule-eidelstedt.hamburg.de\/wp-content\/uploads\/sites\/726\/2023\/04\/IMG_3207-Kopie-100x100.jpeg 100w\" sizes=\"auto, 100vw\" \/><\/a>\n\t\t\t<\/div><\/figure><figure class='gallery-item'>\n\t\t\t<div class='gallery-icon landscape'>\n\t\t\t\t<a href='https:\/\/stadtteilschule-eidelstedt.hamburg.de\/wp-content\/uploads\/sites\/726\/2023\/04\/IMG_3206-Kopie.jpeg' title=\"\" data-rl_title=\"\" class=\"rl-gallery-link\" data-rl_caption=\"\" data-rel=\"lightbox-gallery-1\"><img loading=\"lazy\" decoding=\"async\" width=\"150\" height=\"150\" src=\"https:\/\/stadtteilschule-eidelstedt.hamburg.de\/wp-content\/uploads\/sites\/726\/2023\/04\/IMG_3206-Kopie-150x150.jpeg\" class=\"attachment-thumbnail size-thumbnail\" alt=\"\" srcset=\"https:\/\/stadtteilschule-eidelstedt.hamburg.de\/wp-content\/uploads\/sites\/726\/2023\/04\/IMG_3206-Kopie-150x150.jpeg 150w, https:\/\/stadtteilschule-eidelstedt.hamburg.de\/wp-content\/uploads\/sites\/726\/2023\/04\/IMG_3206-Kopie-100x100.jpeg 100w\" sizes=\"auto, 100vw\" \/><\/a>\n\t\t\t<\/div><\/figure>\n\t\t<\/div>\n\n<p style=\"text-align: center\"><strong>Audiowalk im Oberstufenzentrum (von Yannik)<\/strong><\/p>\n<div class=\"su-audio\" data-id=\"su_audio_player_69fa8ae612348\" data-audio=\"https:\/\/stadtteilschule-eidelstedt.hamburg.de\/wp-content\/uploads\/sites\/726\/2023\/04\/Audiowalk-Yannik.mp3\" data-swf=\"https:\/\/stadtteilschule-eidelstedt.hamburg.de\/wp-content\/plugins\/shortcodes-ultimate\/vendor\/jplayer\/jplayer.swf\" data-autoplay=\"no\" data-loop=\"no\" style=\"max-width:100%\"><div id=\"su_audio_player_69fa8ae612348\" class=\"jp-jplayer\"><\/div><div id=\"su_audio_player_69fa8ae612348_container\" class=\"jp-audio\"><div class=\"jp-type-single\"><div class=\"jp-gui jp-interface\"><div class=\"jp-controls\"><span class=\"jp-play\"><\/span><span class=\"jp-pause\"><\/span><span class=\"jp-stop\"><\/span><span class=\"jp-mute\"><\/span><span class=\"jp-unmute\"><\/span><span class=\"jp-volume-max\"><\/span><\/div><div class=\"jp-progress\"><div class=\"jp-seek-bar\"><div class=\"jp-play-bar\"><\/div><\/div><\/div><div class=\"jp-volume-bar\"><div class=\"jp-volume-bar-value\"><\/div><\/div><div class=\"jp-current-time\"><\/div><div class=\"jp-duration\"><\/div><\/div><div class=\"jp-title\"><\/div><\/div><\/div><\/div>\n<strong>Die Prinzipien des Oberstufenzentrums:<\/strong> <strong><u><a href=\"https:\/\/stadtteilschule-eidelstedt.hamburg.de\/wp-content\/uploads\/sites\/726\/2022\/10\/2-Konzept-Oberstufenzentrum-2-1.pdf\" target=\"_blank\" rel=\"noopener\">HIER<\/a><\/u><\/strong><\/p>\n<table>\n<tbody>\n<tr>\n<td>\u2022 Partizipation<\/td>\n<td>\u2022 Projektarbeit<\/td>\n<\/tr>\n<tr>\n<td>\u2022 Kooperation<\/td>\n<td>\u2022 digitales Arbeiten<\/td>\n<\/tr>\n<tr>\n<td>\u2022 Reflexion<\/td>\n<td>\u2022 Beratung<\/td>\n<\/tr>\n<\/tbody>\n<\/table>\n<p style=\"font-weight: 400\">Die Prinzipien des Oberstufenzentrums sind aus der \u00dcberzeugung entstanden, dass die dazugeh\u00f6rigen F\u00e4higkeiten in der heutigen Welt dringend notwendig sind. Die heutige Sch\u00fclergeneration w\u00e4chst in einer Welt auf, in der sie mehr denn je auf eine sich stetig ver\u00e4nderte Umwelt reagieren muss. Das betrifft zum Beispiel Klimaver\u00e4nderungen sowie wirtschaftliche bzw. geopolitische Ver\u00e4nderungen. Das Oberstufenzentrum bereitet Dich darauf vor, in dieser von Ver\u00e4nderung gepr\u00e4gten Welt zielorientiert und bewusst zu handeln.<\/p>\n<hr>\n<p style=\"font-weight: 400\">So lernst Du mit uns,<\/p>\n<ul>\n<li>in <strong>Projekten<\/strong> zu arbeiten, Ziele und Anforderungen zu definieren, einen Zeitplan aufzustellen und Projekte bis zu einem <strong>Produkt<\/strong> umzusetzen,<\/li>\n<li>mit Mitsch\u00fcler*innen aber auch mit au\u00dferschulischen Lernorten zu <strong>kooperieren<\/strong> und aus einer Vielzahl von Ideen zu gemeinsam getragenen Entscheidungen zu kommen,<\/li>\n<li>deine Vorgehensweisen <strong>zu reflektieren<\/strong> \u2013 denn es kommt nicht darauf an, dass Du schon alles kannst (auch scheitern ist erlaubt!), sondern darauf, zu erkennen, was f\u00fcr ein*e Lerner*in Du bist und was Du f\u00fcr deine Entwicklung noch ben\u00f6tigst,<\/li>\n<li>die regelm\u00e4\u00dfigen <strong>Beratungsgespr\u00e4che<\/strong> mit Lehrkr\u00e4ften oder Mitsch\u00fcler*innen ergebnisorientiert zu nutzten, um in Deinem pers\u00f6nlichen Lernprozess voranzukommen,<\/li>\n<li><strong>digitale Tools<\/strong> als Hilfsmittel gezielt einzusetzen, um die Zusammenarbeit zu vereinfachen sowie deinen Lernprozess zu planen und Dich damit auf moderne Arbeitsformen im Studium und in der Berufswelt vorzubereiten.<\/li>\n<\/ul>\n<p>Dijwar, Josef und Willy aus der 13b erkl\u00e4ren dir die Prinzipien Coachingrolle, Reflexion und Projektlernen hier aus ihrer Perspektive:<\/p>\n<table style=\"font-size: 1rem;border-collapse: collapse;border: none\">\n<tbody>\n<tr>\n<td style=\"border: none;padding: 8px\"><a href=\"https:\/\/cloudfiles.stsei.de\/s\/QHtMLmFiNbCYLaD\" target=\"_blank\" rel=\"noopener\"><img loading=\"lazy\" decoding=\"async\" class=\"alignright wp-image-7969 size-large\" src=\"https:\/\/stadtteilschule-eidelstedt.hamburg.de\/wp-content\/uploads\/sites\/726\/2025\/01\/PROJEKTLERNEN-1024x570.jpg\" alt=\"\" width=\"525\" height=\"292\" srcset=\"https:\/\/stadtteilschule-eidelstedt.hamburg.de\/wp-content\/uploads\/sites\/726\/2025\/01\/PROJEKTLERNEN-1024x570.jpg 1024w, https:\/\/stadtteilschule-eidelstedt.hamburg.de\/wp-content\/uploads\/sites\/726\/2025\/01\/PROJEKTLERNEN-300x167.jpg 300w, https:\/\/stadtteilschule-eidelstedt.hamburg.de\/wp-content\/uploads\/sites\/726\/2025\/01\/PROJEKTLERNEN-768x427.jpg 768w, https:\/\/stadtteilschule-eidelstedt.hamburg.de\/wp-content\/uploads\/sites\/726\/2025\/01\/PROJEKTLERNEN-1536x855.jpg 1536w, https:\/\/stadtteilschule-eidelstedt.hamburg.de\/wp-content\/uploads\/sites\/726\/2025\/01\/PROJEKTLERNEN-2048x1140.jpg 2048w\" sizes=\"auto, (max-width: 525px) 100vw, 525px\" \/><\/a><\/td>\n<td style=\"border: none;padding: 8px\"><a href=\"https:\/\/cloudfiles.stsei.de\/s\/BZQJycNXPiTGTnL\" target=\"_blank\" rel=\"noopener\"><img loading=\"lazy\" decoding=\"async\" class=\"alignright wp-image-7970 size-large\" src=\"https:\/\/stadtteilschule-eidelstedt.hamburg.de\/wp-content\/uploads\/sites\/726\/2025\/01\/REFLEXION-1024x570.jpg\" alt=\"\" width=\"525\" height=\"292\" srcset=\"https:\/\/stadtteilschule-eidelstedt.hamburg.de\/wp-content\/uploads\/sites\/726\/2025\/01\/REFLEXION-1024x570.jpg 1024w, https:\/\/stadtteilschule-eidelstedt.hamburg.de\/wp-content\/uploads\/sites\/726\/2025\/01\/REFLEXION-300x167.jpg 300w, https:\/\/stadtteilschule-eidelstedt.hamburg.de\/wp-content\/uploads\/sites\/726\/2025\/01\/REFLEXION-768x427.jpg 768w, https:\/\/stadtteilschule-eidelstedt.hamburg.de\/wp-content\/uploads\/sites\/726\/2025\/01\/REFLEXION-1536x855.jpg 1536w, https:\/\/stadtteilschule-eidelstedt.hamburg.de\/wp-content\/uploads\/sites\/726\/2025\/01\/REFLEXION-2048x1140.jpg 2048w\" sizes=\"auto, (max-width: 525px) 100vw, 525px\" \/><\/a><\/td>\n<\/tr>\n<tr>\n<td style=\"border: none;padding: 8px\"><a href=\"https:\/\/cloudfiles.stsei.de\/s\/TC4C2YTeRMQq3At\" target=\"_blank\" rel=\"noopener\"><img loading=\"lazy\" decoding=\"async\" class=\"alignright wp-image-7968 size-large\" src=\"https:\/\/stadtteilschule-eidelstedt.hamburg.de\/wp-content\/uploads\/sites\/726\/2025\/01\/BERATUNG-1024x570.jpg\" alt=\"\" width=\"525\" height=\"292\" srcset=\"https:\/\/stadtteilschule-eidelstedt.hamburg.de\/wp-content\/uploads\/sites\/726\/2025\/01\/BERATUNG-1024x570.jpg 1024w, https:\/\/stadtteilschule-eidelstedt.hamburg.de\/wp-content\/uploads\/sites\/726\/2025\/01\/BERATUNG-300x167.jpg 300w, https:\/\/stadtteilschule-eidelstedt.hamburg.de\/wp-content\/uploads\/sites\/726\/2025\/01\/BERATUNG-768x427.jpg 768w, https:\/\/stadtteilschule-eidelstedt.hamburg.de\/wp-content\/uploads\/sites\/726\/2025\/01\/BERATUNG-1536x855.jpg 1536w, https:\/\/stadtteilschule-eidelstedt.hamburg.de\/wp-content\/uploads\/sites\/726\/2025\/01\/BERATUNG-2048x1140.jpg 2048w\" sizes=\"auto, (max-width: 525px) 100vw, 525px\" \/><\/a><\/td>\n<td style=\"border: none;padding: 8px\">&nbsp;<\/td>\n<\/tr>\n<\/tbody>\n<\/table>\n<p style=\"font-weight: 400\">Erfolg haben diejenigen, die motiviert und organisiert handeln, die wissen, was sie k\u00f6nnen und was sie noch brauchen, die die St\u00e4rken des Teams nutzen, Entscheidungen treffen und das eigene oder gemeinsame Produkt \u00fcberdenken und \u00fcberarbeiten.<\/p>\n<p style=\"font-weight: 400\">Niemand erwartet, dass all diese Kompetenzen bereits vorhanden sind. Im Oberstufenzentrum werden sie durch gezielte Methoden und Trainings (weiter)entwickelt, um Dich auf Deinem Weg bis zum Abitur fachlich und methodisch bestm\u00f6glich zu unterst\u00fctzen.<\/p>\n<p style=\"font-weight: 400\">&nbsp;<\/p>\n<p style=\"font-weight: 400\"><strong>Ein Beispiel f\u00fcr diese Art zu Lernen<\/strong> ist unsere <strong>Lernexpedition<\/strong> in Jahrgang 11. An zwei Tagen lernen die Sch\u00fcler*innen etwas Neues, etwas, was sie selbst wollen und was in vielen F\u00e4llen nichts direkt mit der Schule zu tun hat. Wenn alles perfekt l\u00e4uft, entsteht daraus am Ende ein Produkt.<\/p>\n<p style=\"font-weight: 400\">Worum es inhaltlich gehen kann, wie sich so eine Lernexpedition anf\u00fchlt und was das Produkt am Ende sein kann, k\u00f6nnen am besten diejenigen berichten, die schon einmal eine Lernexpedition durchgef\u00fchrt haben:<\/p>\n<hr>\n<p style=\"text-align: center\"><strong>F\u00fchlb\u00fccher f\u00fcr das Theodorus Kinder-Tageshospiz <\/strong><br \/>\n<strong>(von Ksenia und Mohammed)<\/strong><\/p>\n<p style=\"text-align: center\"><img loading=\"lazy\" decoding=\"async\" class=\"aligncenter wp-image-6250\" src=\"https:\/\/stadtteilschule-eidelstedt.hamburg.de\/wp-content\/uploads\/sites\/726\/2023\/03\/Fuehlbuecher-1024x573.jpg\" alt=\"\" width=\"640\" height=\"358\" srcset=\"https:\/\/stadtteilschule-eidelstedt.hamburg.de\/wp-content\/uploads\/sites\/726\/2023\/03\/Fuehlbuecher-1024x573.jpg 1024w, https:\/\/stadtteilschule-eidelstedt.hamburg.de\/wp-content\/uploads\/sites\/726\/2023\/03\/Fuehlbuecher-300x168.jpg 300w, https:\/\/stadtteilschule-eidelstedt.hamburg.de\/wp-content\/uploads\/sites\/726\/2023\/03\/Fuehlbuecher-768x430.jpg 768w, https:\/\/stadtteilschule-eidelstedt.hamburg.de\/wp-content\/uploads\/sites\/726\/2023\/03\/Fuehlbuecher-1536x860.jpg 1536w, https:\/\/stadtteilschule-eidelstedt.hamburg.de\/wp-content\/uploads\/sites\/726\/2023\/03\/Fuehlbuecher-2048x1147.jpg 2048w\" sizes=\"auto, (max-width: 640px) 100vw, 640px\" \/><em>Mini-Interview zu den F\u00fchlb\u00fcchern:<br \/>\n<div class=\"su-audio\" data-id=\"su_audio_player_69fa8ae61236f\" data-audio=\"https:\/\/stadtteilschule-eidelstedt.hamburg.de\/wp-content\/uploads\/sites\/726\/2023\/02\/Lex-1.mp3\" data-swf=\"https:\/\/stadtteilschule-eidelstedt.hamburg.de\/wp-content\/plugins\/shortcodes-ultimate\/vendor\/jplayer\/jplayer.swf\" data-autoplay=\"no\" data-loop=\"no\" style=\"max-width:100%\"><div id=\"su_audio_player_69fa8ae61236f\" class=\"jp-jplayer\"><\/div><div id=\"su_audio_player_69fa8ae61236f_container\" class=\"jp-audio\"><div class=\"jp-type-single\"><div class=\"jp-gui jp-interface\"><div class=\"jp-controls\"><span class=\"jp-play\"><\/span><span class=\"jp-pause\"><\/span><span class=\"jp-stop\"><\/span><span class=\"jp-mute\"><\/span><span class=\"jp-unmute\"><\/span><span class=\"jp-volume-max\"><\/span><\/div><div class=\"jp-progress\"><div class=\"jp-seek-bar\"><div class=\"jp-play-bar\"><\/div><\/div><\/div><div class=\"jp-volume-bar\"><div class=\"jp-volume-bar-value\"><\/div><\/div><div class=\"jp-current-time\"><\/div><div class=\"jp-duration\"><\/div><\/div><div class=\"jp-title\"><\/div><\/div><\/div><\/div><\/em><\/p>\n<hr>\n<p style=\"text-align: center\"><strong>Sushi selber machen (von Georgette)<\/strong><\/p>\n<p><img loading=\"lazy\" decoding=\"async\" class=\"aligncenter wp-image-6251\" src=\"https:\/\/stadtteilschule-eidelstedt.hamburg.de\/wp-content\/uploads\/sites\/726\/2023\/03\/Sushi-selber-1024x573.jpg\" alt=\"\" width=\"640\" height=\"358\" srcset=\"https:\/\/stadtteilschule-eidelstedt.hamburg.de\/wp-content\/uploads\/sites\/726\/2023\/03\/Sushi-selber-1024x573.jpg 1024w, https:\/\/stadtteilschule-eidelstedt.hamburg.de\/wp-content\/uploads\/sites\/726\/2023\/03\/Sushi-selber-300x168.jpg 300w, https:\/\/stadtteilschule-eidelstedt.hamburg.de\/wp-content\/uploads\/sites\/726\/2023\/03\/Sushi-selber-768x430.jpg 768w, https:\/\/stadtteilschule-eidelstedt.hamburg.de\/wp-content\/uploads\/sites\/726\/2023\/03\/Sushi-selber-1536x860.jpg 1536w, https:\/\/stadtteilschule-eidelstedt.hamburg.de\/wp-content\/uploads\/sites\/726\/2023\/03\/Sushi-selber-2048x1147.jpg 2048w\" sizes=\"auto, (max-width: 640px) 100vw, 640px\" \/><\/p>\n<p><em><div class=\"su-audio\" data-id=\"su_audio_player_69fa8ae612383\" data-audio=\"https:\/\/stadtteilschule-eidelstedt.hamburg.de\/wp-content\/uploads\/sites\/726\/2023\/03\/Sushi-03.2023.mp3\" data-swf=\"https:\/\/stadtteilschule-eidelstedt.hamburg.de\/wp-content\/plugins\/shortcodes-ultimate\/vendor\/jplayer\/jplayer.swf\" data-autoplay=\"no\" data-loop=\"no\" style=\"max-width:100%\"><div id=\"su_audio_player_69fa8ae612383\" class=\"jp-jplayer\"><\/div><div id=\"su_audio_player_69fa8ae612383_container\" class=\"jp-audio\"><div class=\"jp-type-single\"><div class=\"jp-gui jp-interface\"><div class=\"jp-controls\"><span class=\"jp-play\"><\/span><span class=\"jp-pause\"><\/span><span class=\"jp-stop\"><\/span><span class=\"jp-mute\"><\/span><span class=\"jp-unmute\"><\/span><span class=\"jp-volume-max\"><\/span><\/div><div class=\"jp-progress\"><div class=\"jp-seek-bar\"><div class=\"jp-play-bar\"><\/div><\/div><\/div><div class=\"jp-volume-bar\"><div class=\"jp-volume-bar-value\"><\/div><\/div><div class=\"jp-current-time\"><\/div><div class=\"jp-duration\"><\/div><\/div><div class=\"jp-title\"><\/div><\/div><\/div><\/div><\/em><\/p>\n<hr>\n<blockquote>\n<p style=\"text-align: center\">Weitere Informationen folgen, die Seite ist noch im Aufbau&#8230;<\/p>\n<\/blockquote>\n<hr>\n<p style=\"font-weight: 400;text-align: center\"><strong>FAQ<\/strong><\/p>\n<hr>\n<p style=\"font-weight: 400\"><strong>Ich bin nicht sicher, ob mir die selbst\u00e4ndige bzw. eigenverantwortliche Arbeit liegt?!<\/strong><\/p>\n<p style=\"font-weight: 400\">Eigenverantwortliches Arbeiten in unserem Oberstufenzentrum hei\u00dft keineswegs, dass Du allein gelassen wirst. Wir sind der \u00dcberzeugung, dass selbst\u00e4ndiges oder eigenverantwortliches Lernen nicht vom Himmel f\u00e4llt \u2013 sondern erlernt werden muss. Auf diesem Weg begleiten dich die Lehrenden, zum Beispiel durch Einf\u00fchrungstage, regelm\u00e4\u00dfige Beratungen oder auch in Kleingruppengespr\u00e4chen, um Inhalte bei Bedarf zu wiederholen bzw. nochmal zu erl\u00e4utern.<\/p>\n<p style=\"font-weight: 400\">&nbsp;<\/p>\n<p style=\"font-weight: 400\"><strong>Muss ich ein eigenes digitales Endger\u00e4t mitbringen?<\/strong><\/p>\n<p style=\"font-weight: 400\">F\u00fcr das intensive digitale Arbeiten im Oberstufenzentrum reicht ein Handy nicht aus \u2013 ein Laptop oder Tablet ist zwingend erforderlich. F\u00fcr Sch\u00fcler*innen, die keinen Laptop oder Tablet haben oder anschaffen k\u00f6nnen, versucht die Stadtteilschule Eidelstedt ein Ger\u00e4t f\u00fcr die Oberstufenzeit zur Verf\u00fcgung zu stellen.<\/p>\n","protected":false},"excerpt":{"rendered":"<p>Das Oberstufenzentrum&#8230; \u2026will ein Ausgangspunkt f\u00fcr Deine Projekte sein, die Du planst, reflektierst und dokumentierst. &#8230;ist ein Lehr-Lern-Modell, dass Dich mehr und mehr zum eigenst\u00e4ndigen Lernen bef\u00e4higt. &#8230;ist getragen von einem Kollegium, dass die Chancengleichheit f\u00f6rdert und auf deine Mitsprache setzt. \u2026ist ein Ort, der zum Lernen einl\u00e4dt. Das \u201aOberstufenzentrum\u2018 ist als gemeinsame Vision von &hellip; <\/p>\n<p class=\"link-more\"><a href=\"https:\/\/stadtteilschule-eidelstedt.hamburg.de\/?page_id=4287\" class=\"more-link\"><span class=\"screen-reader-text\">\u201eUnsere Oberstufe\u201c <\/span>weiterlesen<\/a><\/p>\n","protected":false},"author":958,"featured_media":6399,"parent":0,"menu_order":0,"comment_status":"closed","ping_status":"closed","template":"","meta":{"_acf_changed":false,"footnotes":""},"class_list":["post-4287","page","type-page","status-publish","has-post-thumbnail","hentry"],"acf":[],"_links":{"self":[{"href":"https:\/\/stadtteilschule-eidelstedt.hamburg.de\/index.php?rest_route=\/wp\/v2\/pages\/4287","targetHints":{"allow":["GET"]}}],"collection":[{"href":"https:\/\/stadtteilschule-eidelstedt.hamburg.de\/index.php?rest_route=\/wp\/v2\/pages"}],"about":[{"href":"https:\/\/stadtteilschule-eidelstedt.hamburg.de\/index.php?rest_route=\/wp\/v2\/types\/page"}],"author":[{"embeddable":true,"href":"https:\/\/stadtteilschule-eidelstedt.hamburg.de\/index.php?rest_route=\/wp\/v2\/users\/958"}],"replies":[{"embeddable":true,"href":"https:\/\/stadtteilschule-eidelstedt.hamburg.de\/index.php?rest_route=%2Fwp%2Fv2%2Fcomments&post=4287"}],"version-history":[{"count":61,"href":"https:\/\/stadtteilschule-eidelstedt.hamburg.de\/index.php?rest_route=\/wp\/v2\/pages\/4287\/revisions"}],"predecessor-version":[{"id":8688,"href":"https:\/\/stadtteilschule-eidelstedt.hamburg.de\/index.php?rest_route=\/wp\/v2\/pages\/4287\/revisions\/8688"}],"wp:featuredmedia":[{"embeddable":true,"href":"https:\/\/stadtteilschule-eidelstedt.hamburg.de\/index.php?rest_route=\/wp\/v2\/media\/6399"}],"wp:attachment":[{"href":"https:\/\/stadtteilschule-eidelstedt.hamburg.de\/index.php?rest_route=%2Fwp%2Fv2%2Fmedia&parent=4287"}],"curies":[{"name":"wp","href":"https:\/\/api.w.org\/{rel}","templated":true}]}}