{"id":50,"date":"2018-09-11T09:07:56","date_gmt":"2018-09-11T07:07:56","guid":{"rendered":"http:\/\/stadtteilschule-eidelstedt.schulhomepages.hamburg.de\/?page_id=50"},"modified":"2026-01-09T20:46:10","modified_gmt":"2026-01-09T19:46:10","slug":"ganztag","status":"publish","type":"page","link":"https:\/\/stadtteilschule-eidelstedt.hamburg.de\/?page_id=50","title":{"rendered":"Ganztag"},"content":{"rendered":"<p style=\"font-weight: 400\">Wir sind eine Ganztagsschule in teilgebundener Form, d.h. an zwei Tagen in der Woche sind die Nachmittagsangebote frei w\u00e4hlbar (Montag\/Mittwoch), an den gebundenen Tagen (Dienstag\/Donnerstag) gibt es verpflichtenden Unterricht am Nachmittag. Freitags findet eine Betreuung am Standort Niekampsweg statt. In den letzten zwei Jahren hat sich das Wahlangebot auch am Schulvormittag f\u00fcr die Jahrg\u00e4nge 5-9 deutlich ausgedehnt.&nbsp;<\/p>\n<p style=\"font-weight: 400\">Unser Anliegen mit Blick auf den Ganztag besteht darin, den Kindern viele bildungsrelevante Bet\u00e4tigungsfelder und Erfahrungsr\u00e4ume anzubieten, die ihren Neigungen und Interessen entsprechen, aber auch ihre Neugierde wecken. Die Angebote decken neben dem k\u00fcnstlerischen, dem musikalischen und literarischen ebenfalls den forschenden, entdeckenden und sportlichen Bereich ab.&nbsp;<\/p>\n<p style=\"font-weight: 400\">Betreuungsr\u00e4ume wie die \u201eInseln\u201c werden multifunktional genutzt und laden ein zum Spielen, Arbeiten und zum Reflektieren des Lern- und Sozialverhaltens. Die Bibliotheken werden an beiden Standorten f\u00fcr individuelle Lernangebote genutzt, aber auch als Ruhezonen.<\/p>\n<p style=\"font-weight: 400\">Au\u00dfenfl\u00e4chen bieten Raum f\u00fcr Bewegung, Spiel und Ruhe. 2018 wurde die Schulhoferneuerung am Niekampsweg mit vielen attraktiven Spiel- und neuen Sitzfl\u00e4chen gefeiert, 2020 folgte die Erneuerung mit neuen Spiel- und R\u00fcckzugsfl\u00e4chen am Standort Lohkampstra\u00dfe.<\/p>\n<p style=\"font-weight: 400\">In allen Mittagspausen steht die \u201e<strong>Aktive Pause\u201c <\/strong>an beiden Standorten im Mittelpunkt<strong>, <\/strong>am Standort Lohkampstra\u00dfe wird sie von Oberstufensch\u00fcler*innen betreut.<\/p>\n<p style=\"font-weight: 400\">Aktuelle Kurse am Vormittag (sogenannte Werkst\u00e4tten) bzw. am Nachmittag sind unter anderem:<\/p>\n<p style=\"font-weight: 400\">\u2022 Medien&nbsp;<br \/>\n\u2022&nbsp;Gesellschaftsspiel&nbsp;<br \/>\n\u2022 Geocaching&nbsp;<br \/>\n\u2022 Tanzen&nbsp;<br \/>\n\u2022 T\u00f6pfern&nbsp;<br \/>\n\u2022 Kochen&nbsp;<br \/>\n\u2022 Fu\u00dfball\/Sportspiele&nbsp;<br \/>\n\u2022 Musik&nbsp;<br \/>\n\u2022 Basketball&nbsp;<br \/>\n\u2022 Kunst\/Basteln&nbsp;<br \/>\n\u2022 Schach&nbsp;<br \/>\n\u2022 Gaming&nbsp;<br \/>\n\u2022 Mandala&nbsp;<br \/>\n\u2022 Kooperation mit dem Jugendzentrum \u201eAckerPoolCo\u201c&nbsp;<br \/>\n\u2022 Spieleschmiede<\/p>\n<p class=\"bodytext\">N\u00e4here Informationen zum Kursangebot und unseren Kooperationspartnern finden Sie in unserem aktuellen &nbsp;<strong><a href=\"https:\/\/stadtteilschule-eidelstedt.hamburg.de\/wp-content\/uploads\/sites\/726\/2026\/01\/GanztagStSEi_25.26_web.pdf\" target=\"_blank\" rel=\"noopener\">Kursheft 2025\/26.<\/a><\/strong><\/p>\n<p class=\"bodytext\">Zum Anbieter des Mittagessens an beiden Standorten geht es&nbsp; <strong><a href=\"https:\/\/stadtteilschule-eidelstedt.hamburg.de\/wp-content\/uploads\/sites\/726\/2025\/12\/PCA_Anleitung-Kantinenportal_-Mammas-Canteen_225C10_Stadtteilschule-Eidelstedt.pdf\" target=\"_blank\" rel=\"noopener\">HIER<\/a><\/strong>.<\/p>\n<p class=\"bodytext\"><img loading=\"lazy\" decoding=\"async\" class=\"size-medium wp-image-7549 alignleft\" src=\"https:\/\/stadtteilschule-eidelstedt.hamburg.de\/wp-content\/uploads\/sites\/726\/2024\/07\/IMG_8707-240x300.jpg\" alt=\"\" width=\"240\" height=\"300\" srcset=\"https:\/\/stadtteilschule-eidelstedt.hamburg.de\/wp-content\/uploads\/sites\/726\/2024\/07\/IMG_8707-240x300.jpg 240w, https:\/\/stadtteilschule-eidelstedt.hamburg.de\/wp-content\/uploads\/sites\/726\/2024\/07\/IMG_8707-819x1024.jpg 819w, https:\/\/stadtteilschule-eidelstedt.hamburg.de\/wp-content\/uploads\/sites\/726\/2024\/07\/IMG_8707-768x960.jpg 768w, https:\/\/stadtteilschule-eidelstedt.hamburg.de\/wp-content\/uploads\/sites\/726\/2024\/07\/IMG_8707-1229x1536.jpg 1229w, https:\/\/stadtteilschule-eidelstedt.hamburg.de\/wp-content\/uploads\/sites\/726\/2024\/07\/IMG_8707-1638x2048.jpg 1638w, https:\/\/stadtteilschule-eidelstedt.hamburg.de\/wp-content\/uploads\/sites\/726\/2024\/07\/IMG_8707-scaled.jpg 2048w\" sizes=\"auto, (max-width: 240px) 100vw, 240px\" \/><\/p>\n<p class=\"bodytext\">F\u00fcr Fragen bez\u00fcglich des Ganztages wenden Sie sich bitte an unsere Ganztagskoordinatorin:<\/p>\n<p class=\"bodytext\">Frau Ihle, &nbsp;Zweigstelle Niekampsweg 25<br \/>\nTelefonnummer: 040 428 796 329 &amp; 0175 123 1183<br \/>\nE-Mail-Adresse: <strong><a href=\"mailto:ihle@stsei.de\">Ihle@stsei.de<\/a><\/strong><\/p>\n<p>&nbsp;<\/p>\n<p>&nbsp;<\/p>\n<p>&nbsp;<\/p>\n<p style=\"font-weight: 400\">Seit 2021 freuen wir uns \u00fcber die Kooperation mit dem SV Eidelstedt.<\/p>\n<p style=\"font-weight: 400\">Ferien sollen Kindern und Jugendlichen Freude bereiten. Beim SVE sind sie unterhaltsam, liefern Anregungen f\u00fcr Freizeitgestaltungen und\/oder wecken das Interesse an Neuem. Bei der Gestaltung des Ferienprogramms nimmt der SVE R\u00fccksicht auf die Jahreszeit und vor allem auch auf die Interessenlage der Kinder und Jugendlichen. Kein Ferienprogramm wird so sein wie das vorherige, denn auch das ist eine Besonderheit von Ferien: Sie bieten \u00dcberraschungen und werden nie langweilig.<\/p>\n<p>&nbsp;<\/p>\n<div id='gallery-1' class='gallery galleryid-50 gallery-columns-4 gallery-size-thumbnail'><figure class='gallery-item'>\n\t\t\t<div class='gallery-icon landscape'>\n\t\t\t\t<a href='https:\/\/stadtteilschule-eidelstedt.hamburg.de\/wp-content\/uploads\/sites\/726\/2018\/10\/DSC_0777_reduziert.jpg' title=\"\" data-rl_title=\"\" class=\"rl-gallery-link\" data-rl_caption=\"\" data-rel=\"lightbox-gallery-1\"><img loading=\"lazy\" decoding=\"async\" width=\"150\" height=\"150\" src=\"https:\/\/stadtteilschule-eidelstedt.hamburg.de\/wp-content\/uploads\/sites\/726\/2018\/10\/DSC_0777_reduziert-150x150.jpg\" class=\"attachment-thumbnail size-thumbnail\" alt=\"\" srcset=\"https:\/\/stadtteilschule-eidelstedt.hamburg.de\/wp-content\/uploads\/sites\/726\/2018\/10\/DSC_0777_reduziert-150x150.jpg 150w, https:\/\/stadtteilschule-eidelstedt.hamburg.de\/wp-content\/uploads\/sites\/726\/2018\/10\/DSC_0777_reduziert-100x100.jpg 100w\" sizes=\"auto, 100vw\" \/><\/a>\n\t\t\t<\/div><\/figure><figure class='gallery-item'>\n\t\t\t<div class='gallery-icon landscape'>\n\t\t\t\t<a href='https:\/\/stadtteilschule-eidelstedt.hamburg.de\/wp-content\/uploads\/sites\/726\/2018\/10\/IMG_7577_reduziert.jpg' title=\"\" data-rl_title=\"\" class=\"rl-gallery-link\" data-rl_caption=\"\" data-rel=\"lightbox-gallery-1\"><img loading=\"lazy\" decoding=\"async\" width=\"150\" height=\"150\" src=\"https:\/\/stadtteilschule-eidelstedt.hamburg.de\/wp-content\/uploads\/sites\/726\/2018\/10\/IMG_7577_reduziert-150x150.jpg\" class=\"attachment-thumbnail size-thumbnail\" alt=\"\" srcset=\"https:\/\/stadtteilschule-eidelstedt.hamburg.de\/wp-content\/uploads\/sites\/726\/2018\/10\/IMG_7577_reduziert-150x150.jpg 150w, https:\/\/stadtteilschule-eidelstedt.hamburg.de\/wp-content\/uploads\/sites\/726\/2018\/10\/IMG_7577_reduziert-100x100.jpg 100w\" sizes=\"auto, 100vw\" \/><\/a>\n\t\t\t<\/div><\/figure><figure class='gallery-item'>\n\t\t\t<div class='gallery-icon landscape'>\n\t\t\t\t<a href='https:\/\/stadtteilschule-eidelstedt.hamburg.de\/wp-content\/uploads\/sites\/726\/2018\/10\/IMG_7586_reduziert.jpg' title=\"\" data-rl_title=\"\" class=\"rl-gallery-link\" data-rl_caption=\"\" data-rel=\"lightbox-gallery-1\"><img loading=\"lazy\" decoding=\"async\" width=\"150\" height=\"150\" src=\"https:\/\/stadtteilschule-eidelstedt.hamburg.de\/wp-content\/uploads\/sites\/726\/2018\/10\/IMG_7586_reduziert-150x150.jpg\" class=\"attachment-thumbnail size-thumbnail\" alt=\"\" srcset=\"https:\/\/stadtteilschule-eidelstedt.hamburg.de\/wp-content\/uploads\/sites\/726\/2018\/10\/IMG_7586_reduziert-150x150.jpg 150w, https:\/\/stadtteilschule-eidelstedt.hamburg.de\/wp-content\/uploads\/sites\/726\/2018\/10\/IMG_7586_reduziert-100x100.jpg 100w\" sizes=\"auto, 100vw\" \/><\/a>\n\t\t\t<\/div><\/figure><figure class='gallery-item'>\n\t\t\t<div class='gallery-icon landscape'>\n\t\t\t\t<a href='https:\/\/stadtteilschule-eidelstedt.hamburg.de\/wp-content\/uploads\/sites\/726\/2018\/10\/IMG_7582_reduziert.jpg' title=\"\" data-rl_title=\"\" class=\"rl-gallery-link\" data-rl_caption=\"\" data-rel=\"lightbox-gallery-1\"><img loading=\"lazy\" decoding=\"async\" width=\"150\" height=\"150\" src=\"https:\/\/stadtteilschule-eidelstedt.hamburg.de\/wp-content\/uploads\/sites\/726\/2018\/10\/IMG_7582_reduziert-150x150.jpg\" class=\"attachment-thumbnail size-thumbnail\" alt=\"\" srcset=\"https:\/\/stadtteilschule-eidelstedt.hamburg.de\/wp-content\/uploads\/sites\/726\/2018\/10\/IMG_7582_reduziert-150x150.jpg 150w, https:\/\/stadtteilschule-eidelstedt.hamburg.de\/wp-content\/uploads\/sites\/726\/2018\/10\/IMG_7582_reduziert-100x100.jpg 100w\" sizes=\"auto, 100vw\" \/><\/a>\n\t\t\t<\/div><\/figure>\n\t\t<\/div>\n\n","protected":false},"excerpt":{"rendered":"<p>Wir sind eine Ganztagsschule in teilgebundener Form, d.h. an zwei Tagen in der Woche sind die Nachmittagsangebote frei w\u00e4hlbar (Montag\/Mittwoch), an den gebundenen Tagen (Dienstag\/Donnerstag) gibt es verpflichtenden Unterricht am Nachmittag. Freitags findet eine Betreuung am Standort Niekampsweg statt. In den letzten zwei Jahren hat sich das Wahlangebot auch am Schulvormittag f\u00fcr die Jahrg\u00e4nge 5-9 &hellip; <\/p>\n<p class=\"link-more\"><a href=\"https:\/\/stadtteilschule-eidelstedt.hamburg.de\/?page_id=50\" class=\"more-link\"><span class=\"screen-reader-text\">\u201eGanztag\u201c <\/span>weiterlesen<\/a><\/p>\n","protected":false},"author":898,"featured_media":6483,"parent":7,"menu_order":10,"comment_status":"closed","ping_status":"closed","template":"","meta":{"_acf_changed":false,"footnotes":""},"class_list":["post-50","page","type-page","status-publish","has-post-thumbnail","hentry"],"acf":[],"_links":{"self":[{"href":"https:\/\/stadtteilschule-eidelstedt.hamburg.de\/index.php?rest_route=\/wp\/v2\/pages\/50","targetHints":{"allow":["GET"]}}],"collection":[{"href":"https:\/\/stadtteilschule-eidelstedt.hamburg.de\/index.php?rest_route=\/wp\/v2\/pages"}],"about":[{"href":"https:\/\/stadtteilschule-eidelstedt.hamburg.de\/index.php?rest_route=\/wp\/v2\/types\/page"}],"author":[{"embeddable":true,"href":"https:\/\/stadtteilschule-eidelstedt.hamburg.de\/index.php?rest_route=\/wp\/v2\/users\/898"}],"replies":[{"embeddable":true,"href":"https:\/\/stadtteilschule-eidelstedt.hamburg.de\/index.php?rest_route=%2Fwp%2Fv2%2Fcomments&post=50"}],"version-history":[{"count":24,"href":"https:\/\/stadtteilschule-eidelstedt.hamburg.de\/index.php?rest_route=\/wp\/v2\/pages\/50\/revisions"}],"predecessor-version":[{"id":8632,"href":"https:\/\/stadtteilschule-eidelstedt.hamburg.de\/index.php?rest_route=\/wp\/v2\/pages\/50\/revisions\/8632"}],"up":[{"embeddable":true,"href":"https:\/\/stadtteilschule-eidelstedt.hamburg.de\/index.php?rest_route=\/wp\/v2\/pages\/7"}],"wp:featuredmedia":[{"embeddable":true,"href":"https:\/\/stadtteilschule-eidelstedt.hamburg.de\/index.php?rest_route=\/wp\/v2\/media\/6483"}],"wp:attachment":[{"href":"https:\/\/stadtteilschule-eidelstedt.hamburg.de\/index.php?rest_route=%2Fwp%2Fv2%2Fmedia&parent=50"}],"curies":[{"name":"wp","href":"https:\/\/api.w.org\/{rel}","templated":true}]}}