{"id":51,"date":"2018-09-11T09:08:19","date_gmt":"2018-09-11T07:08:19","guid":{"rendered":"http:\/\/stadtteilschule-eidelstedt.schulhomepages.hamburg.de\/?page_id=51"},"modified":"2024-07-05T16:00:04","modified_gmt":"2024-07-05T14:00:04","slug":"streitschlichter","status":"publish","type":"page","link":"https:\/\/stadtteilschule-eidelstedt.hamburg.de\/?page_id=51","title":{"rendered":"Streitschlichter"},"content":{"rendered":"<p><span style=\"font-family: Arial, sans-serif\">Seit mehr als 24 Jahren bildet der Beratungsdienst Sch\u00fcler*innen zu Streitschlichter*innen aus. Waren es 5000 oder vielleicht sogar mehr als 6000 erfolgreiche Schlichtungen in der Zeit? Wir wissen es nicht. Sicher ist aber, dass die Streitenden nach geschlichteten Konflikten wieder Spa\u00df am Schulleben haben und sich besser auf den Unterricht konzentrieren k\u00f6nnen.<\/span><\/p>\n<p><span style=\"font-family: Arial, sans-serif\">Das Streitschlichterteam bietet bei Streitigkeiten aller Art seine Hilfe an. Streitschlichter*innen nehmen sich Zeit, sind neutral und beteiligen sich nicht an disziplinarischen Ma\u00dfnahmen. Alles, was in einer Schlichtung besprochen wird, bleibt vertraulich! <\/span><\/p>\n<p><span style=\"font-family: Arial, sans-serif\">Am j\u00e4hrlich durchgef\u00fchrten Streitschlichtertag der Schulbeh\u00f6rde wurden unsere Sch\u00fcler*innen bereits mehrfach ausgezeichnet.<\/span><\/p>\n<p><span style=\"font-family: Arial, sans-serif\">Ausgebildet und betreut wird das Team im Rahmen des Wahlpflichtunterrichts im Jahrgang 9 von Frau Baptista und Herrn Petersen.<\/span><\/p>\n<div id='gallery-1' class='gallery galleryid-51 gallery-columns-3 gallery-size-thumbnail'><figure class='gallery-item'>\n\t\t\t<div class='gallery-icon portrait'>\n\t\t\t\t<a href='https:\/\/stadtteilschule-eidelstedt.hamburg.de\/wp-content\/uploads\/sites\/726\/2024\/07\/Streitschlichter-Rathaus-3-rotated.jpg' title=\"\" data-rl_title=\"\" class=\"rl-gallery-link\" data-rl_caption=\"\" data-rel=\"lightbox-gallery-1\"><img loading=\"lazy\" decoding=\"async\" width=\"150\" height=\"150\" src=\"https:\/\/stadtteilschule-eidelstedt.hamburg.de\/wp-content\/uploads\/sites\/726\/2024\/07\/Streitschlichter-Rathaus-3-150x150.jpg\" class=\"attachment-thumbnail size-thumbnail\" alt=\"\" srcset=\"https:\/\/stadtteilschule-eidelstedt.hamburg.de\/wp-content\/uploads\/sites\/726\/2024\/07\/Streitschlichter-Rathaus-3-150x150.jpg 150w, https:\/\/stadtteilschule-eidelstedt.hamburg.de\/wp-content\/uploads\/sites\/726\/2024\/07\/Streitschlichter-Rathaus-3-100x100.jpg 100w\" sizes=\"auto, 100vw\" \/><\/a>\n\t\t\t<\/div><\/figure><figure class='gallery-item'>\n\t\t\t<div class='gallery-icon landscape'>\n\t\t\t\t<a href='https:\/\/stadtteilschule-eidelstedt.hamburg.de\/wp-content\/uploads\/sites\/726\/2024\/07\/Streitschlichter-im-LI.jpg' title=\"\" data-rl_title=\"\" class=\"rl-gallery-link\" data-rl_caption=\"\" data-rel=\"lightbox-gallery-1\"><img loading=\"lazy\" decoding=\"async\" width=\"150\" height=\"150\" src=\"https:\/\/stadtteilschule-eidelstedt.hamburg.de\/wp-content\/uploads\/sites\/726\/2024\/07\/Streitschlichter-im-LI-150x150.jpg\" class=\"attachment-thumbnail size-thumbnail\" alt=\"\" srcset=\"https:\/\/stadtteilschule-eidelstedt.hamburg.de\/wp-content\/uploads\/sites\/726\/2024\/07\/Streitschlichter-im-LI-150x150.jpg 150w, https:\/\/stadtteilschule-eidelstedt.hamburg.de\/wp-content\/uploads\/sites\/726\/2024\/07\/Streitschlichter-im-LI-100x100.jpg 100w\" sizes=\"auto, 100vw\" \/><\/a>\n\t\t\t<\/div><\/figure><figure class='gallery-item'>\n\t\t\t<div class='gallery-icon portrait'>\n\t\t\t\t<a href='https:\/\/stadtteilschule-eidelstedt.hamburg.de\/wp-content\/uploads\/sites\/726\/2024\/07\/Buergermeister-und-Nupelda.jpg' title=\"\" data-rl_title=\"\" class=\"rl-gallery-link\" data-rl_caption=\"\" data-rel=\"lightbox-gallery-1\"><img loading=\"lazy\" decoding=\"async\" width=\"150\" height=\"150\" src=\"https:\/\/stadtteilschule-eidelstedt.hamburg.de\/wp-content\/uploads\/sites\/726\/2024\/07\/Buergermeister-und-Nupelda-150x150.jpg\" class=\"attachment-thumbnail size-thumbnail\" alt=\"\" srcset=\"https:\/\/stadtteilschule-eidelstedt.hamburg.de\/wp-content\/uploads\/sites\/726\/2024\/07\/Buergermeister-und-Nupelda-150x150.jpg 150w, https:\/\/stadtteilschule-eidelstedt.hamburg.de\/wp-content\/uploads\/sites\/726\/2024\/07\/Buergermeister-und-Nupelda-100x100.jpg 100w\" sizes=\"auto, 100vw\" \/><\/a>\n\t\t\t<\/div><\/figure>\n\t\t<\/div>\n\n<p>&nbsp;<\/p>\n","protected":false},"excerpt":{"rendered":"<p>Seit mehr als 24 Jahren bildet der Beratungsdienst Sch\u00fcler*innen zu Streitschlichter*innen aus. Waren es 5000 oder vielleicht sogar mehr als 6000 erfolgreiche Schlichtungen in der Zeit? Wir wissen es nicht. Sicher ist aber, dass die Streitenden nach geschlichteten Konflikten wieder Spa\u00df am Schulleben haben und sich besser auf den Unterricht konzentrieren k\u00f6nnen. Das Streitschlichterteam bietet &hellip; <\/p>\n<p class=\"link-more\"><a href=\"https:\/\/stadtteilschule-eidelstedt.hamburg.de\/?page_id=51\" class=\"more-link\"><span class=\"screen-reader-text\">\u201eStreitschlichter\u201c <\/span>weiterlesen<\/a><\/p>\n","protected":false},"author":898,"featured_media":7521,"parent":7,"menu_order":20,"comment_status":"closed","ping_status":"closed","template":"","meta":{"_acf_changed":false,"footnotes":""},"class_list":["post-51","page","type-page","status-publish","has-post-thumbnail","hentry"],"acf":[],"_links":{"self":[{"href":"https:\/\/stadtteilschule-eidelstedt.hamburg.de\/index.php?rest_route=\/wp\/v2\/pages\/51","targetHints":{"allow":["GET"]}}],"collection":[{"href":"https:\/\/stadtteilschule-eidelstedt.hamburg.de\/index.php?rest_route=\/wp\/v2\/pages"}],"about":[{"href":"https:\/\/stadtteilschule-eidelstedt.hamburg.de\/index.php?rest_route=\/wp\/v2\/types\/page"}],"author":[{"embeddable":true,"href":"https:\/\/stadtteilschule-eidelstedt.hamburg.de\/index.php?rest_route=\/wp\/v2\/users\/898"}],"replies":[{"embeddable":true,"href":"https:\/\/stadtteilschule-eidelstedt.hamburg.de\/index.php?rest_route=%2Fwp%2Fv2%2Fcomments&post=51"}],"version-history":[{"count":7,"href":"https:\/\/stadtteilschule-eidelstedt.hamburg.de\/index.php?rest_route=\/wp\/v2\/pages\/51\/revisions"}],"predecessor-version":[{"id":7531,"href":"https:\/\/stadtteilschule-eidelstedt.hamburg.de\/index.php?rest_route=\/wp\/v2\/pages\/51\/revisions\/7531"}],"up":[{"embeddable":true,"href":"https:\/\/stadtteilschule-eidelstedt.hamburg.de\/index.php?rest_route=\/wp\/v2\/pages\/7"}],"wp:featuredmedia":[{"embeddable":true,"href":"https:\/\/stadtteilschule-eidelstedt.hamburg.de\/index.php?rest_route=\/wp\/v2\/media\/7521"}],"wp:attachment":[{"href":"https:\/\/stadtteilschule-eidelstedt.hamburg.de\/index.php?rest_route=%2Fwp%2Fv2%2Fmedia&parent=51"}],"curies":[{"name":"wp","href":"https:\/\/api.w.org\/{rel}","templated":true}]}}