{"id":54,"date":"2018-09-11T09:09:21","date_gmt":"2018-09-11T07:09:21","guid":{"rendered":"http:\/\/stadtteilschule-eidelstedt.schulhomepages.hamburg.de\/?page_id=54"},"modified":"2023-04-13T14:21:40","modified_gmt":"2023-04-13T12:21:40","slug":"schulsanitaeter","status":"publish","type":"page","link":"https:\/\/stadtteilschule-eidelstedt.hamburg.de\/?page_id=54","title":{"rendered":"Schulsanit\u00e4ter"},"content":{"rendered":"<p><strong>Schulsanit\u00e4tsdienst an der Stadtteilschule Eidelstedt<\/strong><\/p>\n<p>Mit dem \u201eSchulsanidienst\u201c st\u00e4rken wir als Schule das Verantwortungs- und Selbstwertgef\u00fchl unserer Sch\u00fcler:innen.<\/p>\n<p><a name=\"_GoBack\"><\/a>Wir alle k\u00f6nnen Leben retten, und je fr\u00fcher mit der Ausbildung begonnen wird, desto mehr festigt sich das lebensrettende Wissen.<\/p>\n<p>Bei uns k\u00f6nnen sich Sch\u00fcler:innen ab der 8. Klasse zu Schulsanit\u00e4ter:innen ausbilden lassen. Denn beim Spielen in der Pause, im Sportunterricht oder auf dem Schulhof gibt es immer wieder kleinere und gr\u00f6\u00dfere Verletzungen. Die Schulsanit\u00e4ter:innen wissen, was in solchen Situationen zu tun ist.<\/p>\n<p>Unser Kooperationspartner ist der Arbeiter-Samariter-Bund (ASB). Er f\u00fchrt die Erste Hilfe- und Schulsanit\u00e4tsausbildung durch und sorgt bei monatlichen Treffen f\u00fcr regelm\u00e4\u00dfige Fortbildung der Sch\u00fcler:innen.<\/p>\n<p>Ansprechpartnerin ist Frau Bosse.<\/p>\n<p><img loading=\"lazy\" decoding=\"async\" class=\"aligncenter size-large wp-image-6160\" src=\"https:\/\/stadtteilschule-eidelstedt.hamburg.de\/wp-content\/uploads\/sites\/726\/2023\/02\/Schulsanitaeterinnen-web-1024x683.jpg\" alt=\"\" width=\"525\" height=\"350\" srcset=\"https:\/\/stadtteilschule-eidelstedt.hamburg.de\/wp-content\/uploads\/sites\/726\/2023\/02\/Schulsanitaeterinnen-web-1024x683.jpg 1024w, https:\/\/stadtteilschule-eidelstedt.hamburg.de\/wp-content\/uploads\/sites\/726\/2023\/02\/Schulsanitaeterinnen-web-300x200.jpg 300w, https:\/\/stadtteilschule-eidelstedt.hamburg.de\/wp-content\/uploads\/sites\/726\/2023\/02\/Schulsanitaeterinnen-web-768x512.jpg 768w, https:\/\/stadtteilschule-eidelstedt.hamburg.de\/wp-content\/uploads\/sites\/726\/2023\/02\/Schulsanitaeterinnen-web-1536x1024.jpg 1536w, https:\/\/stadtteilschule-eidelstedt.hamburg.de\/wp-content\/uploads\/sites\/726\/2023\/02\/Schulsanitaeterinnen-web.jpg 1800w\" sizes=\"auto, (max-width: 525px) 100vw, 525px\" \/><\/p>\n","protected":false},"excerpt":{"rendered":"<p>Schulsanit\u00e4tsdienst an der Stadtteilschule Eidelstedt Mit dem \u201eSchulsanidienst\u201c st\u00e4rken wir als Schule das Verantwortungs- und Selbstwertgef\u00fchl unserer Sch\u00fcler:innen. Wir alle k\u00f6nnen Leben retten, und je fr\u00fcher mit der Ausbildung begonnen wird, desto mehr festigt sich das lebensrettende Wissen. Bei uns k\u00f6nnen sich Sch\u00fcler:innen ab der 8. Klasse zu Schulsanit\u00e4ter:innen ausbilden lassen. Denn beim Spielen in &hellip; <\/p>\n<p class=\"link-more\"><a href=\"https:\/\/stadtteilschule-eidelstedt.hamburg.de\/?page_id=54\" class=\"more-link\"><span class=\"screen-reader-text\">\u201eSchulsanit\u00e4ter\u201c <\/span>weiterlesen<\/a><\/p>\n","protected":false},"author":898,"featured_media":6160,"parent":7,"menu_order":50,"comment_status":"closed","ping_status":"closed","template":"","meta":{"_acf_changed":false,"footnotes":""},"class_list":["post-54","page","type-page","status-publish","has-post-thumbnail","hentry"],"acf":[],"_links":{"self":[{"href":"https:\/\/stadtteilschule-eidelstedt.hamburg.de\/index.php?rest_route=\/wp\/v2\/pages\/54","targetHints":{"allow":["GET"]}}],"collection":[{"href":"https:\/\/stadtteilschule-eidelstedt.hamburg.de\/index.php?rest_route=\/wp\/v2\/pages"}],"about":[{"href":"https:\/\/stadtteilschule-eidelstedt.hamburg.de\/index.php?rest_route=\/wp\/v2\/types\/page"}],"author":[{"embeddable":true,"href":"https:\/\/stadtteilschule-eidelstedt.hamburg.de\/index.php?rest_route=\/wp\/v2\/users\/898"}],"replies":[{"embeddable":true,"href":"https:\/\/stadtteilschule-eidelstedt.hamburg.de\/index.php?rest_route=%2Fwp%2Fv2%2Fcomments&post=54"}],"version-history":[{"count":5,"href":"https:\/\/stadtteilschule-eidelstedt.hamburg.de\/index.php?rest_route=\/wp\/v2\/pages\/54\/revisions"}],"predecessor-version":[{"id":6310,"href":"https:\/\/stadtteilschule-eidelstedt.hamburg.de\/index.php?rest_route=\/wp\/v2\/pages\/54\/revisions\/6310"}],"up":[{"embeddable":true,"href":"https:\/\/stadtteilschule-eidelstedt.hamburg.de\/index.php?rest_route=\/wp\/v2\/pages\/7"}],"wp:featuredmedia":[{"embeddable":true,"href":"https:\/\/stadtteilschule-eidelstedt.hamburg.de\/index.php?rest_route=\/wp\/v2\/media\/6160"}],"wp:attachment":[{"href":"https:\/\/stadtteilschule-eidelstedt.hamburg.de\/index.php?rest_route=%2Fwp%2Fv2%2Fmedia&parent=54"}],"curies":[{"name":"wp","href":"https:\/\/api.w.org\/{rel}","templated":true}]}}