{"id":59,"date":"2018-09-11T09:12:50","date_gmt":"2018-09-11T07:12:50","guid":{"rendered":"http:\/\/stadtteilschule-eidelstedt.schulhomepages.hamburg.de\/?page_id=59"},"modified":"2022-02-16T20:16:18","modified_gmt":"2022-02-16T19:16:18","slug":"klimaschule","status":"publish","type":"page","link":"https:\/\/stadtteilschule-eidelstedt.hamburg.de\/?page_id=59","title":{"rendered":"Wir sind Klimaschule"},"content":{"rendered":"<p style=\"font-weight: 400\">Seit 2010 ist die Stadtteilschule Eidelstedt Klimaschule. Regelm\u00e4\u00dfig wird unser Engagement \u00fcberpr\u00fcft, um die Auszeichnung zu erhalten. Das Ziel, den eigenen \u00f6kologischen Fu\u00dfabdruck zu reduzieren, wird auf mehreren Ebenen und in zahlreichen Projekten verfolgt, initialisiert und koordiniert von unseren Klimaschutzbeauftragten Herrn Grimm, Herrn von Giese und Herrn Th\u00fcrich.<\/p>\n<p style=\"font-weight: 400\">Spezielle <strong>Unterrichtseinheiten<\/strong> in mehreren F\u00e4chern bereiten unsere Sch\u00fclerinnen und Sch\u00fcler auf ihre Zukunft als Klimasch\u00fctzer vor.<\/p>\n<p><img loading=\"lazy\" decoding=\"async\" class=\"aligncenter wp-image-4913\" src=\"https:\/\/stadtteilschule-eidelstedt.hamburg.de\/wp-content\/uploads\/sites\/726\/2022\/02\/IMG-20210923.jpeg\" alt=\"\" width=\"400\" height=\"300\" srcset=\"https:\/\/stadtteilschule-eidelstedt.hamburg.de\/wp-content\/uploads\/sites\/726\/2022\/02\/IMG-20210923.jpeg 640w, https:\/\/stadtteilschule-eidelstedt.hamburg.de\/wp-content\/uploads\/sites\/726\/2022\/02\/IMG-20210923-300x225.jpeg 300w\" sizes=\"auto, (max-width: 400px) 100vw, 400px\" \/><\/p>\n<p style=\"font-weight: 400\">In den Klassen 5 -7 \u00fcberwachen unsere <strong>Klimadetektive<\/strong> M\u00fclltrennung und Energiesparma\u00dfnahmen. Geschult und betreut werden sie von unseren \u201eProfi-Klimadetektiven\u201c.<\/p>\n<p>&nbsp;<\/p>\n<p style=\"font-weight: 400\">In unserem <a href=\"https:\/\/stadtteilschule-eidelstedt.hamburg.de\/schulgarten\/\" target=\"_blank\" rel=\"noopener\">Schulgarten<\/a> steht der <strong>Klimacontainer<\/strong>, wo am mobilen Windrad und an beweglichen Photovoltaikplatten ausprobiert werden kann, was die Voltmeter h\u00f6her ausschlagen l\u00e4sst. Vielleicht kann hier schon bald das eigene Handy geladen werden?<\/p>\n<p style=\"font-weight: 400\">Unsere <strong>Wetterstation<\/strong> liefert Wetterdaten aus dem direkten Umfeld, die gesammelt und ausgewertet werden k\u00f6nnen.<\/p>\n<p><img loading=\"lazy\" decoding=\"async\" class=\"aligncenter wp-image-4912\" src=\"https:\/\/stadtteilschule-eidelstedt.hamburg.de\/wp-content\/uploads\/sites\/726\/2022\/02\/IMG-20210924.jpeg\" alt=\"\" width=\"400\" height=\"300\" srcset=\"https:\/\/stadtteilschule-eidelstedt.hamburg.de\/wp-content\/uploads\/sites\/726\/2022\/02\/IMG-20210924.jpeg 640w, https:\/\/stadtteilschule-eidelstedt.hamburg.de\/wp-content\/uploads\/sites\/726\/2022\/02\/IMG-20210924-300x225.jpeg 300w\" sizes=\"auto, (max-width: 400px) 100vw, 400px\" \/><\/p>\n<p style=\"font-weight: 400\">Immer wieder gibt es<strong> f\u00e4cher- und jahrgangs\u00fcbergreifende Aktionen<\/strong> wie beispielsweise den \u201e<a href=\"https:\/\/stadtteilschule-eidelstedt.hamburg.de\/2018\/09\/21\/stsei-beim-carrotmob\/\" target=\"_blank\" rel=\"noopener\">Carrotmob<\/a>\u201c, der Einzelh\u00e4ndler im Hinblick auf klimafreundliche Anschaffungen unterst\u00fctzt. Die Sondermittel, die wir als Klimaschule beantragen d\u00fcrfen, werden in <strong>Exkursionen<\/strong> und in <strong>Workshops<\/strong> mit&nbsp; Expertinnen und Experten zum Thema \u201eKlima und Nachhaltigkeit\u201c investiert.<\/p>\n<p style=\"font-weight: 400\">Bis zum Beginn der Corona-Pandemie war auch die \u201eKinderKulturkarawane\u201c&nbsp;regelm\u00e4\u00dfig zu Gast&nbsp;bei uns, um im Rahmen&nbsp;von Tanzprojekten mit&nbsp;internationalen Gruppen Klimagerechtigkeit zu thematisieren.<\/p>\n<p><img loading=\"lazy\" decoding=\"async\" class=\"aligncenter wp-image-4916\" src=\"https:\/\/stadtteilschule-eidelstedt.hamburg.de\/wp-content\/uploads\/sites\/726\/2022\/02\/IMG_3720.jpeg\" alt=\"\" width=\"400\" height=\"300\" srcset=\"https:\/\/stadtteilschule-eidelstedt.hamburg.de\/wp-content\/uploads\/sites\/726\/2022\/02\/IMG_3720.jpeg 640w, https:\/\/stadtteilschule-eidelstedt.hamburg.de\/wp-content\/uploads\/sites\/726\/2022\/02\/IMG_3720-300x225.jpeg 300w\" sizes=\"auto, (max-width: 400px) 100vw, 400px\" \/><\/p>\n<p>&nbsp;<\/p>\n<p style=\"font-weight: 400\">Die <strong>Photovoltaiganlage <\/strong>auf dem Dach unseres Hauptstandortes speist s\u00e4mtliche Rechner und Ports. Unser Kollegium spart CO2 ein durch die Teilnahme an <strong>Fahrrad-Kampagnen<\/strong> wie \u201eSTSEi ohne CO2\u201c sowie zuvor am \u201eStadtradeln\u201c.<\/p>\n<p style=\"font-weight: 400;text-align: center\">Unsere Klimaschutzbeauftragten sind per Mail <strong><a href=\"mailto:stadtteilschule-eidelstedt@bsb.hamburg.de\">HIER<\/a><\/strong> erreichbar.<\/p>\n<p style=\"font-weight: 400;text-align: center\">Den Klimaschutzplan finden Sie <strong><a href=\"https:\/\/stadtteilschule-eidelstedt.hamburg.de\/wp-content\/uploads\/sites\/726\/2022\/02\/Klimaschutzplan.pdf\" target=\"_blank\" rel=\"noopener\">HIER<\/a> <\/strong><\/p>\n<p style=\"font-weight: 400;text-align: center\">Unsere Klimatabelle ist als vollst\u00e4ndige Mappe f\u00fcr Sie <strong><a href=\"https:\/\/docs.google.com\/spreadsheets\/d\/1LkGT8NB2AWJFY2deUWCdDiuMweZoAOZRO_oCK0hP9qU\/edit?usp=sharing\" target=\"_blank\" rel=\"noopener\">HIER<\/a><\/strong> einsehbar:<\/p>\n<p style=\"font-weight: 400;text-align: center\"><a href=\"https:\/\/docs.google.com\/spreadsheets\/d\/1LkGT8NB2AWJFY2deUWCdDiuMweZoAOZRO_oCK0hP9qU\/edit?usp=sharing\" target=\"_blank\" rel=\"noopener\"><img loading=\"lazy\" decoding=\"async\" class=\"aligncenter wp-image-4919 size-large\" src=\"https:\/\/stadtteilschule-eidelstedt.hamburg.de\/wp-content\/uploads\/sites\/726\/2022\/02\/preview-Klimatabelle-1024x486.png\" alt=\"\" width=\"525\" height=\"249\" srcset=\"https:\/\/stadtteilschule-eidelstedt.hamburg.de\/wp-content\/uploads\/sites\/726\/2022\/02\/preview-Klimatabelle-1024x486.png 1024w, https:\/\/stadtteilschule-eidelstedt.hamburg.de\/wp-content\/uploads\/sites\/726\/2022\/02\/preview-Klimatabelle-300x142.png 300w, https:\/\/stadtteilschule-eidelstedt.hamburg.de\/wp-content\/uploads\/sites\/726\/2022\/02\/preview-Klimatabelle-768x364.png 768w, https:\/\/stadtteilschule-eidelstedt.hamburg.de\/wp-content\/uploads\/sites\/726\/2022\/02\/preview-Klimatabelle-1536x728.png 1536w, https:\/\/stadtteilschule-eidelstedt.hamburg.de\/wp-content\/uploads\/sites\/726\/2022\/02\/preview-Klimatabelle-2048x971.png 2048w\" sizes=\"auto, (max-width: 525px) 100vw, 525px\" \/><\/a><\/p>\n","protected":false},"excerpt":{"rendered":"<p>Seit 2010 ist die Stadtteilschule Eidelstedt Klimaschule. Regelm\u00e4\u00dfig wird unser Engagement \u00fcberpr\u00fcft, um die Auszeichnung zu erhalten. Das Ziel, den eigenen \u00f6kologischen Fu\u00dfabdruck zu reduzieren, wird auf mehreren Ebenen und in zahlreichen Projekten verfolgt, initialisiert und koordiniert von unseren Klimaschutzbeauftragten Herrn Grimm, Herrn von Giese und Herrn Th\u00fcrich. Spezielle Unterrichtseinheiten in mehreren F\u00e4chern bereiten unsere &hellip; <\/p>\n<p class=\"link-more\"><a href=\"https:\/\/stadtteilschule-eidelstedt.hamburg.de\/?page_id=59\" class=\"more-link\"><span class=\"screen-reader-text\">\u201eWir sind Klimaschule\u201c <\/span>weiterlesen<\/a><\/p>\n","protected":false},"author":898,"featured_media":4917,"parent":9,"menu_order":20,"comment_status":"closed","ping_status":"closed","template":"","meta":{"_acf_changed":false,"footnotes":""},"class_list":["post-59","page","type-page","status-publish","has-post-thumbnail","hentry"],"acf":[],"_links":{"self":[{"href":"https:\/\/stadtteilschule-eidelstedt.hamburg.de\/index.php?rest_route=\/wp\/v2\/pages\/59","targetHints":{"allow":["GET"]}}],"collection":[{"href":"https:\/\/stadtteilschule-eidelstedt.hamburg.de\/index.php?rest_route=\/wp\/v2\/pages"}],"about":[{"href":"https:\/\/stadtteilschule-eidelstedt.hamburg.de\/index.php?rest_route=\/wp\/v2\/types\/page"}],"author":[{"embeddable":true,"href":"https:\/\/stadtteilschule-eidelstedt.hamburg.de\/index.php?rest_route=\/wp\/v2\/users\/898"}],"replies":[{"embeddable":true,"href":"https:\/\/stadtteilschule-eidelstedt.hamburg.de\/index.php?rest_route=%2Fwp%2Fv2%2Fcomments&post=59"}],"version-history":[{"count":6,"href":"https:\/\/stadtteilschule-eidelstedt.hamburg.de\/index.php?rest_route=\/wp\/v2\/pages\/59\/revisions"}],"predecessor-version":[{"id":4927,"href":"https:\/\/stadtteilschule-eidelstedt.hamburg.de\/index.php?rest_route=\/wp\/v2\/pages\/59\/revisions\/4927"}],"up":[{"embeddable":true,"href":"https:\/\/stadtteilschule-eidelstedt.hamburg.de\/index.php?rest_route=\/wp\/v2\/pages\/9"}],"wp:featuredmedia":[{"embeddable":true,"href":"https:\/\/stadtteilschule-eidelstedt.hamburg.de\/index.php?rest_route=\/wp\/v2\/media\/4917"}],"wp:attachment":[{"href":"https:\/\/stadtteilschule-eidelstedt.hamburg.de\/index.php?rest_route=%2Fwp%2Fv2%2Fmedia&parent=59"}],"curies":[{"name":"wp","href":"https:\/\/api.w.org\/{rel}","templated":true}]}}