{"id":61,"date":"2018-09-11T09:13:38","date_gmt":"2018-09-11T07:13:38","guid":{"rendered":"http:\/\/stadtteilschule-eidelstedt.schulhomepages.hamburg.de\/?page_id=61"},"modified":"2024-07-15T13:20:47","modified_gmt":"2024-07-15T11:20:47","slug":"bewegung-und-gesundheit","status":"publish","type":"page","link":"https:\/\/stadtteilschule-eidelstedt.hamburg.de\/?page_id=61","title":{"rendered":"Bewegung und Gesundheit"},"content":{"rendered":"<p>&nbsp;<\/p>\n<p><img loading=\"lazy\" decoding=\"async\" class=\"alignleft wp-image-761 size-thumbnail\" src=\"https:\/\/stadtteilschule-eidelstedt.hamburg.de\/wp-content\/uploads\/sites\/726\/2018\/11\/DSC05581_reduziert-150x150.jpg\" alt=\"\" width=\"150\" height=\"150\" srcset=\"https:\/\/stadtteilschule-eidelstedt.hamburg.de\/wp-content\/uploads\/sites\/726\/2018\/11\/DSC05581_reduziert-150x150.jpg 150w, https:\/\/stadtteilschule-eidelstedt.hamburg.de\/wp-content\/uploads\/sites\/726\/2018\/11\/DSC05581_reduziert-100x100.jpg 100w\" sizes=\"auto, (max-width: 150px) 100vw, 150px\" \/><\/p>\n<p>Wir bleiben fit und gesund<\/p>\n<p>Wir m\u00f6chten unseren Sch\u00fcler:innen vermitteln, wie wichtig es ist, nachhaltig auf die Gesundheit zu achten.&nbsp;<\/p>\n<p>Hierf\u00fcr bieten wir ihnen in unseren Mensen einen gesunden und attraktiven Pausensnack und ein vollwertiges Mittagsangebot. Alle Sch\u00fcler:innen in der Zweigstelle am Niekampsweg haben eine eigene Wasserflasche, die jederzeit am Wasserspender gef\u00fcllt werden kann.<\/p>\n<p>Wir bieten zahlreiche M\u00f6glichkeiten, sich vielseitig zu bewegen. Sowohl am Standort Niekampsweg als auch am Standort Lohkampstra\u00dfe toben, spielen und entspannen unsere Sch\u00fcler:innen auf einer modernen Sport- und Bewegungsanlage. \u00dcber die &#8222;Aktive Pause&#8220; k\u00f6nnen sie sich zus\u00e4tzlich Spielger\u00e4te ausleihen.&nbsp;<\/p>\n<p>Das Thema \u201eGesundheit und Bewegung\u201c kommt auch im Unterricht zum Tragen. Wir m\u00f6chten immer besser darin werden, Bewegungsmomente in jeden Unterricht zu bringen. In den Jahrgangsstufen 5 und 6 bieten wir eine Themenklasse \u201eGesund und Fit\u201c.&nbsp;<\/p>\n<div id='gallery-1' class='gallery galleryid-61 gallery-columns-4 gallery-size-thumbnail'><figure class='gallery-item'>\n\t\t\t<div class='gallery-icon portrait'>\n\t\t\t\t<a href='https:\/\/stadtteilschule-eidelstedt.hamburg.de\/wp-content\/uploads\/sites\/726\/2021\/11\/IMG_7578-1.jpeg' title=\"\" data-rl_title=\"\" class=\"rl-gallery-link\" data-rl_caption=\"\" data-rel=\"lightbox-gallery-1\"><img loading=\"lazy\" decoding=\"async\" width=\"150\" height=\"150\" src=\"https:\/\/stadtteilschule-eidelstedt.hamburg.de\/wp-content\/uploads\/sites\/726\/2021\/11\/IMG_7578-1-150x150.jpeg\" class=\"attachment-thumbnail size-thumbnail\" alt=\"\" srcset=\"https:\/\/stadtteilschule-eidelstedt.hamburg.de\/wp-content\/uploads\/sites\/726\/2021\/11\/IMG_7578-1-150x150.jpeg 150w, https:\/\/stadtteilschule-eidelstedt.hamburg.de\/wp-content\/uploads\/sites\/726\/2021\/11\/IMG_7578-1-100x100.jpeg 100w\" sizes=\"auto, 100vw\" \/><\/a>\n\t\t\t<\/div><\/figure><figure class='gallery-item'>\n\t\t\t<div class='gallery-icon portrait'>\n\t\t\t\t<a href='https:\/\/stadtteilschule-eidelstedt.hamburg.de\/wp-content\/uploads\/sites\/726\/2021\/11\/IMG_5370-1-rotated.jpeg' title=\"\" data-rl_title=\"\" class=\"rl-gallery-link\" data-rl_caption=\"\" data-rel=\"lightbox-gallery-1\"><img loading=\"lazy\" decoding=\"async\" width=\"150\" height=\"150\" src=\"https:\/\/stadtteilschule-eidelstedt.hamburg.de\/wp-content\/uploads\/sites\/726\/2021\/11\/IMG_5370-1-150x150.jpeg\" class=\"attachment-thumbnail size-thumbnail\" alt=\"\" srcset=\"https:\/\/stadtteilschule-eidelstedt.hamburg.de\/wp-content\/uploads\/sites\/726\/2021\/11\/IMG_5370-1-150x150.jpeg 150w, https:\/\/stadtteilschule-eidelstedt.hamburg.de\/wp-content\/uploads\/sites\/726\/2021\/11\/IMG_5370-1-100x100.jpeg 100w\" sizes=\"auto, 100vw\" \/><\/a>\n\t\t\t<\/div><\/figure><figure class='gallery-item'>\n\t\t\t<div class='gallery-icon landscape'>\n\t\t\t\t<a href='https:\/\/stadtteilschule-eidelstedt.hamburg.de\/wp-content\/uploads\/sites\/726\/2021\/11\/IMG_5358-1-rotated.jpeg' title=\"\" data-rl_title=\"\" class=\"rl-gallery-link\" data-rl_caption=\"\" data-rel=\"lightbox-gallery-1\"><img loading=\"lazy\" decoding=\"async\" width=\"150\" height=\"150\" src=\"https:\/\/stadtteilschule-eidelstedt.hamburg.de\/wp-content\/uploads\/sites\/726\/2021\/11\/IMG_5358-1-150x150.jpeg\" class=\"attachment-thumbnail size-thumbnail\" alt=\"\" srcset=\"https:\/\/stadtteilschule-eidelstedt.hamburg.de\/wp-content\/uploads\/sites\/726\/2021\/11\/IMG_5358-1-150x150.jpeg 150w, https:\/\/stadtteilschule-eidelstedt.hamburg.de\/wp-content\/uploads\/sites\/726\/2021\/11\/IMG_5358-1-100x100.jpeg 100w\" sizes=\"auto, 100vw\" \/><\/a>\n\t\t\t<\/div><\/figure><figure class='gallery-item'>\n\t\t\t<div class='gallery-icon landscape'>\n\t\t\t\t<a href='https:\/\/stadtteilschule-eidelstedt.hamburg.de\/wp-content\/uploads\/sites\/726\/2021\/11\/Glueckstage_XS_29_XS-1.jpeg' title=\"\" data-rl_title=\"\" class=\"rl-gallery-link\" data-rl_caption=\"\" data-rel=\"lightbox-gallery-1\"><img loading=\"lazy\" decoding=\"async\" width=\"150\" height=\"150\" src=\"https:\/\/stadtteilschule-eidelstedt.hamburg.de\/wp-content\/uploads\/sites\/726\/2021\/11\/Glueckstage_XS_29_XS-1-150x150.jpeg\" class=\"attachment-thumbnail size-thumbnail\" alt=\"\" srcset=\"https:\/\/stadtteilschule-eidelstedt.hamburg.de\/wp-content\/uploads\/sites\/726\/2021\/11\/Glueckstage_XS_29_XS-1-150x150.jpeg 150w, https:\/\/stadtteilschule-eidelstedt.hamburg.de\/wp-content\/uploads\/sites\/726\/2021\/11\/Glueckstage_XS_29_XS-1-100x100.jpeg 100w\" sizes=\"auto, 100vw\" \/><\/a>\n\t\t\t<\/div><\/figure><figure class='gallery-item'>\n\t\t\t<div class='gallery-icon landscape'>\n\t\t\t\t<a href='https:\/\/stadtteilschule-eidelstedt.hamburg.de\/wp-content\/uploads\/sites\/726\/2021\/11\/IMG_2873-1.jpeg' title=\"\" data-rl_title=\"\" class=\"rl-gallery-link\" data-rl_caption=\"\" data-rel=\"lightbox-gallery-1\"><img loading=\"lazy\" decoding=\"async\" width=\"150\" height=\"150\" src=\"https:\/\/stadtteilschule-eidelstedt.hamburg.de\/wp-content\/uploads\/sites\/726\/2021\/11\/IMG_2873-1-150x150.jpeg\" class=\"attachment-thumbnail size-thumbnail\" alt=\"\" srcset=\"https:\/\/stadtteilschule-eidelstedt.hamburg.de\/wp-content\/uploads\/sites\/726\/2021\/11\/IMG_2873-1-150x150.jpeg 150w, https:\/\/stadtteilschule-eidelstedt.hamburg.de\/wp-content\/uploads\/sites\/726\/2021\/11\/IMG_2873-1-100x100.jpeg 100w\" sizes=\"auto, 100vw\" \/><\/a>\n\t\t\t<\/div><\/figure><figure class='gallery-item'>\n\t\t\t<div class='gallery-icon landscape'>\n\t\t\t\t<a href='https:\/\/stadtteilschule-eidelstedt.hamburg.de\/wp-content\/uploads\/sites\/726\/2021\/11\/DSCF0656-Kopie-1.jpeg' title=\"\" data-rl_title=\"\" class=\"rl-gallery-link\" data-rl_caption=\"\" data-rel=\"lightbox-gallery-1\"><img loading=\"lazy\" decoding=\"async\" width=\"150\" height=\"150\" src=\"https:\/\/stadtteilschule-eidelstedt.hamburg.de\/wp-content\/uploads\/sites\/726\/2021\/11\/DSCF0656-Kopie-1-150x150.jpeg\" class=\"attachment-thumbnail size-thumbnail\" alt=\"\" srcset=\"https:\/\/stadtteilschule-eidelstedt.hamburg.de\/wp-content\/uploads\/sites\/726\/2021\/11\/DSCF0656-Kopie-1-150x150.jpeg 150w, https:\/\/stadtteilschule-eidelstedt.hamburg.de\/wp-content\/uploads\/sites\/726\/2021\/11\/DSCF0656-Kopie-1-100x100.jpeg 100w\" sizes=\"auto, 100vw\" \/><\/a>\n\t\t\t<\/div><\/figure><figure class='gallery-item'>\n\t\t\t<div class='gallery-icon portrait'>\n\t\t\t\t<a href='https:\/\/stadtteilschule-eidelstedt.hamburg.de\/wp-content\/uploads\/sites\/726\/2021\/11\/a4982213-d136-4cc6-811a-e28ea17ebb97-1.jpeg' title=\"\" data-rl_title=\"\" class=\"rl-gallery-link\" data-rl_caption=\"\" data-rel=\"lightbox-gallery-1\"><img loading=\"lazy\" decoding=\"async\" width=\"150\" height=\"150\" src=\"https:\/\/stadtteilschule-eidelstedt.hamburg.de\/wp-content\/uploads\/sites\/726\/2021\/11\/a4982213-d136-4cc6-811a-e28ea17ebb97-1-150x150.jpeg\" class=\"attachment-thumbnail size-thumbnail\" alt=\"\" srcset=\"https:\/\/stadtteilschule-eidelstedt.hamburg.de\/wp-content\/uploads\/sites\/726\/2021\/11\/a4982213-d136-4cc6-811a-e28ea17ebb97-1-150x150.jpeg 150w, https:\/\/stadtteilschule-eidelstedt.hamburg.de\/wp-content\/uploads\/sites\/726\/2021\/11\/a4982213-d136-4cc6-811a-e28ea17ebb97-1-100x100.jpeg 100w\" sizes=\"auto, 100vw\" \/><\/a>\n\t\t\t<\/div><\/figure><figure class='gallery-item'>\n\t\t\t<div class='gallery-icon landscape'>\n\t\t\t\t<a href='https:\/\/stadtteilschule-eidelstedt.hamburg.de\/wp-content\/uploads\/sites\/726\/2021\/11\/DSF6723-Kopie-1.jpeg' title=\"\" data-rl_title=\"\" class=\"rl-gallery-link\" data-rl_caption=\"\" data-rel=\"lightbox-gallery-1\"><img loading=\"lazy\" decoding=\"async\" width=\"150\" height=\"150\" src=\"https:\/\/stadtteilschule-eidelstedt.hamburg.de\/wp-content\/uploads\/sites\/726\/2021\/11\/DSF6723-Kopie-1-150x150.jpeg\" class=\"attachment-thumbnail size-thumbnail\" alt=\"\" srcset=\"https:\/\/stadtteilschule-eidelstedt.hamburg.de\/wp-content\/uploads\/sites\/726\/2021\/11\/DSF6723-Kopie-1-150x150.jpeg 150w, https:\/\/stadtteilschule-eidelstedt.hamburg.de\/wp-content\/uploads\/sites\/726\/2021\/11\/DSF6723-Kopie-1-100x100.jpeg 100w\" sizes=\"auto, 100vw\" \/><\/a>\n\t\t\t<\/div><\/figure>\n\t\t<\/div>\n\n","protected":false},"excerpt":{"rendered":"<p>&nbsp; Wir bleiben fit und gesund Wir m\u00f6chten unseren Sch\u00fcler:innen vermitteln, wie wichtig es ist, nachhaltig auf die Gesundheit zu achten.&nbsp; Hierf\u00fcr bieten wir ihnen in unseren Mensen einen gesunden und attraktiven Pausensnack und ein vollwertiges Mittagsangebot. Alle Sch\u00fcler:innen in der Zweigstelle am Niekampsweg haben eine eigene Wasserflasche, die jederzeit am Wasserspender gef\u00fcllt werden kann. &hellip; <\/p>\n<p class=\"link-more\"><a href=\"https:\/\/stadtteilschule-eidelstedt.hamburg.de\/?page_id=61\" class=\"more-link\"><span class=\"screen-reader-text\">\u201eBewegung und Gesundheit\u201c <\/span>weiterlesen<\/a><\/p>\n","protected":false},"author":898,"featured_media":653,"parent":9,"menu_order":40,"comment_status":"closed","ping_status":"closed","template":"","meta":{"_acf_changed":false,"footnotes":""},"class_list":["post-61","page","type-page","status-publish","has-post-thumbnail","hentry"],"acf":[],"_links":{"self":[{"href":"https:\/\/stadtteilschule-eidelstedt.hamburg.de\/index.php?rest_route=\/wp\/v2\/pages\/61","targetHints":{"allow":["GET"]}}],"collection":[{"href":"https:\/\/stadtteilschule-eidelstedt.hamburg.de\/index.php?rest_route=\/wp\/v2\/pages"}],"about":[{"href":"https:\/\/stadtteilschule-eidelstedt.hamburg.de\/index.php?rest_route=\/wp\/v2\/types\/page"}],"author":[{"embeddable":true,"href":"https:\/\/stadtteilschule-eidelstedt.hamburg.de\/index.php?rest_route=\/wp\/v2\/users\/898"}],"replies":[{"embeddable":true,"href":"https:\/\/stadtteilschule-eidelstedt.hamburg.de\/index.php?rest_route=%2Fwp%2Fv2%2Fcomments&post=61"}],"version-history":[{"count":9,"href":"https:\/\/stadtteilschule-eidelstedt.hamburg.de\/index.php?rest_route=\/wp\/v2\/pages\/61\/revisions"}],"predecessor-version":[{"id":7546,"href":"https:\/\/stadtteilschule-eidelstedt.hamburg.de\/index.php?rest_route=\/wp\/v2\/pages\/61\/revisions\/7546"}],"up":[{"embeddable":true,"href":"https:\/\/stadtteilschule-eidelstedt.hamburg.de\/index.php?rest_route=\/wp\/v2\/pages\/9"}],"wp:featuredmedia":[{"embeddable":true,"href":"https:\/\/stadtteilschule-eidelstedt.hamburg.de\/index.php?rest_route=\/wp\/v2\/media\/653"}],"wp:attachment":[{"href":"https:\/\/stadtteilschule-eidelstedt.hamburg.de\/index.php?rest_route=%2Fwp%2Fv2%2Fmedia&parent=61"}],"curies":[{"name":"wp","href":"https:\/\/api.w.org\/{rel}","templated":true}]}}