{"id":766,"date":"2018-11-02T13:08:02","date_gmt":"2018-11-02T12:08:02","guid":{"rendered":"http:\/\/stadtteilschule-eidelstedt.schulhomepages.hamburg.de\/?page_id=766"},"modified":"2024-01-12T21:36:27","modified_gmt":"2024-01-12T20:36:27","slug":"beratungsdienst","status":"publish","type":"page","link":"https:\/\/stadtteilschule-eidelstedt.hamburg.de\/?page_id=766","title":{"rendered":"Beratungsdienst"},"content":{"rendered":"<div>\n<p class=\"Standard1\">Sch\u00fcler:innen, Eltern und Lehrer:innen finden hier in schwierigen Situationen Rat und Unterst\u00fctzung. Der Beratungsdienst ist neutral, die Gespr\u00e4che sind auf Wunsch vertraulich.<\/p>\n<\/div>\n<div>\n<p class=\"Standard1\">Schwerpunkte der Arbeit sind Kriseninterventionen und Einzelfallhilfe. Auch Konflikte werden moderiert und bearbeitet. Der Beratungsdienst kooperiert mit anderen Institutionen im Stadtteil, f\u00fchrt schulinterne Fortbildungen durch, ber\u00e4t zur Schullaufbahn, bildet Streitschlichter aus, vermittelt Kuren und vieles mehr. Im Rahmen der klassenbezogenen Beratung werden au\u00dferdem Projekte und Klassenreisen begleitet.<\/p>\n<\/div>\n<div>\n<p class=\"Standard1\">Beide Standorte haben eigene Ansprechpartner:innen:<\/p>\n<\/div>\n<div>\n<p class=\"Standard1\">Frau Kopric (Beratungslehrerin) und Frau B\u00fcnte (Sozialp\u00e4dagogin) sind f\u00fcr den Standort Niekampsweg, Frau Baptista (Beratungslehrerin) und Herr Petersen (Sozialp\u00e4dagoge) f\u00fcr den Standort Lohkampstra\u00dfe zust\u00e4ndig.<\/p>\n<\/div>\n<div>\n<p class=\"Standard1\">Unter <a href=\"mailto:beratungsdienst@stsei.de\"><i>beratungsdienst@stsei.de<\/i><\/a> wird das ganze Team erreicht.<\/p>\n<\/div>\n<div class=\"mceTemp\">&nbsp;<\/div>\n<p><img loading=\"lazy\" decoding=\"async\" class=\"aligncenter wp-image-6148\" src=\"https:\/\/stadtteilschule-eidelstedt.hamburg.de\/wp-content\/uploads\/sites\/726\/2023\/02\/Beratungsdienst-web-1024x683.jpg\" alt=\"\" width=\"800\" height=\"533\" srcset=\"https:\/\/stadtteilschule-eidelstedt.hamburg.de\/wp-content\/uploads\/sites\/726\/2023\/02\/Beratungsdienst-web-1024x683.jpg 1024w, https:\/\/stadtteilschule-eidelstedt.hamburg.de\/wp-content\/uploads\/sites\/726\/2023\/02\/Beratungsdienst-web-300x200.jpg 300w, https:\/\/stadtteilschule-eidelstedt.hamburg.de\/wp-content\/uploads\/sites\/726\/2023\/02\/Beratungsdienst-web-768x512.jpg 768w, https:\/\/stadtteilschule-eidelstedt.hamburg.de\/wp-content\/uploads\/sites\/726\/2023\/02\/Beratungsdienst-web-1536x1024.jpg 1536w, https:\/\/stadtteilschule-eidelstedt.hamburg.de\/wp-content\/uploads\/sites\/726\/2023\/02\/Beratungsdienst-web.jpg 1920w\" sizes=\"auto, (max-width: 706px) 89vw, (max-width: 767px) 82vw, 740px\" \/><\/p>\n","protected":false},"excerpt":{"rendered":"<p>Sch\u00fcler:innen, Eltern und Lehrer:innen finden hier in schwierigen Situationen Rat und Unterst\u00fctzung. Der Beratungsdienst ist neutral, die Gespr\u00e4che sind auf Wunsch vertraulich. Schwerpunkte der Arbeit sind Kriseninterventionen und Einzelfallhilfe. Auch Konflikte werden moderiert und bearbeitet. Der Beratungsdienst kooperiert mit anderen Institutionen im Stadtteil, f\u00fchrt schulinterne Fortbildungen durch, ber\u00e4t zur Schullaufbahn, bildet Streitschlichter aus, vermittelt Kuren &hellip; <\/p>\n<p class=\"link-more\"><a href=\"https:\/\/stadtteilschule-eidelstedt.hamburg.de\/?page_id=766\" class=\"more-link\"><span class=\"screen-reader-text\">\u201eBeratungsdienst\u201c <\/span>weiterlesen<\/a><\/p>\n","protected":false},"author":898,"featured_media":6148,"parent":7,"menu_order":15,"comment_status":"closed","ping_status":"closed","template":"","meta":{"_acf_changed":false,"footnotes":""},"class_list":["post-766","page","type-page","status-publish","has-post-thumbnail","hentry"],"acf":[],"_links":{"self":[{"href":"https:\/\/stadtteilschule-eidelstedt.hamburg.de\/index.php?rest_route=\/wp\/v2\/pages\/766","targetHints":{"allow":["GET"]}}],"collection":[{"href":"https:\/\/stadtteilschule-eidelstedt.hamburg.de\/index.php?rest_route=\/wp\/v2\/pages"}],"about":[{"href":"https:\/\/stadtteilschule-eidelstedt.hamburg.de\/index.php?rest_route=\/wp\/v2\/types\/page"}],"author":[{"embeddable":true,"href":"https:\/\/stadtteilschule-eidelstedt.hamburg.de\/index.php?rest_route=\/wp\/v2\/users\/898"}],"replies":[{"embeddable":true,"href":"https:\/\/stadtteilschule-eidelstedt.hamburg.de\/index.php?rest_route=%2Fwp%2Fv2%2Fcomments&post=766"}],"version-history":[{"count":2,"href":"https:\/\/stadtteilschule-eidelstedt.hamburg.de\/index.php?rest_route=\/wp\/v2\/pages\/766\/revisions"}],"predecessor-version":[{"id":7003,"href":"https:\/\/stadtteilschule-eidelstedt.hamburg.de\/index.php?rest_route=\/wp\/v2\/pages\/766\/revisions\/7003"}],"up":[{"embeddable":true,"href":"https:\/\/stadtteilschule-eidelstedt.hamburg.de\/index.php?rest_route=\/wp\/v2\/pages\/7"}],"wp:featuredmedia":[{"embeddable":true,"href":"https:\/\/stadtteilschule-eidelstedt.hamburg.de\/index.php?rest_route=\/wp\/v2\/media\/6148"}],"wp:attachment":[{"href":"https:\/\/stadtteilschule-eidelstedt.hamburg.de\/index.php?rest_route=%2Fwp%2Fv2%2Fmedia&parent=766"}],"curies":[{"name":"wp","href":"https:\/\/api.w.org\/{rel}","templated":true}]}}