{"id":8,"date":"2018-08-24T12:38:50","date_gmt":"2018-08-24T10:38:50","guid":{"rendered":"http:\/\/stadtteilschule-eidelstedt.schulhomepages.hamburg.de\/?page_id=8"},"modified":"2024-01-12T20:56:46","modified_gmt":"2024-01-12T19:56:46","slug":"kultur","status":"publish","type":"page","link":"https:\/\/stadtteilschule-eidelstedt.hamburg.de\/?page_id=8","title":{"rendered":"Kultur"},"content":{"rendered":"<p>Kulturelle Bildung &#8230;<\/p>\n<p>&#8230; umfasst die vielf\u00e4ltigen \u00e4sthetisch-k\u00fcnstlerischen Zugangsweisen zur Welt.<br \/>\n&#8230; er\u00f6ffnet Kindern und Jugendlichen Zug\u00e4nge zu Kunst und Kultur.<br \/>\n&#8230; ist unverzichtbar f\u00fcr die Pers\u00f6nlichkeitsentwicklung.<br \/>\n&#8230; ist Teil der Allgemeinbildung.<br \/>\n&#8230; vermittelt \u00e4sthetische, k\u00fcnstlerische und fach\u00fcbergreifende Kompetenzen.<br \/>\n&#8230; erm\u00f6glicht kreative und individuelle Lernwege.<\/p>\n<p style=\"font-weight: 400\">Die Teilhabe an Kunst und Kultur ist fester Bestandteil des Schullebens an der Stadtteilschule Eidelstedt.<\/p>\n<p style=\"font-weight: 400\">Seit 10 Jahren begleitet ein Kulturagent des bundesweiten Programms &#8222;Kulturagenten f\u00fcr kreative Schulen&#8220; die schulische Kulturgruppe. Gemeinsam werden k\u00fcnstlerische Projekte konzipiert und realisiert.<\/p>\n<p style=\"font-weight: 400\">W\u00e4hrend des Lockdowns wurde www.UNLASH.ME \u201edas Institut f\u00fcr Potentialausl\u00f6sung\u201c als ein interaktives, digitales Format entwickelt.<\/p>\n<p style=\"font-weight: 400\">Mit den beiden Festivals n.c. und n.c.2 wurde 2022 Kunst und Kultur auch au\u00dferhalb der Schule erlebbar. Die Jugendlichen besch\u00e4ftigten sich mit ihrem Stadtteil und entwickelten Audiowalks, die immer noch zu h\u00f6ren sind.&nbsp;<\/p>\n<p style=\"font-weight: 400\">Im Schuljahr 2022\/2023 startete eine dreij\u00e4hrige Kooperation mit dem Kollektiv \u201eShow and Tell\u201c. Jugendliche wirken bei den Theaterst\u00fccken mit und entwickeln mit Hilfe von Schauspieler:innen und Regisseuren eigene Inszenierungen.<\/p>\n<p style=\"font-weight: 400\">Als neues wiederkehrendes Format hat die Kulturgruppe \u201eKUNST IN DER PAUSE\u201c etabliert: mehrmals im Monat werden die gro\u00dfen Pausen genutzt, um zu einem kulturellen Klein-Ereignis einzuladen und damit Blick und Herz zu erfrischen.<\/p>\n<p style=\"font-weight: 400\">Neue Vermittlungsformate werden erprobt, wie zum Beispiel U.P.S., ein Performance-Liefer-Service f\u00fcr den Klassenraum.<\/p>\n<p style=\"font-weight: 400\">Die Sch\u00fcler:innen der STS Eidelstedt sind regelm\u00e4\u00dfig an Veranstaltungen und Angeboten von Museen, Theatern und Kulturzentren beteiligt und zeigen die Ergebnisse der Kooperationen in wichtigen Kulturinstitutionen.<\/p>\n<div class=\"teasers\">\n\n\n<div class=\"su-posts su-posts-teaser-loop teasers\">\n\n\t\t\t\t\t\t\n\t\t\t\n\t\t\t<div id=\"su-post-4930\" class=\"su-post \">\n\t\t\t\t\t\t\t\t\t<a class=\"su-post-thumbnail\" href=\"https:\/\/stadtteilschule-eidelstedt.hamburg.de\/?page_id=4930\"><img loading=\"lazy\" decoding=\"async\" width=\"2016\" height=\"1512\" src=\"https:\/\/stadtteilschule-eidelstedt.hamburg.de\/wp-content\/uploads\/sites\/726\/2022\/02\/IMG_1574.jpg\" class=\"attachment-post-thumbnail size-post-thumbnail wp-post-image\" alt=\"\" srcset=\"https:\/\/stadtteilschule-eidelstedt.hamburg.de\/wp-content\/uploads\/sites\/726\/2022\/02\/IMG_1574.jpg 2016w, https:\/\/stadtteilschule-eidelstedt.hamburg.de\/wp-content\/uploads\/sites\/726\/2022\/02\/IMG_1574-300x225.jpg 300w, https:\/\/stadtteilschule-eidelstedt.hamburg.de\/wp-content\/uploads\/sites\/726\/2022\/02\/IMG_1574-1024x768.jpg 1024w, https:\/\/stadtteilschule-eidelstedt.hamburg.de\/wp-content\/uploads\/sites\/726\/2022\/02\/IMG_1574-768x576.jpg 768w, https:\/\/stadtteilschule-eidelstedt.hamburg.de\/wp-content\/uploads\/sites\/726\/2022\/02\/IMG_1574-1536x1152.jpg 1536w\" sizes=\"auto, 100vw\" \/><\/a>\n\t\t\t\t\t\t\t\t<h2 class=\"su-post-title\"><a href=\"https:\/\/stadtteilschule-eidelstedt.hamburg.de\/?page_id=4930\">Kooperationen<\/a><\/h2>\n\t\t\t<\/div>\n\n\t\t\t\t\t\n\t\t\t\n\t\t\t<div id=\"su-post-56\" class=\"su-post \">\n\t\t\t\t\t\t\t\t\t<a class=\"su-post-thumbnail\" href=\"https:\/\/stadtteilschule-eidelstedt.hamburg.de\/?page_id=56\"><img loading=\"lazy\" decoding=\"async\" width=\"1536\" height=\"2048\" src=\"https:\/\/stadtteilschule-eidelstedt.hamburg.de\/wp-content\/uploads\/sites\/726\/2018\/10\/IMG_1098_reduziert.jpg\" class=\"attachment-post-thumbnail size-post-thumbnail wp-post-image\" alt=\"\" srcset=\"https:\/\/stadtteilschule-eidelstedt.hamburg.de\/wp-content\/uploads\/sites\/726\/2018\/10\/IMG_1098_reduziert.jpg 1536w, https:\/\/stadtteilschule-eidelstedt.hamburg.de\/wp-content\/uploads\/sites\/726\/2018\/10\/IMG_1098_reduziert-225x300.jpg 225w, https:\/\/stadtteilschule-eidelstedt.hamburg.de\/wp-content\/uploads\/sites\/726\/2018\/10\/IMG_1098_reduziert-768x1024.jpg 768w\" sizes=\"auto, 100vw\" \/><\/a>\n\t\t\t\t\t\t\t\t<h2 class=\"su-post-title\"><a href=\"https:\/\/stadtteilschule-eidelstedt.hamburg.de\/?page_id=56\">Veranstaltungen<\/a><\/h2>\n\t\t\t<\/div>\n\n\t\t\t\t\t\n\t\t\t\n\t\t\t<div id=\"su-post-57\" class=\"su-post \">\n\t\t\t\t\t\t\t\t\t<a class=\"su-post-thumbnail\" href=\"https:\/\/stadtteilschule-eidelstedt.hamburg.de\/?page_id=57\"><img loading=\"lazy\" decoding=\"async\" width=\"2560\" height=\"1920\" src=\"https:\/\/stadtteilschule-eidelstedt.hamburg.de\/wp-content\/uploads\/sites\/726\/2024\/01\/2F7A3221-scaled.jpg\" class=\"attachment-post-thumbnail size-post-thumbnail wp-post-image\" alt=\"\" srcset=\"https:\/\/stadtteilschule-eidelstedt.hamburg.de\/wp-content\/uploads\/sites\/726\/2024\/01\/2F7A3221-scaled.jpg 2560w, https:\/\/stadtteilschule-eidelstedt.hamburg.de\/wp-content\/uploads\/sites\/726\/2024\/01\/2F7A3221-300x225.jpg 300w, https:\/\/stadtteilschule-eidelstedt.hamburg.de\/wp-content\/uploads\/sites\/726\/2024\/01\/2F7A3221-1024x768.jpg 1024w, https:\/\/stadtteilschule-eidelstedt.hamburg.de\/wp-content\/uploads\/sites\/726\/2024\/01\/2F7A3221-768x576.jpg 768w, https:\/\/stadtteilschule-eidelstedt.hamburg.de\/wp-content\/uploads\/sites\/726\/2024\/01\/2F7A3221-1536x1152.jpg 1536w, https:\/\/stadtteilschule-eidelstedt.hamburg.de\/wp-content\/uploads\/sites\/726\/2024\/01\/2F7A3221-2048x1536.jpg 2048w\" sizes=\"auto, 100vw\" \/><\/a>\n\t\t\t\t\t\t\t\t<h2 class=\"su-post-title\"><a href=\"https:\/\/stadtteilschule-eidelstedt.hamburg.de\/?page_id=57\">Musik f\u00fcr Sch\u00fcler:innen<\/a><\/h2>\n\t\t\t<\/div>\n\n\t\t\t\n<\/div>\n\n<div>&nbsp;<\/div>\n<\/div>\n","protected":false},"excerpt":{"rendered":"<p>Kulturelle Bildung &#8230; &#8230; umfasst die vielf\u00e4ltigen \u00e4sthetisch-k\u00fcnstlerischen Zugangsweisen zur Welt. &#8230; er\u00f6ffnet Kindern und Jugendlichen Zug\u00e4nge zu Kunst und Kultur. &#8230; ist unverzichtbar f\u00fcr die Pers\u00f6nlichkeitsentwicklung. &#8230; ist Teil der Allgemeinbildung. &#8230; vermittelt \u00e4sthetische, k\u00fcnstlerische und fach\u00fcbergreifende Kompetenzen. &#8230; erm\u00f6glicht kreative und individuelle Lernwege. Die Teilhabe an Kunst und Kultur ist fester Bestandteil des &hellip; <\/p>\n<p class=\"link-more\"><a href=\"https:\/\/stadtteilschule-eidelstedt.hamburg.de\/?page_id=57\" class=\"more-link\"><span class=\"screen-reader-text\">\u201eMusik f\u00fcr Sch\u00fcler:innen\u201c <\/span>weiterlesen<\/a><\/p>\n","protected":false},"author":898,"featured_media":6144,"parent":11,"menu_order":50,"comment_status":"closed","ping_status":"closed","template":"","meta":{"_acf_changed":false,"footnotes":""},"class_list":["post-8","page","type-page","status-publish","has-post-thumbnail","hentry"],"acf":[],"_links":{"self":[{"href":"https:\/\/stadtteilschule-eidelstedt.hamburg.de\/index.php?rest_route=\/wp\/v2\/pages\/8","targetHints":{"allow":["GET"]}}],"collection":[{"href":"https:\/\/stadtteilschule-eidelstedt.hamburg.de\/index.php?rest_route=\/wp\/v2\/pages"}],"about":[{"href":"https:\/\/stadtteilschule-eidelstedt.hamburg.de\/index.php?rest_route=\/wp\/v2\/types\/page"}],"author":[{"embeddable":true,"href":"https:\/\/stadtteilschule-eidelstedt.hamburg.de\/index.php?rest_route=\/wp\/v2\/users\/898"}],"replies":[{"embeddable":true,"href":"https:\/\/stadtteilschule-eidelstedt.hamburg.de\/index.php?rest_route=%2Fwp%2Fv2%2Fcomments&post=8"}],"version-history":[{"count":9,"href":"https:\/\/stadtteilschule-eidelstedt.hamburg.de\/index.php?rest_route=\/wp\/v2\/pages\/8\/revisions"}],"predecessor-version":[{"id":6972,"href":"https:\/\/stadtteilschule-eidelstedt.hamburg.de\/index.php?rest_route=\/wp\/v2\/pages\/8\/revisions\/6972"}],"up":[{"embeddable":true,"href":"https:\/\/stadtteilschule-eidelstedt.hamburg.de\/index.php?rest_route=\/wp\/v2\/pages\/11"}],"wp:featuredmedia":[{"embeddable":true,"href":"https:\/\/stadtteilschule-eidelstedt.hamburg.de\/index.php?rest_route=\/wp\/v2\/media\/6144"}],"wp:attachment":[{"href":"https:\/\/stadtteilschule-eidelstedt.hamburg.de\/index.php?rest_route=%2Fwp%2Fv2%2Fmedia&parent=8"}],"curies":[{"name":"wp","href":"https:\/\/api.w.org\/{rel}","templated":true}]}}