{"id":8102,"date":"2025-02-20T08:56:36","date_gmt":"2025-02-20T07:56:36","guid":{"rendered":"https:\/\/stadtteilschule-eidelstedt.hamburg.de\/?page_id=8102"},"modified":"2025-02-20T08:59:13","modified_gmt":"2025-02-20T07:59:13","slug":"schulverein-kontaktformular","status":"publish","type":"page","link":"https:\/\/stadtteilschule-eidelstedt.hamburg.de\/?page_id=8102","title":{"rendered":"Schulverein (Kontaktformular)"},"content":{"rendered":"<p>&nbsp;<\/p>\n<p>Hallo, sch\u00f6n, dass Sie den Schulverein kontaktieren m\u00f6chten!<\/p>\n<p>Wir freuen uns \u00fcber Ihr Interesse an unserer Arbeit. Egal, ob Sie Fragen haben, Anregungen teilen m\u00f6chten oder uns unterst\u00fctzen wollen \u2013 wir sind f\u00fcr Sie da. Nutzen Sie einfach das Kontaktformular, und wir melden uns so schnell wie m\u00f6glich bei Ihnen.<\/p>\n<p>Wir freuen uns auf Ihre Nachricht!<\/p>\n<p><span style=\"font-size: 1rem\">\n<div class=\"wpcf7 no-js\" id=\"wpcf7-f8101-o1\" lang=\"de-DE\" dir=\"ltr\" data-wpcf7-id=\"8101\">\n<div class=\"screen-reader-response\"><p role=\"status\" aria-live=\"polite\" aria-atomic=\"true\"><\/p> <ul><\/ul><\/div>\n<form  action=\"\/index.php?rest_route=%2Fwp%2Fv2%2Fpages%2F8102#wpcf7-f8101-o1\" method=\"post\" class=\"wpcf7-form init\" aria-label=\"Kontaktformular\" novalidate=\"novalidate\" data-status=\"init\"><p><stong><a target=\"_blank\" class=\"privacy-policy-link\" href=\"https:\/\/schulhomepages.hamburg.de\/?page_id=2954\">Datenschutzerkl\u00e4rung<\/a><\/strong><\/p>\n\n<fieldset class=\"hidden-fields-container\"><input type=\"hidden\" name=\"_wpcf7\" value=\"8101\" \/><input type=\"hidden\" name=\"_wpcf7_version\" value=\"6.1.5\" \/><input type=\"hidden\" name=\"_wpcf7_locale\" value=\"de_DE\" \/><input type=\"hidden\" name=\"_wpcf7_unit_tag\" value=\"wpcf7-f8101-o1\" \/><input type=\"hidden\" name=\"_wpcf7_container_post\" value=\"0\" \/><input type=\"hidden\" name=\"_wpcf7_posted_data_hash\" value=\"\" \/>\n<\/fieldset>\n<p><label> Ihr Name<br \/>\n<span class=\"wpcf7-form-control-wrap\" data-name=\"your-name\"><input size=\"40\" maxlength=\"400\" class=\"wpcf7-form-control wpcf7-text wpcf7-validates-as-required\" autocomplete=\"name\" aria-required=\"true\" aria-invalid=\"false\" value=\"\" type=\"text\" name=\"your-name\" \/><\/span> <\/label>\n<\/p>\n<p><label> Ihre E-Mail-Adresse<br \/>\n<span class=\"wpcf7-form-control-wrap\" data-name=\"your-email\"><input size=\"40\" maxlength=\"400\" class=\"wpcf7-form-control wpcf7-email wpcf7-validates-as-required wpcf7-text wpcf7-validates-as-email\" autocomplete=\"email\" aria-required=\"true\" aria-invalid=\"false\" value=\"\" type=\"email\" name=\"your-email\" \/><\/span> <\/label>\n<\/p>\n<p><label> Nachricht an den Schulverein:<br \/>\n<span class=\"wpcf7-form-control-wrap\" data-name=\"your-message\"><textarea cols=\"40\" rows=\"10\" maxlength=\"2000\" class=\"wpcf7-form-control wpcf7-textarea\" aria-invalid=\"false\" name=\"your-message\"><\/textarea><\/span> <\/label>\n<\/p>\n<p><input class=\"wpcf7-form-control wpcf7-submit has-spinner\" type=\"submit\" value=\"Senden\" \/>\n<\/p><div class=\"wpcf7-response-output\" aria-hidden=\"true\"><\/div>\n<\/form>\n<\/div>\n<\/span><\/p>\n","protected":false},"excerpt":{"rendered":"<p>&nbsp; Hallo, sch\u00f6n, dass Sie den Schulverein kontaktieren m\u00f6chten! Wir freuen uns \u00fcber Ihr Interesse an unserer Arbeit. Egal, ob Sie Fragen haben, Anregungen teilen m\u00f6chten oder uns unterst\u00fctzen wollen \u2013 wir sind f\u00fcr Sie da. Nutzen Sie einfach das Kontaktformular, und wir melden uns so schnell wie m\u00f6glich bei Ihnen. Wir freuen uns auf &hellip; <\/p>\n<p class=\"link-more\"><a href=\"https:\/\/stadtteilschule-eidelstedt.hamburg.de\/?page_id=8102\" class=\"more-link\"><span class=\"screen-reader-text\">\u201eSchulverein (Kontaktformular)\u201c <\/span>weiterlesen<\/a><\/p>\n","protected":false},"author":958,"featured_media":0,"parent":0,"menu_order":0,"comment_status":"closed","ping_status":"closed","template":"","meta":{"_acf_changed":false,"footnotes":""},"class_list":["post-8102","page","type-page","status-publish","hentry"],"acf":[],"_links":{"self":[{"href":"https:\/\/stadtteilschule-eidelstedt.hamburg.de\/index.php?rest_route=\/wp\/v2\/pages\/8102","targetHints":{"allow":["GET"]}}],"collection":[{"href":"https:\/\/stadtteilschule-eidelstedt.hamburg.de\/index.php?rest_route=\/wp\/v2\/pages"}],"about":[{"href":"https:\/\/stadtteilschule-eidelstedt.hamburg.de\/index.php?rest_route=\/wp\/v2\/types\/page"}],"author":[{"embeddable":true,"href":"https:\/\/stadtteilschule-eidelstedt.hamburg.de\/index.php?rest_route=\/wp\/v2\/users\/958"}],"replies":[{"embeddable":true,"href":"https:\/\/stadtteilschule-eidelstedt.hamburg.de\/index.php?rest_route=%2Fwp%2Fv2%2Fcomments&post=8102"}],"version-history":[{"count":3,"href":"https:\/\/stadtteilschule-eidelstedt.hamburg.de\/index.php?rest_route=\/wp\/v2\/pages\/8102\/revisions"}],"predecessor-version":[{"id":8106,"href":"https:\/\/stadtteilschule-eidelstedt.hamburg.de\/index.php?rest_route=\/wp\/v2\/pages\/8102\/revisions\/8106"}],"wp:attachment":[{"href":"https:\/\/stadtteilschule-eidelstedt.hamburg.de\/index.php?rest_route=%2Fwp%2Fv2%2Fmedia&parent=8102"}],"curies":[{"name":"wp","href":"https:\/\/api.w.org\/{rel}","templated":true}]}}