{"id":8504,"date":"2025-10-14T20:40:14","date_gmt":"2025-10-14T18:40:14","guid":{"rendered":"https:\/\/stadtteilschule-eidelstedt.hamburg.de\/?page_id=8504"},"modified":"2026-02-18T22:15:13","modified_gmt":"2026-02-18T21:15:13","slug":"schulbuero","status":"publish","type":"page","link":"https:\/\/stadtteilschule-eidelstedt.hamburg.de\/?page_id=8504","title":{"rendered":"Schulb\u00fcro"},"content":{"rendered":"<div class=\"su-row\"><div class=\"su-column su-column-size-1-4\"><div class=\"su-column-inner su-u-clearfix su-u-trim\">\n<p><img loading=\"lazy\" decoding=\"async\" class=\"alignnone wp-image-8419 size-medium\" src=\"https:\/\/stadtteilschule-eidelstedt.hamburg.de\/wp-content\/uploads\/sites\/726\/2025\/09\/Platzhalter-Avatar-200x300.png\" alt=\"\" width=\"200\" height=\"300\" srcset=\"https:\/\/stadtteilschule-eidelstedt.hamburg.de\/wp-content\/uploads\/sites\/726\/2025\/09\/Platzhalter-Avatar-200x300.png 200w, https:\/\/stadtteilschule-eidelstedt.hamburg.de\/wp-content\/uploads\/sites\/726\/2025\/09\/Platzhalter-Avatar.png 534w\" sizes=\"auto, (max-width: 200px) 100vw, 200px\" \/><\/p>\n<\/div><\/div><div class=\"su-column su-column-size-3-4\"><div class=\"su-column-inner su-u-clearfix su-u-trim\">\n<p><strong>Verwaltungsleitung<\/strong><br \/>\nMichaela Wei\u00df<br \/>\nTel. 040 428 796 &#8211; 0<\/p>\n<p><a href=\"mailto:michaela.weiss@bsfb.hamburg.de\">michaela.weiss@bsfb.hamburg.de<\/a><\/p>\n<\/div><\/div><\/div>\n<div class=\"su-row\"><div class=\"su-column su-column-size-1-4\"><div class=\"su-column-inner su-u-clearfix su-u-trim\">\n<p><strong><img loading=\"lazy\" decoding=\"async\" class=\"alignnone wp-image-8585 size-medium\" src=\"https:\/\/stadtteilschule-eidelstedt.hamburg.de\/wp-content\/uploads\/sites\/726\/2025\/12\/13110512-200x300.jpg\" alt=\"\" width=\"200\" height=\"300\" srcset=\"https:\/\/stadtteilschule-eidelstedt.hamburg.de\/wp-content\/uploads\/sites\/726\/2025\/12\/13110512-200x300.jpg 200w, https:\/\/stadtteilschule-eidelstedt.hamburg.de\/wp-content\/uploads\/sites\/726\/2025\/12\/13110512.jpg 400w\" sizes=\"auto, (max-width: 200px) 100vw, 200px\" \/><\/strong><\/p>\n<\/div><\/div><div class=\"su-column su-column-size-3-4\"><div class=\"su-column-inner su-u-clearfix su-u-trim\">\n<p><strong>B\u00fcroleitung<\/strong><br \/>\nNi\u011fda \u00d6zt\u00fcrk<br \/>\nTel. 040 428 796 &#8211; 0<\/p>\n<p><a class=\"mail\" title=\"Opens window for sending email\" href=\"mailto:nigda.oeztuerk@bsfb.hamburg.de\">nigda.oeztuerk@bsfb.hamburg.de<\/a><\/p>\n<\/div><\/div><\/div>\n<div class=\"su-row\"><div class=\"su-column su-column-size-1-4\"><div class=\"su-column-inner su-u-clearfix su-u-trim\">\n<p><strong><img loading=\"lazy\" decoding=\"async\" class=\"alignnone wp-image-8707 size-medium\" src=\"https:\/\/stadtteilschule-eidelstedt.hamburg.de\/wp-content\/uploads\/sites\/726\/2026\/02\/Ahrens-Viktoria-homepage-1-200x300.jpg\" alt=\"\" width=\"200\" height=\"300\" srcset=\"https:\/\/stadtteilschule-eidelstedt.hamburg.de\/wp-content\/uploads\/sites\/726\/2026\/02\/Ahrens-Viktoria-homepage-1-200x300.jpg 200w, https:\/\/stadtteilschule-eidelstedt.hamburg.de\/wp-content\/uploads\/sites\/726\/2026\/02\/Ahrens-Viktoria-homepage-1.jpg 534w\" sizes=\"auto, (max-width: 200px) 100vw, 200px\" \/><\/strong><\/p>\n<\/div><\/div><div class=\"su-column su-column-size-3-4\"><div class=\"su-column-inner su-u-clearfix su-u-trim\">\n<p><strong>Schulb\u00fcro Lohkampstra\u00dfe<\/strong><br \/>\nViktoria Ahrens<br \/>\nTel. 040 428 796 &#8211; 0<\/p>\n<p><a class=\"mail\" title=\"Opens window for sending email\" href=\"mailto:viktoria.ahrens@bsfb.hamburg.de\">viktoria.ahrens@bsfb.hamburg.de<\/a><\/p>\n<\/div><\/div><\/div>\n<div class=\"su-row\"><div class=\"su-column su-column-size-1-4\"><div class=\"su-column-inner su-u-clearfix su-u-trim\">\n<p><strong><img loading=\"lazy\" decoding=\"async\" class=\"alignnone wp-image-8586 size-medium\" src=\"https:\/\/stadtteilschule-eidelstedt.hamburg.de\/wp-content\/uploads\/sites\/726\/2025\/12\/13110559-200x300.jpg\" alt=\"\" width=\"200\" height=\"300\" srcset=\"https:\/\/stadtteilschule-eidelstedt.hamburg.de\/wp-content\/uploads\/sites\/726\/2025\/12\/13110559-200x300.jpg 200w, https:\/\/stadtteilschule-eidelstedt.hamburg.de\/wp-content\/uploads\/sites\/726\/2025\/12\/13110559.jpg 400w\" sizes=\"auto, (max-width: 200px) 100vw, 200px\" \/><\/strong><\/p>\n<\/div><\/div><div class=\"su-column su-column-size-3-4\"><div class=\"su-column-inner su-u-clearfix su-u-trim\">\n<p><strong>Schulb\u00fcro Niekampsweg<\/strong><br \/>\nBianca Verch<br \/>\nTel. 040 428 796 &#8211; 300<\/p>\n<p><a class=\"mail\" title=\"Opens window for sending email\" href=\"mailto:bianca.verch@bsfb.hamburg.de\">bianca.verch@bsfb.hamburg.de<\/a><\/p>\n<\/div><\/div><\/div>\n<div class=\"su-row\"><div class=\"su-column su-column-size-1-4\"><div class=\"su-column-inner su-u-clearfix su-u-trim\">\n<p><img loading=\"lazy\" decoding=\"async\" class=\"alignnone wp-image-8588 size-medium\" src=\"https:\/\/stadtteilschule-eidelstedt.hamburg.de\/wp-content\/uploads\/sites\/726\/2025\/12\/13110436-200x300.jpg\" alt=\"\" width=\"200\" height=\"300\" srcset=\"https:\/\/stadtteilschule-eidelstedt.hamburg.de\/wp-content\/uploads\/sites\/726\/2025\/12\/13110436-200x300.jpg 200w, https:\/\/stadtteilschule-eidelstedt.hamburg.de\/wp-content\/uploads\/sites\/726\/2025\/12\/13110436.jpg 400w\" sizes=\"auto, (max-width: 200px) 100vw, 200px\" \/><\/p>\n<\/div><\/div><div class=\"su-column su-column-size-3-4\"><div class=\"su-column-inner su-u-clearfix su-u-trim\">\n<p><strong>Schulb\u00fcro Niekampsweg<\/strong><br \/>\nJenni Boll<br \/>\nTel. 040 428 796 &#8211; 300<\/p>\n<p><a class=\"mail\" title=\"Opens window for sending email\" href=\"mailto:jenni.boll@bsfb.hamburg.de\">jenni.boll@bsfb.hamburg.de<\/a><\/p>\n<\/div><\/div><\/div>\n<p>&nbsp;<\/p>\n<p>&nbsp;<\/p>\n<p>&nbsp;<\/p>\n","protected":false},"excerpt":{"rendered":"<p>&nbsp; &nbsp; &nbsp;<\/p>\n","protected":false},"author":1983,"featured_media":0,"parent":2,"menu_order":90,"comment_status":"closed","ping_status":"closed","template":"","meta":{"_acf_changed":false,"footnotes":""},"class_list":["post-8504","page","type-page","status-publish","hentry"],"acf":[],"_links":{"self":[{"href":"https:\/\/stadtteilschule-eidelstedt.hamburg.de\/index.php?rest_route=\/wp\/v2\/pages\/8504","targetHints":{"allow":["GET"]}}],"collection":[{"href":"https:\/\/stadtteilschule-eidelstedt.hamburg.de\/index.php?rest_route=\/wp\/v2\/pages"}],"about":[{"href":"https:\/\/stadtteilschule-eidelstedt.hamburg.de\/index.php?rest_route=\/wp\/v2\/types\/page"}],"author":[{"embeddable":true,"href":"https:\/\/stadtteilschule-eidelstedt.hamburg.de\/index.php?rest_route=\/wp\/v2\/users\/1983"}],"replies":[{"embeddable":true,"href":"https:\/\/stadtteilschule-eidelstedt.hamburg.de\/index.php?rest_route=%2Fwp%2Fv2%2Fcomments&post=8504"}],"version-history":[{"count":11,"href":"https:\/\/stadtteilschule-eidelstedt.hamburg.de\/index.php?rest_route=\/wp\/v2\/pages\/8504\/revisions"}],"predecessor-version":[{"id":8710,"href":"https:\/\/stadtteilschule-eidelstedt.hamburg.de\/index.php?rest_route=\/wp\/v2\/pages\/8504\/revisions\/8710"}],"up":[{"embeddable":true,"href":"https:\/\/stadtteilschule-eidelstedt.hamburg.de\/index.php?rest_route=\/wp\/v2\/pages\/2"}],"wp:attachment":[{"href":"https:\/\/stadtteilschule-eidelstedt.hamburg.de\/index.php?rest_route=%2Fwp%2Fv2%2Fmedia&parent=8504"}],"curies":[{"name":"wp","href":"https:\/\/api.w.org\/{rel}","templated":true}]}}