{"id":898,"date":"2018-12-13T16:55:49","date_gmt":"2018-12-13T15:55:49","guid":{"rendered":"http:\/\/stadtteilschule-eidelstedt.hamburg.de\/?page_id=898"},"modified":"2026-01-21T21:58:29","modified_gmt":"2026-01-21T20:58:29","slug":"impressum","status":"publish","type":"page","link":"https:\/\/stadtteilschule-eidelstedt.hamburg.de\/?page_id=898","title":{"rendered":"Impressum"},"content":{"rendered":"<h2><span style=\"color: #008daa\">Leitzahl: 245\/5083<\/span><\/h2>\n<p><strong>Schulleitung<\/strong><br \/>\nHenriette Jacobsen<br \/>\nLohkampstra\u00dfe 145<br \/>\n22523 Hamburg<br \/>\nTelefon: 040\/428796-210<br \/>\nTelefax: 040\/428796-230<br \/>\n<a style=\"font-size: 1rem\" href=\"mailto:henriette.jacobsen@bsfb.hamburg.de\">E-Mail: Henriette Jacobsen<\/a><span style=\"font-size: 1rem\">&nbsp;&nbsp;<\/span><\/p>\n<p><strong>Administrator der Website<\/strong><br \/>\n<a href=\"mailto:baturay@stsei.de\">E-Mail<\/a><\/p>\n<p><strong>Redakteurin der Website<\/strong><br \/>\n<a href=\"mailto:baturay@stsei.de\">E-Mail<\/a><br \/>\n&nbsp;<\/p>\n<p>Das Layout der Homepage, die verwendeten Grafiken sowie Beitr\u00e4ge und Bilder sind urheberrechtlich gesch\u00fctzt. Jede Verwertung au\u00dferhalb der Grenzen des Urheberrechtsgesetzes ist ohne Genehmigung unzul\u00e4ssig.<\/p>\n<p>&nbsp;<\/p>\n<p><span style=\"color: #008daa\"><strong>Haftungsausschluss<\/strong><\/span><br \/>\nDie Informationen, die Sie auf diesem Internetauftritt vorfinden, wurden nach bestem Wissen und Gewissen sorgf\u00e4ltig zusammengestellt und gepr\u00fcft. Es wird jedoch keine Gew\u00e4hr &#8211; weder ausdr\u00fccklich noch stillschweigend &#8211; f\u00fcr die Vollst\u00e4ndigkeit, Richtigkeit, Aktualit\u00e4t oder Qualit\u00e4t und jederzeitige Verf\u00fcgbarkeit der bereit gestellten Informationen \u00fcbernommen. In keinem Fall wird f\u00fcr Sch\u00e4den, die sich aus der Verwendung der abgerufenen Informationen ergeben, eine Haftung \u00fcbernommen.<\/p>\n<p><span style=\"color: #008daa\"><strong>Internetseiten dritter Anbieter \/ Links<\/strong><\/span><br \/>\nDiese Internetseite enth\u00e4lt auch Links oder Verweise auf Internetauftritte Dritter. Diese Links zu den Internetauftritten Dritter stellen keine Zustimmung zu deren Inhalten durch den Herausgeber dar. Es wird keine Verantwortung f\u00fcr die Verf\u00fcgbarkeit oder den Inhalt solcher Internetauftritte \u00fcbernommen und keine Haftung f\u00fcr Sch\u00e4den oder Verletzungen, die aus der Nutzung &#8211; gleich welcher Art &#8211; solcher Inhalte entstehen. Mit den Links zu anderen Internetauftritten wird den Nutzern lediglich der Zugang zur Nutzung der Inhalte vermittelt. F\u00fcr illegale, fehlerhafte oder unvollst\u00e4ndige Inhalte und f\u00fcr Sch\u00e4den, die aus der Nutzung entstehen, haftet allein der Anbieter der Seite, auf welche verwiesen wurde.<\/p>\n","protected":false},"excerpt":{"rendered":"<p>Leitzahl: 245\/5083 Schulleitung Henriette Jacobsen Lohkampstra\u00dfe 145 22523 Hamburg Telefon: 040\/428796-210 Telefax: 040\/428796-230 E-Mail: Henriette Jacobsen&nbsp;&nbsp; Administrator der Website E-Mail Redakteurin der Website E-Mail &nbsp; Das Layout der Homepage, die verwendeten Grafiken sowie Beitr\u00e4ge und Bilder sind urheberrechtlich gesch\u00fctzt. Jede Verwertung au\u00dferhalb der Grenzen des Urheberrechtsgesetzes ist ohne Genehmigung unzul\u00e4ssig. &nbsp; Haftungsausschluss Die Informationen, die &hellip; <\/p>\n<p class=\"link-more\"><a href=\"https:\/\/stadtteilschule-eidelstedt.hamburg.de\/?page_id=898\" class=\"more-link\"><span class=\"screen-reader-text\">\u201eImpressum\u201c <\/span>weiterlesen<\/a><\/p>\n","protected":false},"author":898,"featured_media":0,"parent":0,"menu_order":50,"comment_status":"closed","ping_status":"closed","template":"","meta":{"_acf_changed":false,"footnotes":""},"class_list":["post-898","page","type-page","status-publish","hentry"],"acf":[],"_links":{"self":[{"href":"https:\/\/stadtteilschule-eidelstedt.hamburg.de\/index.php?rest_route=\/wp\/v2\/pages\/898","targetHints":{"allow":["GET"]}}],"collection":[{"href":"https:\/\/stadtteilschule-eidelstedt.hamburg.de\/index.php?rest_route=\/wp\/v2\/pages"}],"about":[{"href":"https:\/\/stadtteilschule-eidelstedt.hamburg.de\/index.php?rest_route=\/wp\/v2\/types\/page"}],"author":[{"embeddable":true,"href":"https:\/\/stadtteilschule-eidelstedt.hamburg.de\/index.php?rest_route=\/wp\/v2\/users\/898"}],"replies":[{"embeddable":true,"href":"https:\/\/stadtteilschule-eidelstedt.hamburg.de\/index.php?rest_route=%2Fwp%2Fv2%2Fcomments&post=898"}],"version-history":[{"count":6,"href":"https:\/\/stadtteilschule-eidelstedt.hamburg.de\/index.php?rest_route=\/wp\/v2\/pages\/898\/revisions"}],"predecessor-version":[{"id":8670,"href":"https:\/\/stadtteilschule-eidelstedt.hamburg.de\/index.php?rest_route=\/wp\/v2\/pages\/898\/revisions\/8670"}],"wp:attachment":[{"href":"https:\/\/stadtteilschule-eidelstedt.hamburg.de\/index.php?rest_route=%2Fwp%2Fv2%2Fmedia&parent=898"}],"curies":[{"name":"wp","href":"https:\/\/api.w.org\/{rel}","templated":true}]}}