{"id":9,"date":"2018-08-24T12:39:05","date_gmt":"2018-08-24T10:39:05","guid":{"rendered":"http:\/\/stadtteilschule-eidelstedt.schulhomepages.hamburg.de\/?page_id=9"},"modified":"2025-12-05T19:24:04","modified_gmt":"2025-12-05T18:24:04","slug":"verantwortung","status":"publish","type":"page","link":"https:\/\/stadtteilschule-eidelstedt.hamburg.de\/?page_id=9","title":{"rendered":"Verantwortung"},"content":{"rendered":"<h2>Wie wir Verantwortung \u00fcbernehmen<\/h2>\n<p>Nur wer fr\u00fch lernt, Verantwortung zu \u00fcbernehmen, wird sp\u00e4ter ein wichtiges und verl\u00e4ssliches Mitglied unserer demokratischen Gesellschaft sein k\u00f6nnen. Deshalb versuchen wir, unsere Sch\u00fclerinnen und Sch\u00fcler m\u00f6glichst vielf\u00e4ltig an Verantwortung heranzuf\u00fchren.<\/p>\n<p><strong>Verantwortung f\u00fcr sich selbst<\/strong><\/p>\n<p>Jedes Kind ist f\u00fcr seinen eigenen Lernprozess verantwortlich. Es ist wichtig zu wissen, wie man lernt, was beim Lernen hilft und was st\u00f6rt. Es ist wichtig, sein Lernen selbst zu organisieren. Jedes Projekt, jede Pr\u00e4sentation, jedes gr\u00f6\u00dfere Vorhaben im Unterricht verlangt eine Reflexion \u00fcber den eigenen Lernprozess. Im Selbstst\u00e4ndigen Lernen treffen die Sch\u00fclerinnen und Sch\u00fcler Entscheidungen \u00fcber Lernangebote, Lernniveaus, setzen Schwerpunkte und entscheiden selbst, wie und mit wem sie am besten arbeiten k\u00f6nnen.<\/p>\n<p><strong>Verantwortung f\u00fcreinander<\/strong><\/p>\n<p>Jeder Sch\u00fcler und jede Sch\u00fclerin ist ein wichtiger Bestandteil der Klassengemeinschaft. Hier werden Regeln gesetzt und eingehalten, wird eine Gespr\u00e4chskultur entwickelt, Akzeptanz und Toleranz ge\u00fcbt. Im w\u00f6chentlichen Klassenrat wird um die L\u00f6sung von Konflikten gerungen und der individuelle Wille mit den W\u00fcnschen der anderen abgestimmt. In den Klassen gilt ein achtsamer Umgang miteinander. Sie engagieren sich in vielf\u00e4ltiger Art und Weise: Als Klassen- und Schulsprecher, als Streitschlichter, als Schulsanit\u00e4ter, in Projekten f\u00fcr die Klasse und die Schule.<\/p>\n<p><strong>Verantwortung in der Einen Welt \u2013 interkulturelles Lernen<\/strong><\/p>\n<p>In einem gleichberechtigten Dialog lernen Sch\u00fclerinnen und Sch\u00fcler u.a. durch den Sch\u00fcleraustausch mit unserer Partnerschule in Vreden Dal \/S\u00fcdafrika Gleichaltrige aus anderen Kulturen als begabte K\u00fcnstler*innen und Partner*innen kennen, mit denen es viele Gemeinsamkeiten zu finden gibt. Gemeinsam k\u00f6nnen die Jugendlichen neue Perspektiven entdecken, Wissen \u00fcber globale Zusammenh\u00e4nge aufbauen und Motivation f\u00fcr eigenes zukunftsf\u00e4higes Handeln erwerben.&nbsp;<\/p>\n<p><strong>Verantwortung f\u00fcr die Umwelt<\/strong><\/p>\n<p>Wir wollen umsichtig und nachhaltig mit unserer Umwelt umgehen. Dazu trennen wir unseren M\u00fcll und bem\u00fchen uns darum, Energie zu sparen. Unser Ziel ist es, zum Klimaschutz beizutragen, indem wir alle aktiv mit einbeziehen: Sch\u00fclerinnen und Sch\u00fcler, Lehrkr\u00e4fte, unseren Hausmeister, Eltern, die Mitarbeiter\/-innen aus dem Sekretariat und der Schulk\u00fcche und auch die Reinigungskr\u00e4fte. Wir machen Klimaschutz zum f\u00e4cher\u00fcbergreifenden Gegenstand des Lernens und sind dadurch motiviert, in der Schule und im Alltag klimafreundlicher zu handeln. Dabei verstehen wir Klimaschutz im Kontext einer Bildung f\u00fcr eine nachhaltige Entwicklung und betten unsere Klimaschutzbem\u00fchungen in den Bereich Globales Lernen und Klimagerechtigkeit ein. Uns ist es wichtig, dass unsere Sch\u00fclerinnen und Sch\u00fcler ein Bewusstsein f\u00fcr globale Zusammenh\u00e4nge entwickeln und Gestaltungskompetenz f\u00fcr eine Ver\u00e4nderung der momentanen Situation erhalten.<\/p>\n<p>&nbsp;<\/p>\n<p>&nbsp;<\/p>\n<div class=\"teasers\">\n\n\n<div class=\"su-posts su-posts-teaser-loop teasers\">\n\n\t\t\t\t\t\t\n\t\t\t\n\t\t\t<div id=\"su-post-4407\" class=\"su-post \">\n\t\t\t\t\t\t\t\t\t<a class=\"su-post-thumbnail\" href=\"https:\/\/stadtteilschule-eidelstedt.hamburg.de\/?page_id=4407\"><img loading=\"lazy\" decoding=\"async\" width=\"640\" height=\"426\" src=\"https:\/\/stadtteilschule-eidelstedt.hamburg.de\/wp-content\/uploads\/sites\/726\/2021\/11\/Verantwortung-Gemueseanbau-Kopie-Cropped.jpg\" class=\"attachment-post-thumbnail size-post-thumbnail wp-post-image\" alt=\"\" srcset=\"https:\/\/stadtteilschule-eidelstedt.hamburg.de\/wp-content\/uploads\/sites\/726\/2021\/11\/Verantwortung-Gemueseanbau-Kopie-Cropped.jpg 640w, https:\/\/stadtteilschule-eidelstedt.hamburg.de\/wp-content\/uploads\/sites\/726\/2021\/11\/Verantwortung-Gemueseanbau-Kopie-Cropped-300x200.jpg 300w\" sizes=\"auto, 100vw\" \/><\/a>\n\t\t\t\t\t\t\t\t<h2 class=\"su-post-title\"><a href=\"https:\/\/stadtteilschule-eidelstedt.hamburg.de\/?page_id=4407\">Schulgarten<\/a><\/h2>\n\t\t\t<\/div>\n\n\t\t\t\t\t\n\t\t\t\n\t\t\t<div id=\"su-post-59\" class=\"su-post \">\n\t\t\t\t\t\t\t\t\t<a class=\"su-post-thumbnail\" href=\"https:\/\/stadtteilschule-eidelstedt.hamburg.de\/?page_id=59\"><img loading=\"lazy\" decoding=\"async\" width=\"543\" height=\"480\" src=\"https:\/\/stadtteilschule-eidelstedt.hamburg.de\/wp-content\/uploads\/sites\/726\/2022\/02\/0-allg.-zum-Thema.jpeg\" class=\"attachment-post-thumbnail size-post-thumbnail wp-post-image\" alt=\"\" srcset=\"https:\/\/stadtteilschule-eidelstedt.hamburg.de\/wp-content\/uploads\/sites\/726\/2022\/02\/0-allg.-zum-Thema.jpeg 543w, https:\/\/stadtteilschule-eidelstedt.hamburg.de\/wp-content\/uploads\/sites\/726\/2022\/02\/0-allg.-zum-Thema-300x265.jpeg 300w\" sizes=\"auto, 100vw\" \/><\/a>\n\t\t\t\t\t\t\t\t<h2 class=\"su-post-title\"><a href=\"https:\/\/stadtteilschule-eidelstedt.hamburg.de\/?page_id=59\">Wir sind Klimaschule<\/a><\/h2>\n\t\t\t<\/div>\n\n\t\t\t\t\t\n\t\t\t\n\t\t\t<div id=\"su-post-60\" class=\"su-post \">\n\t\t\t\t\t\t\t\t\t<a class=\"su-post-thumbnail\" href=\"https:\/\/stadtteilschule-eidelstedt.hamburg.de\/?page_id=60\"><img loading=\"lazy\" decoding=\"async\" width=\"600\" height=\"400\" src=\"https:\/\/stadtteilschule-eidelstedt.hamburg.de\/wp-content\/uploads\/sites\/726\/2022\/06\/image.jpeg\" class=\"attachment-post-thumbnail size-post-thumbnail wp-post-image\" alt=\"\" srcset=\"https:\/\/stadtteilschule-eidelstedt.hamburg.de\/wp-content\/uploads\/sites\/726\/2022\/06\/image.jpeg 600w, https:\/\/stadtteilschule-eidelstedt.hamburg.de\/wp-content\/uploads\/sites\/726\/2022\/06\/image-300x200.jpeg 300w\" sizes=\"auto, 100vw\" \/><\/a>\n\t\t\t\t\t\t\t\t<h2 class=\"su-post-title\"><a href=\"https:\/\/stadtteilschule-eidelstedt.hamburg.de\/?page_id=60\">Partnerschule S\u00fcdafrika<\/a><\/h2>\n\t\t\t<\/div>\n\n\t\t\t\t\t\n\t\t\t\n\t\t\t<div id=\"su-post-61\" class=\"su-post \">\n\t\t\t\t\t\t\t\t\t<a class=\"su-post-thumbnail\" href=\"https:\/\/stadtteilschule-eidelstedt.hamburg.de\/?page_id=61\"><img loading=\"lazy\" decoding=\"async\" width=\"2048\" height=\"1366\" src=\"https:\/\/stadtteilschule-eidelstedt.hamburg.de\/wp-content\/uploads\/sites\/726\/2018\/10\/Fu\u2560\u00ear-die-Zukunft_reduziert.jpg\" class=\"attachment-post-thumbnail size-post-thumbnail wp-post-image\" alt=\"\" srcset=\"https:\/\/stadtteilschule-eidelstedt.hamburg.de\/wp-content\/uploads\/sites\/726\/2018\/10\/Fu\u2560\u00ear-die-Zukunft_reduziert.jpg 2048w, https:\/\/stadtteilschule-eidelstedt.hamburg.de\/wp-content\/uploads\/sites\/726\/2018\/10\/Fu\u2560\u00ear-die-Zukunft_reduziert-300x200.jpg 300w, https:\/\/stadtteilschule-eidelstedt.hamburg.de\/wp-content\/uploads\/sites\/726\/2018\/10\/Fu\u2560\u00ear-die-Zukunft_reduziert-768x512.jpg 768w, https:\/\/stadtteilschule-eidelstedt.hamburg.de\/wp-content\/uploads\/sites\/726\/2018\/10\/Fu\u2560\u00ear-die-Zukunft_reduziert-1024x683.jpg 1024w, https:\/\/stadtteilschule-eidelstedt.hamburg.de\/wp-content\/uploads\/sites\/726\/2018\/10\/Fu\u2560\u00ear-die-Zukunft_reduziert-272x182.jpg 272w\" sizes=\"auto, 100vw\" \/><\/a>\n\t\t\t\t\t\t\t\t<h2 class=\"su-post-title\"><a href=\"https:\/\/stadtteilschule-eidelstedt.hamburg.de\/?page_id=61\">Bewegung und Gesundheit<\/a><\/h2>\n\t\t\t<\/div>\n\n\t\t\t\n<\/div>\n\n<div>&nbsp;<\/div>\n<\/div>\n<p>&nbsp;<\/p>\n","protected":false},"excerpt":{"rendered":"<p>Wie wir Verantwortung \u00fcbernehmen Nur wer fr\u00fch lernt, Verantwortung zu \u00fcbernehmen, wird sp\u00e4ter ein wichtiges und verl\u00e4ssliches Mitglied unserer demokratischen Gesellschaft sein k\u00f6nnen. Deshalb versuchen wir, unsere Sch\u00fclerinnen und Sch\u00fcler m\u00f6glichst vielf\u00e4ltig an Verantwortung heranzuf\u00fchren. Verantwortung f\u00fcr sich selbst Jedes Kind ist f\u00fcr seinen eigenen Lernprozess verantwortlich. Es ist wichtig zu wissen, wie man lernt, &hellip; <\/p>\n<p class=\"link-more\"><a href=\"https:\/\/stadtteilschule-eidelstedt.hamburg.de\/?page_id=61\" class=\"more-link\"><span class=\"screen-reader-text\">\u201eBewegung und Gesundheit\u201c <\/span>weiterlesen<\/a><\/p>\n","protected":false},"author":898,"featured_media":8592,"parent":11,"menu_order":60,"comment_status":"closed","ping_status":"closed","template":"","meta":{"_acf_changed":false,"footnotes":""},"class_list":["post-9","page","type-page","status-publish","has-post-thumbnail","hentry"],"acf":[],"_links":{"self":[{"href":"https:\/\/stadtteilschule-eidelstedt.hamburg.de\/index.php?rest_route=\/wp\/v2\/pages\/9","targetHints":{"allow":["GET"]}}],"collection":[{"href":"https:\/\/stadtteilschule-eidelstedt.hamburg.de\/index.php?rest_route=\/wp\/v2\/pages"}],"about":[{"href":"https:\/\/stadtteilschule-eidelstedt.hamburg.de\/index.php?rest_route=\/wp\/v2\/types\/page"}],"author":[{"embeddable":true,"href":"https:\/\/stadtteilschule-eidelstedt.hamburg.de\/index.php?rest_route=\/wp\/v2\/users\/898"}],"replies":[{"embeddable":true,"href":"https:\/\/stadtteilschule-eidelstedt.hamburg.de\/index.php?rest_route=%2Fwp%2Fv2%2Fcomments&post=9"}],"version-history":[{"count":7,"href":"https:\/\/stadtteilschule-eidelstedt.hamburg.de\/index.php?rest_route=\/wp\/v2\/pages\/9\/revisions"}],"predecessor-version":[{"id":8594,"href":"https:\/\/stadtteilschule-eidelstedt.hamburg.de\/index.php?rest_route=\/wp\/v2\/pages\/9\/revisions\/8594"}],"up":[{"embeddable":true,"href":"https:\/\/stadtteilschule-eidelstedt.hamburg.de\/index.php?rest_route=\/wp\/v2\/pages\/11"}],"wp:featuredmedia":[{"embeddable":true,"href":"https:\/\/stadtteilschule-eidelstedt.hamburg.de\/index.php?rest_route=\/wp\/v2\/media\/8592"}],"wp:attachment":[{"href":"https:\/\/stadtteilschule-eidelstedt.hamburg.de\/index.php?rest_route=%2Fwp%2Fv2%2Fmedia&parent=9"}],"curies":[{"name":"wp","href":"https:\/\/api.w.org\/{rel}","templated":true}]}}